{"id":703584,"date":"2025-08-27T15:27:05","date_gmt":"2025-08-27T12:27:05","guid":{"rendered":"https:\/\/roveyayinevi.com.tr\/index.php\/urun\/musluman-olmak-alman-kalmak-yeni-avrupada-millet-din-ve-din-degistirme\/"},"modified":"2026-04-16T02:12:40","modified_gmt":"2026-04-15T23:12:40","slug":"musluman-olmak-alman-kalmak-yeni-avrupada-millet-din-ve-din-degistirme","status":"publish","type":"product","link":"https:\/\/roveyayinevi.com.tr\/index.php\/urun\/musluman-olmak-alman-kalmak-yeni-avrupada-millet-din-ve-din-degistirme\/","title":{"rendered":"M\u00fcsl\u00fcman Olmak Alman Kalmak: Yeni Avrupa&#8217;da Millet, Din ve Din De\u011fi\u015ftirme"},"content":{"rendered":"<p>\u0130sl\u00e2miyet\u2019in Bat\u0131 d\u00fcnyas\u0131ndaki varl\u0131\u011f\u0131, uzun s\u00fcredir tart\u0131\u015f\u0131l\u0131yor. 11 Eyl\u00fcl\u2019den sonra \u201cter\u00f6r tehdidi\u201d etraf\u0131nda olu\u015fan g\u00fcvenlik teyakkuzu ve \u0130slamofobi, bu tart\u0131\u015fman\u0131n \u00f6ne \u00e7\u0131kan ama g\u00f6r\u00fc\u015f\u00fc karartan bir cephesi. Avrupa\u2019da M\u00fcsl\u00fcman g\u00f6\u00e7men topluluklar\u0131n\u0131n artan n\u00fcfusu ve etkinli\u011fi, daha geni\u015f ve derin bir sosyolojik ilginin konusu. Bir de, M\u00fcsl\u00fcmanl\u0131\u011f\u0131 se\u00e7en, \u0130slam\u2019a ge\u00e7en Bat\u0131l\u0131lar var. <\/p>\n","protected":false},"excerpt":{"rendered":"<p>\u0130sl\u00e2miyet\u2019in Bat\u0131 d\u00fcnyas\u0131ndaki varl\u0131\u011f\u0131, uzun s\u00fcredir tart\u0131\u015f\u0131l\u0131yor. 11 Eyl\u00fcl\u2019den sonra \u201cter\u00f6r tehdidi\u201d etraf\u0131nda olu\u015fan g\u00fcvenlik teyakkuzu ve \u0130slamofobi, bu tart\u0131\u015fman\u0131n \u00f6ne \u00e7\u0131kan ama g\u00f6r\u00fc\u015f\u00fc karartan bir<span class=\"excerpt-hellip\"> [\u2026]<\/span><\/p>\n","protected":false},"featured_media":0,"template":"","meta":{"_monsterinsights_skip_tracking":false,"_monsterinsights_sitenote_active":false,"_monsterinsights_sitenote_note":"","_monsterinsights_sitenote_category":0},"product_brand":[],"product_cat":[13590,12337],"product_tag":[],"class_list":{"0":"post-703584","1":"product","2":"type-product","3":"status-publish","5":"product_cat-arastirma-inceleme-politika-siyaset","6":"product_cat-politika-siyaset","7":"pa_cilt-ciltsiz","8":"pa_tur-kitap","9":"pa_yayinevi-iletisim-yayinlari","10":"pa_yazar-esra-ozyurek","12":"first","13":"instock","14":"sale","15":"shipping-taxable","16":"purchasable","17":"product-type-simple"},"_links":{"self":[{"href":"https:\/\/roveyayinevi.com.tr\/index.php\/wp-json\/wp\/v2\/product\/703584","targetHints":{"allow":["GET"]}}],"collection":[{"href":"https:\/\/roveyayinevi.com.tr\/index.php\/wp-json\/wp\/v2\/product"}],"about":[{"href":"https:\/\/roveyayinevi.com.tr\/index.php\/wp-json\/wp\/v2\/types\/product"}],"wp:attachment":[{"href":"https:\/\/roveyayinevi.com.tr\/index.php\/wp-json\/wp\/v2\/media?parent=703584"}],"wp:term":[{"taxonomy":"product_brand","embeddable":true,"href":"https:\/\/roveyayinevi.com.tr\/index.php\/wp-json\/wp\/v2\/product_brand?post=703584"},{"taxonomy":"product_cat","embeddable":true,"href":"https:\/\/roveyayinevi.com.tr\/index.php\/wp-json\/wp\/v2\/product_cat?post=703584"},{"taxonomy":"product_tag","embeddable":true,"href":"https:\/\/roveyayinevi.com.tr\/index.php\/wp-json\/wp\/v2\/product_tag?post=703584"}],"curies":[{"name":"wp","href":"https:\/\/api.w.org\/{rel}","templated":true}]}}