{"id":703583,"date":"2025-08-27T15:27:04","date_gmt":"2025-08-27T12:27:04","guid":{"rendered":"https:\/\/roveyayinevi.com.tr\/index.php\/urun\/weimar-cumhuriyetinin-kisa-tarihi\/"},"modified":"2026-04-16T02:12:40","modified_gmt":"2026-04-15T23:12:40","slug":"weimar-cumhuriyetinin-kisa-tarihi","status":"publish","type":"product","link":"https:\/\/roveyayinevi.com.tr\/index.php\/urun\/weimar-cumhuriyetinin-kisa-tarihi\/","title":{"rendered":"Weimar Cumhuriyeti&#8217;nin K\u0131sa Tarihi"},"content":{"rendered":"<p>Weimar Cumhuriyeti, Birinci D\u00fcnya Sava\u015f\u0131\u2019n\u0131n biti\u015finden Hitler\u2019in iktidara geli\u015fine kadar varl\u0131\u011f\u0131n\u0131 s\u00fcrd\u00fcren Alman demokrasi deneyiminin ad\u0131 olarak tarihe ge\u00e7ti. 1933\u2019e gelindi\u011finde sava\u015f, yenilgi, devrim, kar\u015f\u0131 devrim, hiperenflasyon, yabanc\u0131 i\u015fgali, i\u015fsizlik ve sokaklarda \u015fiddet vard\u0131. Oysa ayn\u0131 d\u00f6nem i\u00e7inde Weimar deneyimi sanat, k\u00fclt\u00fcr, edebiyat, bilim ve toplumsal cinsiyet alanlar\u0131nda sonraki ku\u015faklar\u0131n yarat\u0131c\u0131l\u0131\u011f\u0131n\u0131 ve entelekt\u00fcel d\u00fcnyas\u0131n\u0131 besleyecek muazzam \u00f6rnekleri de yaratm\u0131\u015ft\u0131. Bu nedenle Weimar Cumhuriyeti, cumhuriyete sahip \u00e7\u0131kan cumhuriyet\u00e7ilerle demokrasiye inanan birey ve kurumlar\u0131n eksikli\u011finin nelere mal oldu\u011funu g\u00f6steren en \u00f6nemli \u00f6rneklerden birisidir. \ufffcTan\u0131t\u0131m Metni<\/p>\n","protected":false},"excerpt":{"rendered":"<p>Weimar Cumhuriyeti, Birinci D\u00fcnya Sava\u015f\u0131\u2019n\u0131n biti\u015finden Hitler\u2019in iktidara geli\u015fine kadar varl\u0131\u011f\u0131n\u0131 s\u00fcrd\u00fcren Alman demokrasi deneyiminin ad\u0131 olarak tarihe ge\u00e7ti. 1933\u2019e gelindi\u011finde sava\u015f, yenilgi, devrim, kar\u015f\u0131 devrim,<span class=\"excerpt-hellip\"> [\u2026]<\/span><\/p>\n","protected":false},"featured_media":0,"template":"","meta":{"_monsterinsights_skip_tracking":false,"_monsterinsights_sitenote_active":false,"_monsterinsights_sitenote_note":"","_monsterinsights_sitenote_category":0},"product_brand":[],"product_cat":[12305,12304],"product_tag":[],"class_list":{"0":"post-703583","1":"product","2":"type-product","3":"status-publish","5":"product_cat-dunya-tarihi","6":"product_cat-tarih","7":"pa_cilt-ciltsiz","8":"pa_tur-kitap","9":"pa_yayinevi-iletisim-yayinlari","10":"pa_yazar-colin-storer","12":"first","13":"instock","14":"sale","15":"shipping-taxable","16":"purchasable","17":"product-type-simple"},"_links":{"self":[{"href":"https:\/\/roveyayinevi.com.tr\/index.php\/wp-json\/wp\/v2\/product\/703583","targetHints":{"allow":["GET"]}}],"collection":[{"href":"https:\/\/roveyayinevi.com.tr\/index.php\/wp-json\/wp\/v2\/product"}],"about":[{"href":"https:\/\/roveyayinevi.com.tr\/index.php\/wp-json\/wp\/v2\/types\/product"}],"wp:attachment":[{"href":"https:\/\/roveyayinevi.com.tr\/index.php\/wp-json\/wp\/v2\/media?parent=703583"}],"wp:term":[{"taxonomy":"product_brand","embeddable":true,"href":"https:\/\/roveyayinevi.com.tr\/index.php\/wp-json\/wp\/v2\/product_brand?post=703583"},{"taxonomy":"product_cat","embeddable":true,"href":"https:\/\/roveyayinevi.com.tr\/index.php\/wp-json\/wp\/v2\/product_cat?post=703583"},{"taxonomy":"product_tag","embeddable":true,"href":"https:\/\/roveyayinevi.com.tr\/index.php\/wp-json\/wp\/v2\/product_tag?post=703583"}],"curies":[{"name":"wp","href":"https:\/\/api.w.org\/{rel}","templated":true}]}}