{"id":703575,"date":"2025-08-27T15:27:00","date_gmt":"2025-08-27T12:27:00","guid":{"rendered":"https:\/\/roveyayinevi.com.tr\/index.php\/urun\/bilim-adamlarimiz-serisi-ahi-evran\/"},"modified":"2026-04-16T02:12:40","modified_gmt":"2026-04-15T23:12:40","slug":"bilim-adamlarimiz-serisi-ahi-evran","status":"publish","type":"product","link":"https:\/\/roveyayinevi.com.tr\/index.php\/urun\/bilim-adamlarimiz-serisi-ahi-evran\/","title":{"rendered":"Bilim Adamlar\u0131m\u0131z Serisi : Ahi Evran"},"content":{"rendered":"<p>\u00dcnl\u00fc T\u00fcrk bilgini, iktisat\u00e7\u0131, sanatkar ve Ahi Te\u015fkilat\u0131\u2019n\u0131n kurucusu Ahi Evran, Azerbaycan&#8217;\u0131n Hoy \u015fehrinde do\u011fmu\u015f, 1172-1262 y\u0131llar\u0131 aras\u0131nda ya\u015fam\u0131\u015ft\u0131r. Ahi Evren&#8217;in as\u0131l ad\u0131 \u201cNasir\u00fcddin Eb\u00fc&#8217;l Hakay\u0131k Mahmud B. Ahmed\u201ddir. Ahi Evran, ilk e\u011fitimini do\u011fum yeri olan Azerbaycan&#8217;\u0131n Hoy \u015fehrinde ald\u0131ktan sonra, Horasan&#8217;a giderek \u00fcnl\u00fc alimlerden Fahreddin Razi&#8217;den Fen Bilimlerini, Felsefe ve Kuran-\u0131 Kerim tefsirlerini \u00f6\u011frenmi\u015ftir. \ufffcTan\u0131t\u0131m Metni<\/p>\n","protected":false},"excerpt":{"rendered":"<p>\u00dcnl\u00fc T\u00fcrk bilgini, iktisat\u00e7\u0131, sanatkar ve Ahi Te\u015fkilat\u0131\u2019n\u0131n kurucusu Ahi Evran, Azerbaycan&#8217;\u0131n Hoy \u015fehrinde do\u011fmu\u015f, 1172-1262 y\u0131llar\u0131 aras\u0131nda ya\u015fam\u0131\u015ft\u0131r. Ahi Evren&#8217;in as\u0131l ad\u0131 \u201cNasir\u00fcddin Eb\u00fc&#8217;l Hakay\u0131k<span class=\"excerpt-hellip\"> [\u2026]<\/span><\/p>\n","protected":false},"featured_media":0,"template":"","meta":{"_monsterinsights_skip_tracking":false,"_monsterinsights_sitenote_active":false,"_monsterinsights_sitenote_note":"","_monsterinsights_sitenote_category":0},"product_brand":[],"product_cat":[12370,12304],"product_tag":[],"class_list":{"0":"post-703575","1":"product","2":"type-product","3":"status-publish","5":"product_cat-arastirma-inceleme","6":"product_cat-tarih","7":"pa_tur-kitap","8":"pa_yayinevi-parola-yayinlari","9":"pa_yazar-ali-kuzu","11":"first","12":"instock","13":"sale","14":"shipping-taxable","15":"purchasable","16":"product-type-simple"},"_links":{"self":[{"href":"https:\/\/roveyayinevi.com.tr\/index.php\/wp-json\/wp\/v2\/product\/703575","targetHints":{"allow":["GET"]}}],"collection":[{"href":"https:\/\/roveyayinevi.com.tr\/index.php\/wp-json\/wp\/v2\/product"}],"about":[{"href":"https:\/\/roveyayinevi.com.tr\/index.php\/wp-json\/wp\/v2\/types\/product"}],"wp:attachment":[{"href":"https:\/\/roveyayinevi.com.tr\/index.php\/wp-json\/wp\/v2\/media?parent=703575"}],"wp:term":[{"taxonomy":"product_brand","embeddable":true,"href":"https:\/\/roveyayinevi.com.tr\/index.php\/wp-json\/wp\/v2\/product_brand?post=703575"},{"taxonomy":"product_cat","embeddable":true,"href":"https:\/\/roveyayinevi.com.tr\/index.php\/wp-json\/wp\/v2\/product_cat?post=703575"},{"taxonomy":"product_tag","embeddable":true,"href":"https:\/\/roveyayinevi.com.tr\/index.php\/wp-json\/wp\/v2\/product_tag?post=703575"}],"curies":[{"name":"wp","href":"https:\/\/api.w.org\/{rel}","templated":true}]}}