{"id":703574,"date":"2025-08-27T15:27:00","date_gmt":"2025-08-27T12:27:00","guid":{"rendered":"https:\/\/roveyayinevi.com.tr\/index.php\/urun\/enrichetto-cosimo-ve-arkadaslari-macera-pesinde\/"},"modified":"2026-04-16T02:12:40","modified_gmt":"2026-04-15T23:12:40","slug":"enrichetto-cosimo-ve-arkadaslari-macera-pesinde","status":"publish","type":"product","link":"https:\/\/roveyayinevi.com.tr\/index.php\/urun\/enrichetto-cosimo-ve-arkadaslari-macera-pesinde\/","title":{"rendered":"Enrichetto Cosimo ve Arkada\u015flar\u0131 Macera Pe\u015finde"},"content":{"rendered":"<p>Herkese merhaba,Ben Enrichetto Cosimo, arkada\u015flar\u0131m Beatrice ve Polletti ile birlikte Japonya&#8217;da ya\u015fad\u0131\u011f\u0131m\u0131z inan\u0131lmaz olaylar\u0131 anlatan bu unutulmaz kitab\u0131n kahraman\u0131. (Bu arada Carlo Fontis evde kald\u0131.) Ho\u015f\u00e7a kal\u0131n. Az daha unutuyordum: Ben Enrichetto Cosimo!<\/p>\n","protected":false},"excerpt":{"rendered":"<p>Herkese merhaba,Ben Enrichetto Cosimo, arkada\u015flar\u0131m Beatrice ve Polletti ile birlikte Japonya&#8217;da ya\u015fad\u0131\u011f\u0131m\u0131z inan\u0131lmaz olaylar\u0131 anlatan bu unutulmaz kitab\u0131n kahraman\u0131. (Bu arada Carlo Fontis evde kald\u0131.) Ho\u015f\u00e7a<span class=\"excerpt-hellip\"> [\u2026]<\/span><\/p>\n","protected":false},"featured_media":0,"template":"","meta":{"_monsterinsights_skip_tracking":false,"_monsterinsights_sitenote_active":false,"_monsterinsights_sitenote_note":"","_monsterinsights_sitenote_category":0},"product_brand":[],"product_cat":[12274,12284],"product_tag":[],"class_list":{"0":"post-703574","1":"product","2":"type-product","3":"status-publish","5":"product_cat-cocuk-ve-genclik-kitaplari","6":"product_cat-hikayeler","7":"pa_cilt-ciltsiz","8":"pa_tur-kitap","9":"pa_yayinevi-pegasus-yayinlari","10":"pa_yazar-luca-raffaelli","12":"first","13":"instock","14":"sale","15":"shipping-taxable","16":"purchasable","17":"product-type-simple"},"_links":{"self":[{"href":"https:\/\/roveyayinevi.com.tr\/index.php\/wp-json\/wp\/v2\/product\/703574","targetHints":{"allow":["GET"]}}],"collection":[{"href":"https:\/\/roveyayinevi.com.tr\/index.php\/wp-json\/wp\/v2\/product"}],"about":[{"href":"https:\/\/roveyayinevi.com.tr\/index.php\/wp-json\/wp\/v2\/types\/product"}],"wp:attachment":[{"href":"https:\/\/roveyayinevi.com.tr\/index.php\/wp-json\/wp\/v2\/media?parent=703574"}],"wp:term":[{"taxonomy":"product_brand","embeddable":true,"href":"https:\/\/roveyayinevi.com.tr\/index.php\/wp-json\/wp\/v2\/product_brand?post=703574"},{"taxonomy":"product_cat","embeddable":true,"href":"https:\/\/roveyayinevi.com.tr\/index.php\/wp-json\/wp\/v2\/product_cat?post=703574"},{"taxonomy":"product_tag","embeddable":true,"href":"https:\/\/roveyayinevi.com.tr\/index.php\/wp-json\/wp\/v2\/product_tag?post=703574"}],"curies":[{"name":"wp","href":"https:\/\/api.w.org\/{rel}","templated":true}]}}