{"id":703572,"date":"2025-08-27T15:26:59","date_gmt":"2025-08-27T12:26:59","guid":{"rendered":"https:\/\/roveyayinevi.com.tr\/index.php\/urun\/haci-bektas-veli\/"},"modified":"2026-04-16T02:12:40","modified_gmt":"2026-04-15T23:12:40","slug":"haci-bektas-veli","status":"publish","type":"product","link":"https:\/\/roveyayinevi.com.tr\/index.php\/urun\/haci-bektas-veli\/","title":{"rendered":"Hac\u0131 Bekta\u015f Veli"},"content":{"rendered":"<p>Ben H\u00fcnkar Hac\u0131 Bekta\u015f; binlerce g\u00fcvercin olup G\u00fcne\u015fin do\u011fdu\u011fu \u00fclkenin d\u00f6rt bir y\u00f6n\u00fcne savrularak insanl\u0131\u011fa bula\u015fan kan\u0131, ak kanatlar\u0131mla silmek i\u00e7in ya\u015f\u0131yorum, ya\u015fayaca\u011f\u0131m\u2026 <\/p>\n","protected":false},"excerpt":{"rendered":"<p>Ben H\u00fcnkar Hac\u0131 Bekta\u015f; binlerce g\u00fcvercin olup G\u00fcne\u015fin do\u011fdu\u011fu \u00fclkenin d\u00f6rt bir y\u00f6n\u00fcne savrularak insanl\u0131\u011fa bula\u015fan kan\u0131, ak kanatlar\u0131mla silmek i\u00e7in ya\u015f\u0131yorum, ya\u015fayaca\u011f\u0131m\u2026<\/p>\n","protected":false},"featured_media":0,"template":"","meta":{"_monsterinsights_skip_tracking":false,"_monsterinsights_sitenote_active":false,"_monsterinsights_sitenote_note":"","_monsterinsights_sitenote_category":0},"product_brand":[],"product_cat":[12718,18102,12719],"product_tag":[],"class_list":{"0":"post-703572","1":"product","2":"type-product","3":"status-publish","5":"product_cat-din","6":"product_cat-edebiyat-roman","7":"product_cat-islam","8":"pa_tur-kitap","9":"pa_yayinevi-atac-yayinlari","10":"pa_yazar-durali-yilmaz","12":"first","13":"instock","14":"sale","15":"shipping-taxable","16":"purchasable","17":"product-type-simple"},"_links":{"self":[{"href":"https:\/\/roveyayinevi.com.tr\/index.php\/wp-json\/wp\/v2\/product\/703572","targetHints":{"allow":["GET"]}}],"collection":[{"href":"https:\/\/roveyayinevi.com.tr\/index.php\/wp-json\/wp\/v2\/product"}],"about":[{"href":"https:\/\/roveyayinevi.com.tr\/index.php\/wp-json\/wp\/v2\/types\/product"}],"wp:attachment":[{"href":"https:\/\/roveyayinevi.com.tr\/index.php\/wp-json\/wp\/v2\/media?parent=703572"}],"wp:term":[{"taxonomy":"product_brand","embeddable":true,"href":"https:\/\/roveyayinevi.com.tr\/index.php\/wp-json\/wp\/v2\/product_brand?post=703572"},{"taxonomy":"product_cat","embeddable":true,"href":"https:\/\/roveyayinevi.com.tr\/index.php\/wp-json\/wp\/v2\/product_cat?post=703572"},{"taxonomy":"product_tag","embeddable":true,"href":"https:\/\/roveyayinevi.com.tr\/index.php\/wp-json\/wp\/v2\/product_tag?post=703572"}],"curies":[{"name":"wp","href":"https:\/\/api.w.org\/{rel}","templated":true}]}}