{"id":703570,"date":"2025-08-27T15:26:58","date_gmt":"2025-08-27T12:26:58","guid":{"rendered":"https:\/\/roveyayinevi.com.tr\/index.php\/urun\/edgar-allan-poe-butun-oykuleri-2-cilt-takim-iletisim\/"},"modified":"2026-04-16T02:12:40","modified_gmt":"2026-04-15T23:12:40","slug":"edgar-allan-poe-butun-oykuleri-2-cilt-takim-iletisim","status":"publish","type":"product","link":"https:\/\/roveyayinevi.com.tr\/index.php\/urun\/edgar-allan-poe-butun-oykuleri-2-cilt-takim-iletisim\/","title":{"rendered":"Edgar Allan Poe B\u00fct\u00fcn \u00d6yk\u00fcleri (2 Cilt Tak\u0131m) &#8211; \u0130LET\u0130\u015e\u0130M"},"content":{"rendered":"<p>Murat Ba\u015fekim \u00e7evirisi, Franco Moretti\u2019nin \u00f6ns\u00f6z\u00fc, Yazar ve d\u00f6nem kronolojisi, Kitaba dair g\u00f6rsellerle. Edgar Allan Poe, insan ruhunun dehlizlerindeki dillendirilemeyen duygular\u0131, y\u00fczy\u0131llara meydan okuyan bir ustal\u0131kla kaleme al\u0131yor. Amerikan edebiyat\u0131na Gotik t\u00fcr\u00fcn\u00fc tan\u0131tan ve 19. y\u00fczy\u0131ldan bug\u00fcne kadar hem do\u011frudan hem dolayl\u0131 olarak etkisi devam eden Poe\u2019nun \u00f6yk\u00fcleri de hayat\u0131 gibi karanl\u0131kla bezelidir. Korku, gerilim, fantastik kurmaca ve polisiye gibi t\u00fcrlerin temellerinde b\u0131rakt\u0131\u011f\u0131 iz, g\u00fcn\u00fcm\u00fcz kitaplar\u0131n\u0131n pek \u00e7o\u011funun merkezinde ans\u0131z\u0131n belirir. \u201cDeh\u015fet \u00d6yk\u00fcleri\u201d, \u201cGizemli \u00d6yk\u00fcler ve Dedektif \u00d6yk\u00fcleri\u201d ve \u201cPolitik ve Edebi Ta\u015flamalar\u201d ba\u015fl\u0131klar\u0131 alt\u0131nda toplanan \u00f6yk\u00fclerin bu ilk cildinde \u00fcrperti, korku, gerilim gibi insan hayat\u0131ndaki t\u00fcm ilkel i\u00e7g\u00fcd\u00fcler, okuru i\u00e7 d\u00fcnyas\u0131nda g\u00f6rmezden geldi\u011fi, ka\u00e7\u0131nd\u0131\u011f\u0131 y\u00f6nleriyle y\u00fczle\u015ftiriyor. \u201cPoe\u2019yu \u2018S\u0131rad\u0131\u015f\u0131 Ekol\u00fcn\u00fcn Lideri\u2019 olarak adland\u0131rabilirsiniz.\u201d JULES VERNE \u201cPoe\u2019nun sadece kendine has olan ve onu b\u00fct\u00fcn di\u011fer yazarlardan ay\u0131ran \u00f6zelli\u011fi, hayal g\u00fcc\u00fcn\u00fcn ola\u011fan\u00fcst\u00fc geni\u015fli\u011fidir.\u201d DOSTOYEVSK\u0130<\/p>\n","protected":false},"excerpt":{"rendered":"<p>Murat Ba\u015fekim \u00e7evirisi, Franco Moretti\u2019nin \u00f6ns\u00f6z\u00fc, Yazar ve d\u00f6nem kronolojisi, Kitaba dair g\u00f6rsellerle. Edgar Allan Poe, insan ruhunun dehlizlerindeki dillendirilemeyen duygular\u0131, y\u00fczy\u0131llara meydan okuyan bir ustal\u0131kla<span class=\"excerpt-hellip\"> [\u2026]<\/span><\/p>\n","protected":false},"featured_media":0,"template":"","meta":{"_monsterinsights_skip_tracking":false,"_monsterinsights_sitenote_active":false,"_monsterinsights_sitenote_note":"","_monsterinsights_sitenote_category":0},"product_brand":[],"product_cat":[12891,12291],"product_tag":[],"class_list":{"0":"post-703570","1":"product","2":"type-product","3":"status-publish","5":"product_cat-amerikan-edebiyati","6":"product_cat-edebiyat","7":"pa_cilt-ciltsiz","8":"pa_tur-kitap","9":"pa_yayinevi-iletisim-yayinlari","10":"pa_yazar-edgar-allan-poe","12":"first","13":"instock","14":"sale","15":"shipping-taxable","16":"purchasable","17":"product-type-simple"},"_links":{"self":[{"href":"https:\/\/roveyayinevi.com.tr\/index.php\/wp-json\/wp\/v2\/product\/703570","targetHints":{"allow":["GET"]}}],"collection":[{"href":"https:\/\/roveyayinevi.com.tr\/index.php\/wp-json\/wp\/v2\/product"}],"about":[{"href":"https:\/\/roveyayinevi.com.tr\/index.php\/wp-json\/wp\/v2\/types\/product"}],"wp:attachment":[{"href":"https:\/\/roveyayinevi.com.tr\/index.php\/wp-json\/wp\/v2\/media?parent=703570"}],"wp:term":[{"taxonomy":"product_brand","embeddable":true,"href":"https:\/\/roveyayinevi.com.tr\/index.php\/wp-json\/wp\/v2\/product_brand?post=703570"},{"taxonomy":"product_cat","embeddable":true,"href":"https:\/\/roveyayinevi.com.tr\/index.php\/wp-json\/wp\/v2\/product_cat?post=703570"},{"taxonomy":"product_tag","embeddable":true,"href":"https:\/\/roveyayinevi.com.tr\/index.php\/wp-json\/wp\/v2\/product_tag?post=703570"}],"curies":[{"name":"wp","href":"https:\/\/api.w.org\/{rel}","templated":true}]}}