{"id":703568,"date":"2025-08-27T15:26:57","date_gmt":"2025-08-27T12:26:57","guid":{"rendered":"https:\/\/roveyayinevi.com.tr\/index.php\/urun\/karanliktan-isik-yontanlar-1976-2008\/"},"modified":"2026-04-16T02:12:39","modified_gmt":"2026-04-15T23:12:39","slug":"karanliktan-isik-yontanlar-1976-2008","status":"publish","type":"product","link":"https:\/\/roveyayinevi.com.tr\/index.php\/urun\/karanliktan-isik-yontanlar-1976-2008\/","title":{"rendered":"Karanl\u0131ktan I\u015f\u0131k Yontanlar 1976-2008"},"content":{"rendered":"<p>Y\u00fczy\u0131l\u0131m\u0131z, bir \u00f6nceki y\u00fczy\u0131l\u0131n dald\u0131\u011f\u0131 bir uykunun kabusunu g\u00f6r\u00fcyor hala. Sanayi Devrimi\u2019nin, Teknoloji Devrimi\u2019nin yaratt\u0131\u011f\u0131 k\u0131r\u0131lmalar, Sanat\u2019\u0131n ak\u0131\u015f d\u00fczenini alt\u00fcst etmeye yetmi\u015fti: H\u00fcner ve ustal\u0131k h\u0131zla \u201cmakina\u201dn\u0131n h\u0131\u015fm\u0131na u\u011fram\u0131\u015f, foto\u011fraftan sinemaya, ses kay\u0131t ara\u00e7lar\u0131ndan otomobil\u2019e pe\u015fpe\u015fe devreye giren yenilikler, yarat\u0131c\u0131 ki\u015filerin oda\u011f\u0131n\u0131 par\u00e7alamaya yetmi\u015fti. Modernler, i\u015fte bu kav\u015fakta do\u011fdular. Onlar, ba\u015fka bir canl\u0131 t\u00fcr\u00fcn\u00fcn temsilcileri mi say\u0131lmal\u0131yd\u0131lar, ge\u00e7ici bir hastal\u0131\u011f\u0131n sonu\u00e7lar\u0131 m\u0131: Bug\u00fcn bile kesin bir yan\u0131t\u0131na kavu\u015famad\u0131\u011f\u0131m\u0131z, kanat\u0131c\u0131, kan\u0131rt\u0131c\u0131 bir soru. D\u00f6n\u00fcp bakt\u0131\u011f\u0131m\u0131zda, b\u00fct\u00fcn s\u00f6yleyebilece\u011fimiz, bir bak\u0131ma kesinleyebilece\u011fimiz \u015fu: Modernlikle birlikte, bireyin \u201cger\u00e7ek\u201d ile sava\u015f\u0131ma girdi\u011fi tart\u0131\u015f\u0131lmayacak bir olgu. Y\u00fczy\u0131llar boyu yans\u0131tmaya, \u00f6yk\u00fcnmeye, birebir kar\u015f\u0131l\u0131\u011f\u0131n\u0131 aramaya \u00e7al\u0131\u015ft\u0131\u011f\u0131 ger\u00e7e\u011fin kar\u015f\u0131s\u0131nda, art\u0131k onu bozu\u015fturmak, y\u00fcz\u00fcn\u00fcn arkas\u0131ndaki y\u00fcz\u00fc de\u015fifre etmek tutkusuyla duruyordu yarat\u0131c\u0131lar. 20. y\u00fczy\u0131l\u0131n, sanat alan\u0131nda bu programla ba\u015flad\u0131\u011f\u0131n\u0131 s\u00f6ylemek g\u00fc\u00e7 olmasa gerek. <\/p>\n","protected":false},"excerpt":{"rendered":"<p>Y\u00fczy\u0131l\u0131m\u0131z, bir \u00f6nceki y\u00fczy\u0131l\u0131n dald\u0131\u011f\u0131 bir uykunun kabusunu g\u00f6r\u00fcyor hala. Sanayi Devrimi\u2019nin, Teknoloji Devrimi\u2019nin yaratt\u0131\u011f\u0131 k\u0131r\u0131lmalar, Sanat\u2019\u0131n ak\u0131\u015f d\u00fczenini alt\u00fcst etmeye yetmi\u015fti: H\u00fcner ve ustal\u0131k h\u0131zla<span class=\"excerpt-hellip\"> [\u2026]<\/span><\/p>\n","protected":false},"featured_media":0,"template":"","meta":{"_monsterinsights_skip_tracking":false,"_monsterinsights_sitenote_active":false,"_monsterinsights_sitenote_note":"","_monsterinsights_sitenote_category":0},"product_brand":[],"product_cat":[12777,12291],"product_tag":[],"class_list":{"0":"post-703568","1":"product","2":"type-product","3":"status-publish","5":"product_cat-deneme","6":"product_cat-edebiyat","7":"pa_tur-kitap","8":"pa_yayinevi-sel-yayincilik","9":"pa_yazar-enis-batur","11":"first","12":"instock","13":"sale","14":"shipping-taxable","15":"purchasable","16":"product-type-simple"},"_links":{"self":[{"href":"https:\/\/roveyayinevi.com.tr\/index.php\/wp-json\/wp\/v2\/product\/703568","targetHints":{"allow":["GET"]}}],"collection":[{"href":"https:\/\/roveyayinevi.com.tr\/index.php\/wp-json\/wp\/v2\/product"}],"about":[{"href":"https:\/\/roveyayinevi.com.tr\/index.php\/wp-json\/wp\/v2\/types\/product"}],"wp:attachment":[{"href":"https:\/\/roveyayinevi.com.tr\/index.php\/wp-json\/wp\/v2\/media?parent=703568"}],"wp:term":[{"taxonomy":"product_brand","embeddable":true,"href":"https:\/\/roveyayinevi.com.tr\/index.php\/wp-json\/wp\/v2\/product_brand?post=703568"},{"taxonomy":"product_cat","embeddable":true,"href":"https:\/\/roveyayinevi.com.tr\/index.php\/wp-json\/wp\/v2\/product_cat?post=703568"},{"taxonomy":"product_tag","embeddable":true,"href":"https:\/\/roveyayinevi.com.tr\/index.php\/wp-json\/wp\/v2\/product_tag?post=703568"}],"curies":[{"name":"wp","href":"https:\/\/api.w.org\/{rel}","templated":true}]}}