{"id":703565,"date":"2025-08-27T15:26:56","date_gmt":"2025-08-27T12:26:56","guid":{"rendered":"https:\/\/roveyayinevi.com.tr\/index.php\/urun\/yeni-soyadinin-hikayesi-napoli-romanlari-2-kitap\/"},"modified":"2026-04-16T02:12:39","modified_gmt":"2026-04-15T23:12:39","slug":"yeni-soyadinin-hikayesi-napoli-romanlari-2-kitap","status":"publish","type":"product","link":"https:\/\/roveyayinevi.com.tr\/index.php\/urun\/yeni-soyadinin-hikayesi-napoli-romanlari-2-kitap\/","title":{"rendered":"Yeni Soyad\u0131n\u0131n Hikayesi &#8211; Napoli Romanlar\u0131 2. Kitap"},"content":{"rendered":"<p>\u201cFerrante\u2019nin benzeri yok ve bunun nedeni sadece yarat\u0131c\u0131l\u0131\u011f\u0131nda de\u011fil, daha \u00e7ok i\u00e7g\u00fcd\u00fcsel, \u015fiddetli ve \u0131srarl\u0131 d\u00fcr\u00fcstl\u00fc\u011f\u00fcnde yat\u0131yor.\u201d                                                                                    Mirrna Proctor, Bookforum \u201cNapoli Romanlar\u0131\u201dn\u0131n ikinci kitab\u0131 Yeni Soyad\u0131n\u0131n Hik\u00e2yesi&#8217;nde Lila ile Lenu  t\u00fcm zorluklara ra\u011fmen b\u00fcy\u00fcr, geli\u015fir&#8230; Yeni evli, kocas\u0131yla sorunlar ya\u015fayan Lila, aile i\u015finde \u00e7al\u0131\u015fmaya ba\u015flar. Len\u00fc ise hayat\u0131 ve kendisini sorgulayarak e\u011fitimine devam ederken, do\u011fup b\u00fcy\u00fcd\u00fc\u011f\u00fc tutucu ortam\u0131n d\u0131\u015f\u0131na \u00e7\u0131kman\u0131n yollar\u0131n\u0131 aramaktad\u0131r.\u0130ki dostun bir adada ge\u00e7irdikleri yaz tatilinde ya\u015fananlarla t\u00fcm dengeler alt \u00fcst olur. G\u00f6z\u00fcpek ve tutkulu Lila i\u00e7in evlili\u011fin dar kal\u0131plar\u0131na s\u0131\u011fmak gittik\u00e7e g\u00fc\u00e7le\u015firken, Len\u00fc, kendisini bulmak i\u00e7in k\u00f6klerinden kopmay\u0131 g\u00f6ze al\u0131r. A\u015fk ve \u00f6zg\u00fcrl\u00fck; evlilik ve ayr\u0131l\u0131k; k\u0131skan\u00e7l\u0131k, sadakat, dostluk ve annelik\u2026 Gen\u00e7lik d\u00f6neminden yeti\u015fkinli\u011fe do\u011fru yol alan iki gen\u00e7 kad\u0131n, dolu dolu ya\u015famay\u0131 se\u00e7mekle bu duygular\u0131n sarkac\u0131nda gidip gelerek, onlar\u0131 en etkili, en \u015fiddetli halleriyle tecr\u00fcbe eder. \u201cFerrante\u2019nin romanlar\u0131 yo\u011fun, \u015fiddetli bir \u015fekilde ki\u015fisel adeta itirafname gibi.\u201d James Wood, The New Yorker \u201cBu \u00f6ylesine asl\u0131na sadakatle anlat\u0131lm\u0131\u015f bir kad\u0131n hik\u00e2yesi ki g\u00f6zlemle de\u011fil, ancak hissedilerek yaz\u0131labilir.\u201d                                                       Amy Rowland, The New York Times <\/p>\n","protected":false},"excerpt":{"rendered":"<p>\u201cFerrante\u2019nin benzeri yok ve bunun nedeni sadece yarat\u0131c\u0131l\u0131\u011f\u0131nda de\u011fil, daha \u00e7ok i\u00e7g\u00fcd\u00fcsel, \u015fiddetli ve \u0131srarl\u0131 d\u00fcr\u00fcstl\u00fc\u011f\u00fcnde yat\u0131yor.\u201d Mirrna Proctor, Bookforum \u201cNapoli Romanlar\u0131\u201dn\u0131n ikinci kitab\u0131 Yeni Soyad\u0131n\u0131n<span class=\"excerpt-hellip\"> [\u2026]<\/span><\/p>\n","protected":false},"featured_media":0,"template":"","meta":{"_monsterinsights_skip_tracking":false,"_monsterinsights_sitenote_active":false,"_monsterinsights_sitenote_note":"","_monsterinsights_sitenote_category":0},"product_brand":[],"product_cat":[12291,14218],"product_tag":[],"class_list":{"0":"post-703565","1":"product","2":"type-product","3":"status-publish","5":"product_cat-edebiyat","6":"product_cat-italyan-edebiyati","7":"pa_cilt-ciltsiz","8":"pa_tur-kitap","9":"pa_yayinevi-everest-yayinlari","10":"pa_yazar-elena-ferrante","12":"first","13":"instock","14":"sale","15":"shipping-taxable","16":"purchasable","17":"product-type-simple"},"_links":{"self":[{"href":"https:\/\/roveyayinevi.com.tr\/index.php\/wp-json\/wp\/v2\/product\/703565","targetHints":{"allow":["GET"]}}],"collection":[{"href":"https:\/\/roveyayinevi.com.tr\/index.php\/wp-json\/wp\/v2\/product"}],"about":[{"href":"https:\/\/roveyayinevi.com.tr\/index.php\/wp-json\/wp\/v2\/types\/product"}],"wp:attachment":[{"href":"https:\/\/roveyayinevi.com.tr\/index.php\/wp-json\/wp\/v2\/media?parent=703565"}],"wp:term":[{"taxonomy":"product_brand","embeddable":true,"href":"https:\/\/roveyayinevi.com.tr\/index.php\/wp-json\/wp\/v2\/product_brand?post=703565"},{"taxonomy":"product_cat","embeddable":true,"href":"https:\/\/roveyayinevi.com.tr\/index.php\/wp-json\/wp\/v2\/product_cat?post=703565"},{"taxonomy":"product_tag","embeddable":true,"href":"https:\/\/roveyayinevi.com.tr\/index.php\/wp-json\/wp\/v2\/product_tag?post=703565"}],"curies":[{"name":"wp","href":"https:\/\/api.w.org\/{rel}","templated":true}]}}