{"id":703561,"date":"2025-08-27T15:26:54","date_gmt":"2025-08-27T12:26:54","guid":{"rendered":"https:\/\/roveyayinevi.com.tr\/index.php\/urun\/20-yuzyil-turk-halk-sairleri\/"},"modified":"2026-04-16T02:12:39","modified_gmt":"2026-04-15T23:12:39","slug":"20-yuzyil-turk-halk-sairleri","status":"publish","type":"product","link":"https:\/\/roveyayinevi.com.tr\/index.php\/urun\/20-yuzyil-turk-halk-sairleri\/","title":{"rendered":"20. Y\u00fczy\u0131l T\u00fcrk Halk \u015eairleri"},"content":{"rendered":"<p>Bug\u00fcn &#8216;halk edebiyat\u0131&#8217; ad\u0131 alt\u0131nda ve farkl\u0131 bir zeminde ele al\u0131nan edebiyat; bizim, Orta Asya&#8217;da ba\u015flat\u0131p, zenginle\u015ftirerek getirdi\u011fimiz ana edebiyat gelene\u011fimizdir. Halk \u015fiiri ise bu edebiyat\u0131n g\u00fczide ve geni\u015f bir alan\u0131d\u0131r. Halk \u015fiirimiz bir yandan zengin anonim kaynaklardan beslenirken, di\u011fer yandan \u015fairlerimiz de bu alana ferdi olarak \u00f6nemli katk\u0131larda bulunmu\u015flard\u0131r. <\/p>\n","protected":false},"excerpt":{"rendered":"<p>Bug\u00fcn &#8216;halk edebiyat\u0131&#8217; ad\u0131 alt\u0131nda ve farkl\u0131 bir zeminde ele al\u0131nan edebiyat; bizim, Orta Asya&#8217;da ba\u015flat\u0131p, zenginle\u015ftirerek getirdi\u011fimiz ana edebiyat gelene\u011fimizdir. Halk \u015fiiri ise bu edebiyat\u0131n<span class=\"excerpt-hellip\"> [\u2026]<\/span><\/p>\n","protected":false},"featured_media":0,"template":"","meta":{"_monsterinsights_skip_tracking":false,"_monsterinsights_sitenote_active":false,"_monsterinsights_sitenote_note":"","_monsterinsights_sitenote_category":0},"product_brand":[],"product_cat":[12291,12509],"product_tag":[],"class_list":{"0":"post-703561","1":"product","2":"type-product","3":"status-publish","5":"product_cat-edebiyat","6":"product_cat-siir","7":"pa_tur-kitap","8":"pa_yayinevi-otuken-nesriyat","9":"pa_yazar-emir-kalkan","11":"first","12":"instock","13":"sale","14":"shipping-taxable","15":"purchasable","16":"product-type-simple"},"_links":{"self":[{"href":"https:\/\/roveyayinevi.com.tr\/index.php\/wp-json\/wp\/v2\/product\/703561","targetHints":{"allow":["GET"]}}],"collection":[{"href":"https:\/\/roveyayinevi.com.tr\/index.php\/wp-json\/wp\/v2\/product"}],"about":[{"href":"https:\/\/roveyayinevi.com.tr\/index.php\/wp-json\/wp\/v2\/types\/product"}],"wp:attachment":[{"href":"https:\/\/roveyayinevi.com.tr\/index.php\/wp-json\/wp\/v2\/media?parent=703561"}],"wp:term":[{"taxonomy":"product_brand","embeddable":true,"href":"https:\/\/roveyayinevi.com.tr\/index.php\/wp-json\/wp\/v2\/product_brand?post=703561"},{"taxonomy":"product_cat","embeddable":true,"href":"https:\/\/roveyayinevi.com.tr\/index.php\/wp-json\/wp\/v2\/product_cat?post=703561"},{"taxonomy":"product_tag","embeddable":true,"href":"https:\/\/roveyayinevi.com.tr\/index.php\/wp-json\/wp\/v2\/product_tag?post=703561"}],"curies":[{"name":"wp","href":"https:\/\/api.w.org\/{rel}","templated":true}]}}