{"id":703557,"date":"2025-08-27T15:26:52","date_gmt":"2025-08-27T12:26:52","guid":{"rendered":"https:\/\/roveyayinevi.com.tr\/index.php\/urun\/tibetin-genclik-pinari-1-kitap\/"},"modified":"2026-04-16T02:12:39","modified_gmt":"2026-04-15T23:12:39","slug":"tibetin-genclik-pinari-1-kitap","status":"publish","type":"product","link":"https:\/\/roveyayinevi.com.tr\/index.php\/urun\/tibetin-genclik-pinari-1-kitap\/","title":{"rendered":"Tibet\u2019in Gen\u00e7lik P\u0131nar\u0131 1. Kitap"},"content":{"rendered":"<p>YEN\u0130 KE\u015eFED\u0130LEN &#8220;KAYIP B\u00d6L\u00dcM&#8221; \u0130LE GEN\u0130\u015eLET\u0130LM\u0130\u015e ULUSLARARASI BESTSELLER!   &#8220;Gen\u00e7lik P\u0131nar\u0131&#8221;n\u0131n kadim s\u0131rlar\u0131n\u0131 bulmak i\u00e7in uzak ve gizemli Himalaya Da\u011flar\u0131&#8217;na giden bir yolculu\u011fa haz\u0131r m\u0131s\u0131n\u0131z? Binlerce y\u0131l yasak Tibet b\u00f6lgelerinin derinliklerinde gizlenen kay\u0131p manast\u0131r, b\u00fcy\u00fck bir \u00f6zenle korunan gen\u00e7lik s\u0131rr\u0131na sahiptir. Bu s\u0131r, uygulamas\u0131 son derece kolay ama insan\u0131n ya\u015fam\u0131n\u0131 sonsuza dek de\u011fi\u015ftirme g\u00fcc\u00fcne sahip olan be\u015f kadim ayindir. Bu kitap, bu \u00f6zel manast\u0131rda ya\u015fayan Lamalar&#8217;dan \u00f6\u011frenilen ola\u011fan\u00fcst\u00fc s\u0131r hakk\u0131nda yaz\u0131lm\u0131\u015f tek kaynakt\u0131r. Kitapta a\u00e7\u0131klanan be\u015f ayin, herkesin kendini \u00e7ok daha gen\u00e7 hissetmesini ve g\u00f6r\u00fcnmesini, ayn\u0131 zamanda da daha b\u00fcy\u00fck bir canl\u0131l\u0131k kazanmas\u0131n\u0131 sa\u011flayacak g\u00fcce sahiptir. Bu be\u015f ayini her g\u00fcn uygulad\u0131\u011f\u0131n\u0131zda, yaln\u0131zca bir ayl\u0131k \u00e7al\u0131\u015fma sonucunda etkilerini g\u00f6rmeye ba\u015flayacak, on haftal\u0131k \u00e7al\u0131\u015fma sonucunda ise insanlar\u0131n daha gen\u00e7 ve sa\u011fl\u0131kl\u0131 g\u00f6r\u00fcnd\u00fc\u011f\u00fcn\u00fcz konusundaki iltifatlar\u0131n\u0131 duyacaks\u0131n\u0131z.  Zaman\u0131 tersine d\u00f6nd\u00fcrmeye haz\u0131r m\u0131s\u0131n\u0131z? <\/p>\n","protected":false},"excerpt":{"rendered":"<p>YEN\u0130 KE\u015eFED\u0130LEN &#8220;KAYIP B\u00d6L\u00dcM&#8221; \u0130LE GEN\u0130\u015eLET\u0130LM\u0130\u015e ULUSLARARASI BESTSELLER! &#8220;Gen\u00e7lik P\u0131nar\u0131&#8221;n\u0131n kadim s\u0131rlar\u0131n\u0131 bulmak i\u00e7in uzak ve gizemli Himalaya Da\u011flar\u0131&#8217;na giden bir yolculu\u011fa haz\u0131r m\u0131s\u0131n\u0131z? Binlerce y\u0131l<span class=\"excerpt-hellip\"> [\u2026]<\/span><\/p>\n","protected":false},"featured_media":0,"template":"","meta":{"_monsterinsights_skip_tracking":false,"_monsterinsights_sitenote_active":false,"_monsterinsights_sitenote_note":"","_monsterinsights_sitenote_category":0},"product_brand":[],"product_cat":[12364,12376],"product_tag":[],"class_list":{"0":"post-703557","1":"product","2":"type-product","3":"status-publish","5":"product_cat-genel-konular","6":"product_cat-kisisel-gelisim","7":"pa_cilt-ciltsiz","8":"pa_tur-kitap","9":"pa_yayinevi-nemesis-kitap","10":"pa_yazar-peter-kelder","12":"first","13":"instock","14":"sale","15":"shipping-taxable","16":"purchasable","17":"product-type-simple"},"_links":{"self":[{"href":"https:\/\/roveyayinevi.com.tr\/index.php\/wp-json\/wp\/v2\/product\/703557","targetHints":{"allow":["GET"]}}],"collection":[{"href":"https:\/\/roveyayinevi.com.tr\/index.php\/wp-json\/wp\/v2\/product"}],"about":[{"href":"https:\/\/roveyayinevi.com.tr\/index.php\/wp-json\/wp\/v2\/types\/product"}],"wp:attachment":[{"href":"https:\/\/roveyayinevi.com.tr\/index.php\/wp-json\/wp\/v2\/media?parent=703557"}],"wp:term":[{"taxonomy":"product_brand","embeddable":true,"href":"https:\/\/roveyayinevi.com.tr\/index.php\/wp-json\/wp\/v2\/product_brand?post=703557"},{"taxonomy":"product_cat","embeddable":true,"href":"https:\/\/roveyayinevi.com.tr\/index.php\/wp-json\/wp\/v2\/product_cat?post=703557"},{"taxonomy":"product_tag","embeddable":true,"href":"https:\/\/roveyayinevi.com.tr\/index.php\/wp-json\/wp\/v2\/product_tag?post=703557"}],"curies":[{"name":"wp","href":"https:\/\/api.w.org\/{rel}","templated":true}]}}