{"id":703555,"date":"2025-08-27T15:26:51","date_gmt":"2025-08-27T12:26:51","guid":{"rendered":"https:\/\/roveyayinevi.com.tr\/index.php\/urun\/fikri-ruyakaciran-ve-ruya-meyveleri\/"},"modified":"2026-04-16T02:12:39","modified_gmt":"2026-04-15T23:12:39","slug":"fikri-ruyakaciran-ve-ruya-meyveleri","status":"publish","type":"product","link":"https:\/\/roveyayinevi.com.tr\/index.php\/urun\/fikri-ruyakaciran-ve-ruya-meyveleri\/","title":{"rendered":"Fikri R\u00fcyaka\u00e7\u0131ran ve R\u00fcya Meyveleri"},"content":{"rendered":"<p>Fikri R\u00fcyaka\u00e7\u0131ran eskiden hi\u00e7 r\u00fcya g\u00f6remiyordu ancak ge\u00e7en y\u0131l b\u00fcy\u00fck u\u011fra\u015flar ve heyecanl\u0131 bir macera sonucunda r\u00fcyalar\u0131na kavu\u015fmu\u015ftu. Fikri\u2019nin ilk r\u00fcyas\u0131n\u0131 g\u00f6rmesinin \u00fczerinden tam bir y\u0131l ge\u00e7mi\u015fti. Bu zaman i\u00e7inde Fikri bir\u00e7ok r\u00fcya g\u00f6rm\u00fc\u015ft\u00fc. <\/p>\n","protected":false},"excerpt":{"rendered":"<p>Fikri R\u00fcyaka\u00e7\u0131ran eskiden hi\u00e7 r\u00fcya g\u00f6remiyordu ancak ge\u00e7en y\u0131l b\u00fcy\u00fck u\u011fra\u015flar ve heyecanl\u0131 bir macera sonucunda r\u00fcyalar\u0131na kavu\u015fmu\u015ftu. Fikri\u2019nin ilk r\u00fcyas\u0131n\u0131 g\u00f6rmesinin \u00fczerinden tam bir y\u0131l<span class=\"excerpt-hellip\"> [\u2026]<\/span><\/p>\n","protected":false},"featured_media":0,"template":"","meta":{"_monsterinsights_skip_tracking":false,"_monsterinsights_sitenote_active":false,"_monsterinsights_sitenote_note":"","_monsterinsights_sitenote_category":0},"product_brand":[],"product_cat":[12274,12284],"product_tag":[],"class_list":{"0":"post-703555","1":"product","2":"type-product","3":"status-publish","5":"product_cat-cocuk-ve-genclik-kitaplari","6":"product_cat-hikayeler","7":"pa_tur-kitap","8":"pa_yayinevi-kirmizi-kedi-yayinevi","9":"pa_yazar-su-ozdogu","11":"first","12":"instock","13":"sale","14":"shipping-taxable","15":"purchasable","16":"product-type-simple"},"_links":{"self":[{"href":"https:\/\/roveyayinevi.com.tr\/index.php\/wp-json\/wp\/v2\/product\/703555","targetHints":{"allow":["GET"]}}],"collection":[{"href":"https:\/\/roveyayinevi.com.tr\/index.php\/wp-json\/wp\/v2\/product"}],"about":[{"href":"https:\/\/roveyayinevi.com.tr\/index.php\/wp-json\/wp\/v2\/types\/product"}],"wp:attachment":[{"href":"https:\/\/roveyayinevi.com.tr\/index.php\/wp-json\/wp\/v2\/media?parent=703555"}],"wp:term":[{"taxonomy":"product_brand","embeddable":true,"href":"https:\/\/roveyayinevi.com.tr\/index.php\/wp-json\/wp\/v2\/product_brand?post=703555"},{"taxonomy":"product_cat","embeddable":true,"href":"https:\/\/roveyayinevi.com.tr\/index.php\/wp-json\/wp\/v2\/product_cat?post=703555"},{"taxonomy":"product_tag","embeddable":true,"href":"https:\/\/roveyayinevi.com.tr\/index.php\/wp-json\/wp\/v2\/product_tag?post=703555"}],"curies":[{"name":"wp","href":"https:\/\/api.w.org\/{rel}","templated":true}]}}