{"id":703554,"date":"2025-08-27T15:26:50","date_gmt":"2025-08-27T12:26:50","guid":{"rendered":"https:\/\/roveyayinevi.com.tr\/index.php\/urun\/karar-verdim\/"},"modified":"2026-04-16T02:12:39","modified_gmt":"2026-04-15T23:12:39","slug":"karar-verdim","status":"publish","type":"product","link":"https:\/\/roveyayinevi.com.tr\/index.php\/urun\/karar-verdim\/","title":{"rendered":"Karar Verdim!"},"content":{"rendered":"<p>Hepimizin karar verirken teredd\u00fctler ya\u015fad\u0131\u011f\u0131, karars\u0131z kald\u0131\u011f\u0131, zorland\u0131\u011f\u0131 anlar vard\u0131r. \u0130ster \u00e7ok kararl\u0131, ister karars\u0131z biri olun, hem i\u015f hem de \u00f6zel hayat\u0131n\u0131zda daha sa\u011fl\u0131kl\u0131 kararlar verebilmek i\u00e7in yapabilecekleriniz var. Lale Saral Develio\u011flu karar vermeyi balonla yap\u0131lan bir yolculu\u011fa benzeterek hem kararlar\u0131m\u0131z\u0131 etkileyenleri fark etmemize hem de karar yolculu\u011funa \u00e7\u0131kmak i\u00e7in cesaret toplamam\u0131za yard\u0131mc\u0131 oluyor. Seneler ge\u00e7tik\u00e7e \u00e7o\u011falan tecr\u00fcbelerin ustal\u0131kla aktar\u0131m\u0131\u2026 T\u00fcm y\u00f6neticiler i\u00e7in okunmas\u0131 gereken bir rehber niteli\u011finde oldu\u011funu d\u00fc\u015f\u00fcn\u00fcyorum.\u201d Mehmet Emin Karamehmet \u201cKitap \u00f6ncelikle karar vermeyi anlat\u0131yor. K\u00f6t\u00fc bir karar vermenin bile karars\u0131z kalmaktan daha iyi oldu\u011funu d\u00fc\u015f\u00fcnd\u00fc\u011f\u00fcm i\u00e7in \u00e7ok faydal\u0131 buldum. Bunca y\u0131ll\u0131k \u015firket ve kategori tecr\u00fcbesi ile de anlat\u0131lmas\u0131, konuyu \u00e7ok anla\u015f\u0131l\u0131r k\u0131lm\u0131\u015f.  Balonun tepesi a\u00e7\u0131k b\u00f6l\u00fcm\u00fc \u00e7ok ilgimi \u00e7ekti. \u0130nsan \u00f6\u011fretilerinin esiri olmamal\u0131, ba\u011f\u0131ms\u0131z d\u00fc\u015f\u00fcnebilmeli. Herkesin rahat\u00e7a okuyabilece\u011fi bir kitap. Tavsiye ediyorum.\u201d Murat \u00dclker <\/p>\n","protected":false},"excerpt":{"rendered":"<p>Hepimizin karar verirken teredd\u00fctler ya\u015fad\u0131\u011f\u0131, karars\u0131z kald\u0131\u011f\u0131, zorland\u0131\u011f\u0131 anlar vard\u0131r. \u0130ster \u00e7ok kararl\u0131, ister karars\u0131z biri olun, hem i\u015f hem de \u00f6zel hayat\u0131n\u0131zda daha sa\u011fl\u0131kl\u0131 kararlar<span class=\"excerpt-hellip\"> [\u2026]<\/span><\/p>\n","protected":false},"featured_media":0,"template":"","meta":{"_monsterinsights_skip_tracking":false,"_monsterinsights_sitenote_active":false,"_monsterinsights_sitenote_note":"","_monsterinsights_sitenote_category":0},"product_brand":[],"product_cat":[13043,17647],"product_tag":[],"class_list":{"0":"post-703554","1":"product","2":"type-product","3":"status-publish","5":"product_cat-ekonomi","6":"product_cat-is-dunyasi","7":"pa_cilt-ciltsiz","8":"pa_tur-kitap","9":"pa_yayinevi-mediacat-kitaplari","10":"pa_yazar-lale-saral-develioglu","12":"first","13":"instock","14":"sale","15":"shipping-taxable","16":"purchasable","17":"product-type-simple"},"_links":{"self":[{"href":"https:\/\/roveyayinevi.com.tr\/index.php\/wp-json\/wp\/v2\/product\/703554","targetHints":{"allow":["GET"]}}],"collection":[{"href":"https:\/\/roveyayinevi.com.tr\/index.php\/wp-json\/wp\/v2\/product"}],"about":[{"href":"https:\/\/roveyayinevi.com.tr\/index.php\/wp-json\/wp\/v2\/types\/product"}],"wp:attachment":[{"href":"https:\/\/roveyayinevi.com.tr\/index.php\/wp-json\/wp\/v2\/media?parent=703554"}],"wp:term":[{"taxonomy":"product_brand","embeddable":true,"href":"https:\/\/roveyayinevi.com.tr\/index.php\/wp-json\/wp\/v2\/product_brand?post=703554"},{"taxonomy":"product_cat","embeddable":true,"href":"https:\/\/roveyayinevi.com.tr\/index.php\/wp-json\/wp\/v2\/product_cat?post=703554"},{"taxonomy":"product_tag","embeddable":true,"href":"https:\/\/roveyayinevi.com.tr\/index.php\/wp-json\/wp\/v2\/product_tag?post=703554"}],"curies":[{"name":"wp","href":"https:\/\/api.w.org\/{rel}","templated":true}]}}