{"id":703552,"date":"2025-08-27T15:26:50","date_gmt":"2025-08-27T12:26:50","guid":{"rendered":"https:\/\/roveyayinevi.com.tr\/index.php\/urun\/kazaklar-6\/"},"modified":"2026-02-03T02:21:21","modified_gmt":"2026-02-02T23:21:21","slug":"kazaklar-6","status":"publish","type":"product","link":"https:\/\/roveyayinevi.com.tr\/index.php\/urun\/kazaklar-6\/","title":{"rendered":"Kazaklar"},"content":{"rendered":"<p>Tolstoy\u2019un yar\u0131 otobiyografik kitaplar\u0131ndan biri olan Kazaklar, bir a\u015fk hik\u00e2yesi oldu\u011fu kadar, yazar\u0131n hayat\u0131 boyunca medeniyetle ya\u015fayaca\u011f\u0131 gelgitli ili\u015fkinin de \u00f6yk\u00fcs\u00fc. Tolstoy\u2019un 1852\u2019de ba\u015flad\u0131\u011f\u0131 ama on y\u0131l boyunca tamamlanamayan Kazaklar, gen\u00e7 ve zengin Olenin\u2019in Moskova hayat\u0131ndan b\u0131karak Rus ordusuna yaz\u0131lmas\u0131 ve Kafkaslar\u2019da \u00fccra bir k\u00f6ye g\u00f6nderilmesiyle ba\u015flar. Burada Kazaklar\u0131n ve \u00c7e\u00e7enlerin kaba kuvvetine hayran kal\u0131r, bir Kazakla s\u00f6zl\u00fc olan Maryana ad\u0131nda bir kad\u0131na \u00e2\u015f\u0131k olur. Tolstoy\u2019un Kafkaslar\u2019da yirmi bir ya\u015f\u0131nda gen\u00e7 birasker olarak deneyimlerini hik\u00e2yele\u015ftirdi\u011fi, Pu\u015fkin ve Rousseau gibi ustalar\u0131na bir selam niteli\u011finde olan bu roman, b\u00fcy\u00fcleyici do\u011fa tasvirlerini yazar\u0131n sade ama ihti\u015faml\u0131 diliyle birle\u015ftiriyor. \u201cKazaklar\u2019da Tolstoy, \u015fok etkisi yaratan zek\u00e2s\u0131n\u0131 sergiliyor. Tolstoy\u2019u okuduktan sonra Rus yazarlar\u0131n\u0131n derin psikolojik yakla\u015f\u0131m\u0131ndan ders almam\u0131z, yazarl\u0131k yeteneklerimizi bu y\u00f6nde geli\u015ftirmemiz gerekti\u011fini hissediyorum.\u201d <\/p>\n","protected":false},"excerpt":{"rendered":"<p>Tolstoy\u2019un yar\u0131 otobiyografik kitaplar\u0131ndan biri olan Kazaklar, bir a\u015fk hik\u00e2yesi oldu\u011fu kadar, yazar\u0131n hayat\u0131 boyunca medeniyetle ya\u015fayaca\u011f\u0131 gelgitli ili\u015fkinin de \u00f6yk\u00fcs\u00fc. Tolstoy\u2019un 1852\u2019de ba\u015flad\u0131\u011f\u0131 ama on<span class=\"excerpt-hellip\"> [\u2026]<\/span><\/p>\n","protected":false},"featured_media":0,"template":"","meta":{"_monsterinsights_skip_tracking":false,"_monsterinsights_sitenote_active":false,"_monsterinsights_sitenote_note":"","_monsterinsights_sitenote_category":0},"product_brand":[],"product_cat":[12291,13570],"product_tag":[],"class_list":{"0":"post-703552","1":"product","2":"type-product","3":"status-publish","5":"product_cat-edebiyat","6":"product_cat-rus-edebiyati","7":"pa_cilt-ciltsiz","8":"pa_tur-kitap","9":"pa_yayinevi-iletisim-yayinlari","10":"pa_yazar-lev-nikolayevic-tolstoy","12":"first","13":"instock","14":"sale","15":"shipping-taxable","16":"purchasable","17":"product-type-simple"},"_links":{"self":[{"href":"https:\/\/roveyayinevi.com.tr\/index.php\/wp-json\/wp\/v2\/product\/703552","targetHints":{"allow":["GET"]}}],"collection":[{"href":"https:\/\/roveyayinevi.com.tr\/index.php\/wp-json\/wp\/v2\/product"}],"about":[{"href":"https:\/\/roveyayinevi.com.tr\/index.php\/wp-json\/wp\/v2\/types\/product"}],"wp:attachment":[{"href":"https:\/\/roveyayinevi.com.tr\/index.php\/wp-json\/wp\/v2\/media?parent=703552"}],"wp:term":[{"taxonomy":"product_brand","embeddable":true,"href":"https:\/\/roveyayinevi.com.tr\/index.php\/wp-json\/wp\/v2\/product_brand?post=703552"},{"taxonomy":"product_cat","embeddable":true,"href":"https:\/\/roveyayinevi.com.tr\/index.php\/wp-json\/wp\/v2\/product_cat?post=703552"},{"taxonomy":"product_tag","embeddable":true,"href":"https:\/\/roveyayinevi.com.tr\/index.php\/wp-json\/wp\/v2\/product_tag?post=703552"}],"curies":[{"name":"wp","href":"https:\/\/api.w.org\/{rel}","templated":true}]}}