{"id":703545,"date":"2025-08-27T15:26:47","date_gmt":"2025-08-27T12:26:47","guid":{"rendered":"https:\/\/roveyayinevi.com.tr\/index.php\/urun\/advin-gumus-sirtli-goriller-ulkesinde\/"},"modified":"2026-04-16T02:12:39","modified_gmt":"2026-04-15T23:12:39","slug":"advin-gumus-sirtli-goriller-ulkesinde","status":"publish","type":"product","link":"https:\/\/roveyayinevi.com.tr\/index.php\/urun\/advin-gumus-sirtli-goriller-ulkesinde\/","title":{"rendered":"Advin G\u00fcm\u00fc\u015f S\u0131rtl\u0131 Goriller \u00dclkesinde"},"content":{"rendered":"<p>Annesiyle babas\u0131 antroplog olan Advin, do\u011fdu\u011fundan beri ailesiyle birlikte \u00e7ok farkl\u0131 \u00fclkelere gitmi\u015fti. \u00c7e\u015fitli yemekler yemi\u015f, de\u011fi\u015fik insanlar\u0131 ve k\u00fclt\u00fcrleri tan\u0131m\u0131\u015ft\u0131. E\u015fsiz g\u00fczellikteki yerleri gezmi\u015f, \u00e7ok \u015fey \u00f6\u011frenmi\u015fti. Bu maceralarda onu bir kapu\u00e7in maymunu olan Fora da hi\u00e7 yaln\u0131z b\u0131rakmam\u0131\u015ft\u0131. \ufffcTan\u0131t\u0131m Metni<\/p>\n","protected":false},"excerpt":{"rendered":"<p>Annesiyle babas\u0131 antroplog olan Advin, do\u011fdu\u011fundan beri ailesiyle birlikte \u00e7ok farkl\u0131 \u00fclkelere gitmi\u015fti. \u00c7e\u015fitli yemekler yemi\u015f, de\u011fi\u015fik insanlar\u0131 ve k\u00fclt\u00fcrleri tan\u0131m\u0131\u015ft\u0131. E\u015fsiz g\u00fczellikteki yerleri gezmi\u015f, \u00e7ok<span class=\"excerpt-hellip\"> [\u2026]<\/span><\/p>\n","protected":false},"featured_media":0,"template":"","meta":{"_monsterinsights_skip_tracking":false,"_monsterinsights_sitenote_active":false,"_monsterinsights_sitenote_note":"","_monsterinsights_sitenote_category":0},"product_brand":[],"product_cat":[12275,12274],"product_tag":[],"class_list":{"0":"post-703545","1":"product","2":"type-product","3":"status-publish","5":"product_cat-6-12-yas-kitaplari","6":"product_cat-cocuk-ve-genclik-kitaplari","7":"pa_cilt-ciltsiz","8":"pa_tur-kitap","9":"pa_yayinevi-kirmizi-kedi-yayinevi","10":"pa_yazar-koray-avci-cakman","12":"first","13":"instock","14":"sale","15":"shipping-taxable","16":"purchasable","17":"product-type-simple"},"_links":{"self":[{"href":"https:\/\/roveyayinevi.com.tr\/index.php\/wp-json\/wp\/v2\/product\/703545","targetHints":{"allow":["GET"]}}],"collection":[{"href":"https:\/\/roveyayinevi.com.tr\/index.php\/wp-json\/wp\/v2\/product"}],"about":[{"href":"https:\/\/roveyayinevi.com.tr\/index.php\/wp-json\/wp\/v2\/types\/product"}],"wp:attachment":[{"href":"https:\/\/roveyayinevi.com.tr\/index.php\/wp-json\/wp\/v2\/media?parent=703545"}],"wp:term":[{"taxonomy":"product_brand","embeddable":true,"href":"https:\/\/roveyayinevi.com.tr\/index.php\/wp-json\/wp\/v2\/product_brand?post=703545"},{"taxonomy":"product_cat","embeddable":true,"href":"https:\/\/roveyayinevi.com.tr\/index.php\/wp-json\/wp\/v2\/product_cat?post=703545"},{"taxonomy":"product_tag","embeddable":true,"href":"https:\/\/roveyayinevi.com.tr\/index.php\/wp-json\/wp\/v2\/product_tag?post=703545"}],"curies":[{"name":"wp","href":"https:\/\/api.w.org\/{rel}","templated":true}]}}