{"id":703543,"date":"2025-08-27T15:26:46","date_gmt":"2025-08-27T12:26:46","guid":{"rendered":"https:\/\/roveyayinevi.com.tr\/index.php\/urun\/himmet-fitrat-piyasa-akp-doneminde-sosyal-politika\/"},"modified":"2026-04-11T02:16:30","modified_gmt":"2026-04-10T23:16:30","slug":"himmet-fitrat-piyasa-akp-doneminde-sosyal-politika","status":"publish","type":"product","link":"https:\/\/roveyayinevi.com.tr\/index.php\/urun\/himmet-fitrat-piyasa-akp-doneminde-sosyal-politika\/","title":{"rendered":"Himmet, F\u0131trat, Piyasa: AKP D\u00f6neminde Sosyal Politika"},"content":{"rendered":"<p>AKP iktidar\u0131 sosyal politika a\u00e7\u0131s\u0131ndan bir d\u00f6n\u00fc\u015f\u00fcm\u00fc temsil ediyor. K\u00fcresel kapitalizmin ve neoliberal politikalar\u0131n dayatmalar\u0131n\u0131n yan\u0131nda, bu d\u00f6n\u00fc\u015f\u00fcm\u00fc AKP\u2019nin kendi siyasal-ideolojik zihniyet \u00e7er\u00e7evesi bi\u00e7imlendiriyor. Neoliberal, neomuhafazakar ve neopop\u00fclist politikalar AKP\u2019nin sosyal politikalar\u0131n\u0131 ku\u015fat\u0131yor. Sosyal politikan\u0131n bu zihniyet d\u00fcnyas\u0131n\u0131n y\u00f6n verdi\u011fi bir iktidar arac\u0131 olarak kullan\u0131lmas\u0131na yol a\u00e7\u0131yor. <\/p>\n","protected":false},"excerpt":{"rendered":"<p>AKP iktidar\u0131 sosyal politika a\u00e7\u0131s\u0131ndan bir d\u00f6n\u00fc\u015f\u00fcm\u00fc temsil ediyor. K\u00fcresel kapitalizmin ve neoliberal politikalar\u0131n dayatmalar\u0131n\u0131n yan\u0131nda, bu d\u00f6n\u00fc\u015f\u00fcm\u00fc AKP\u2019nin kendi siyasal-ideolojik zihniyet \u00e7er\u00e7evesi bi\u00e7imlendiriyor. Neoliberal, neomuhafazakar<span class=\"excerpt-hellip\"> [\u2026]<\/span><\/p>\n","protected":false},"featured_media":0,"template":"","meta":{"_monsterinsights_skip_tracking":false,"_monsterinsights_sitenote_active":false,"_monsterinsights_sitenote_note":"","_monsterinsights_sitenote_category":0},"product_brand":[],"product_cat":[12312,12304],"product_tag":[],"class_list":{"0":"post-703543","1":"product","2":"type-product","3":"status-publish","5":"product_cat-diger","6":"product_cat-tarih","7":"pa_cilt-ciltsiz","8":"pa_tur-kitap","9":"pa_yayinevi-iletisim-yayinlari","10":"pa_yazar-aziz-celik-der","11":"pa_yazar-meryem-koray","13":"first","14":"instock","15":"sale","16":"shipping-taxable","17":"purchasable","18":"product-type-simple"},"_links":{"self":[{"href":"https:\/\/roveyayinevi.com.tr\/index.php\/wp-json\/wp\/v2\/product\/703543","targetHints":{"allow":["GET"]}}],"collection":[{"href":"https:\/\/roveyayinevi.com.tr\/index.php\/wp-json\/wp\/v2\/product"}],"about":[{"href":"https:\/\/roveyayinevi.com.tr\/index.php\/wp-json\/wp\/v2\/types\/product"}],"wp:attachment":[{"href":"https:\/\/roveyayinevi.com.tr\/index.php\/wp-json\/wp\/v2\/media?parent=703543"}],"wp:term":[{"taxonomy":"product_brand","embeddable":true,"href":"https:\/\/roveyayinevi.com.tr\/index.php\/wp-json\/wp\/v2\/product_brand?post=703543"},{"taxonomy":"product_cat","embeddable":true,"href":"https:\/\/roveyayinevi.com.tr\/index.php\/wp-json\/wp\/v2\/product_cat?post=703543"},{"taxonomy":"product_tag","embeddable":true,"href":"https:\/\/roveyayinevi.com.tr\/index.php\/wp-json\/wp\/v2\/product_tag?post=703543"}],"curies":[{"name":"wp","href":"https:\/\/api.w.org\/{rel}","templated":true}]}}