{"id":703538,"date":"2025-08-27T15:26:44","date_gmt":"2025-08-27T12:26:44","guid":{"rendered":"https:\/\/roveyayinevi.com.tr\/index.php\/urun\/yeni-baslayanlar-icin-cizim\/"},"modified":"2026-04-16T02:12:39","modified_gmt":"2026-04-15T23:12:39","slug":"yeni-baslayanlar-icin-cizim","status":"publish","type":"product","link":"https:\/\/roveyayinevi.com.tr\/index.php\/urun\/yeni-baslayanlar-icin-cizim\/","title":{"rendered":"Yeni Ba\u015flayanlar \u0130\u00e7in \u00c7izim"},"content":{"rendered":"<p>\u201cBir sanat eseri yaratmak ve kendinizi ac\u0131mas\u0131zca ele\u015ftirmeden \u00f6\u011frenmek i\u00e7in gereken \u00e7ocuksu tutkuyu geri kazanman\u0131z\u0131 umut ediyoruz. Sizden eserlerinizi buzdolab\u0131na asman\u0131z\u0131 isteyecek de\u011filiz, ama onlar\u0131 gene de saklay\u0131n; bu \u015fekilde geli\u015fiminizi izleyebilecek ve ilerlerken kendinize g\u00fcveninizi kazanabileceksiniz.\u201d-Mark ve Mary WillenbrinkResim \u00e7izmek hi\u00e7 bu kadar kolay ve e\u011flenceli olmam\u0131\u015ft\u0131.Bu kitab\u0131n \u00f6z\u00fcnde, kalem darbelerini \u00e7al\u0131\u015fma ve d\u00fczeltmenize yard\u0131mc\u0131 olacak bir dizi e\u011flenceli, pratik al\u0131\u015ft\u0131rma var. Siz becerilerinizi geli\u015ftirir, kendinize olan g\u00fcveninizi kazan\u0131r ve bu s\u00fcre\u00e7ten keyif al\u0131rken her al\u0131\u015ft\u0131rma bir \u00f6ncekini temel alarak bir ad\u0131m ileriye gidiyor. Kahve fincanlar\u0131, bulutlar ve a\u011fa\u00e7lar gibi basit nesneleri \u00e7izerek \u00f6\u011frendi\u011finiz dersler giderek hayvanlar, nat\u00fcrmortlar, manzaralar ve portreler gibi her zaman \u00e7izmeyi hayal etti\u011finiz, \u00e7ok daha zor objelere ve manzaralara ge\u00e7menize yard\u0131mc\u0131 olacak.\u0130ki usta ressam taraf\u0131ndan hi\u00e7bir detay atlanmadan haz\u0131rlanan bu ilham verici eserle \u00e7izim hi\u00e7 olmad\u0131\u011f\u0131 kadar kolay ve e\u011flenceli bir hale geliyor. Malzeme se\u00e7iminden kaleminizi nas\u0131l tutaca\u011f\u0131n\u0131za kadar pek \u00e7ok konuda pratik bilginin yan\u0131 s\u0131ra, oranlar\u0131 ve perspektifi do\u011fru ayarlamak, yans\u0131malar\u0131 \u00e7izmek ve g\u00fc\u00e7l\u00fc kompozisyonlar yaratmak gibi nazik konulara dair uzman tavsiyelerinin yer ald\u0131\u011f\u0131 bu eser her ya\u015ftan resim severin ba\u015fucu kitab\u0131 olacak. \u00c7\u00fcnk\u00fc resim yapman\u0131n o kat\u0131ks\u0131z mutlulu\u011funu ya\u015famak i\u00e7in hi\u00e7bir zaman \u00e7ok ge\u00e7 ya da \u00e7ok erken de\u011fildir.Mark Willenbrink, tablolar\u0131 \u00f6d\u00fcller kazanm\u0131\u015f, eserleri se\u00e7kin sanat sergilerinde sergilenmi\u015f ba\u011f\u0131ms\u0131z bir ressam. Sanat\u00e7\u0131 ayr\u0131ca sanat derslerinde ve at\u00f6lye \u00e7al\u0131\u015fmalar\u0131nda, dersler vermekte. Mark ve kitab\u0131n di\u011fer yazar\u0131 e\u015fi Mary, \u00fc\u00e7 \u00e7ocuklar\u0131yla birlikte, Cincinati, Ohio\u2019da ya\u015famakta.<\/p>\n","protected":false},"excerpt":{"rendered":"<p>\u201cBir sanat eseri yaratmak ve kendinizi ac\u0131mas\u0131zca ele\u015ftirmeden \u00f6\u011frenmek i\u00e7in gereken \u00e7ocuksu tutkuyu geri kazanman\u0131z\u0131 umut ediyoruz. Sizden eserlerinizi buzdolab\u0131na asman\u0131z\u0131 isteyecek de\u011filiz, ama onlar\u0131 gene<span class=\"excerpt-hellip\"> [\u2026]<\/span><\/p>\n","protected":false},"featured_media":0,"template":"","meta":{"_monsterinsights_skip_tracking":false,"_monsterinsights_sitenote_active":false,"_monsterinsights_sitenote_note":"","_monsterinsights_sitenote_category":0},"product_brand":[],"product_cat":[15733,12408],"product_tag":[],"class_list":{"0":"post-703538","1":"product","2":"type-product","3":"status-publish","5":"product_cat-resim","6":"product_cat-sanat","7":"pa_cilt-ciltsiz","8":"pa_tur-kitap","9":"pa_yayinevi-bilge-kultur-sanat","10":"pa_yazar-mark-willenbrink","12":"first","13":"instock","14":"sale","15":"shipping-taxable","16":"purchasable","17":"product-type-simple"},"_links":{"self":[{"href":"https:\/\/roveyayinevi.com.tr\/index.php\/wp-json\/wp\/v2\/product\/703538","targetHints":{"allow":["GET"]}}],"collection":[{"href":"https:\/\/roveyayinevi.com.tr\/index.php\/wp-json\/wp\/v2\/product"}],"about":[{"href":"https:\/\/roveyayinevi.com.tr\/index.php\/wp-json\/wp\/v2\/types\/product"}],"wp:attachment":[{"href":"https:\/\/roveyayinevi.com.tr\/index.php\/wp-json\/wp\/v2\/media?parent=703538"}],"wp:term":[{"taxonomy":"product_brand","embeddable":true,"href":"https:\/\/roveyayinevi.com.tr\/index.php\/wp-json\/wp\/v2\/product_brand?post=703538"},{"taxonomy":"product_cat","embeddable":true,"href":"https:\/\/roveyayinevi.com.tr\/index.php\/wp-json\/wp\/v2\/product_cat?post=703538"},{"taxonomy":"product_tag","embeddable":true,"href":"https:\/\/roveyayinevi.com.tr\/index.php\/wp-json\/wp\/v2\/product_tag?post=703538"}],"curies":[{"name":"wp","href":"https:\/\/api.w.org\/{rel}","templated":true}]}}