{"id":703536,"date":"2025-08-27T15:26:43","date_gmt":"2025-08-27T12:26:43","guid":{"rendered":"https:\/\/roveyayinevi.com.tr\/index.php\/urun\/burada-turkce-konusuyoruz-4-sizin-orda-ne-diyorlar\/"},"modified":"2026-04-08T02:16:19","modified_gmt":"2026-04-07T23:16:19","slug":"burada-turkce-konusuyoruz-4-sizin-orda-ne-diyorlar","status":"publish","type":"product","link":"https:\/\/roveyayinevi.com.tr\/index.php\/urun\/burada-turkce-konusuyoruz-4-sizin-orda-ne-diyorlar\/","title":{"rendered":"Burada T\u00fcrk\u00e7e Konu\u015fuyoruz 4: Sizin Orda Ne Diyorlar?"},"content":{"rendered":"<p>Bir dede ve bir torunla tan\u0131\u015facaks\u0131n burada ama dede de dede yani. Etem\u2019e sorarsan \u201cT\u00fcrk\u00e7e\u2019ye kafay\u0131 takm\u0131\u015f.\u201d Sen de ne konu\u015ftu\u011funa dikkat et ki dedenin h\u0131\u015fm\u0131na u\u011frama. <\/p>\n","protected":false},"excerpt":{"rendered":"<p>Bir dede ve bir torunla tan\u0131\u015facaks\u0131n burada ama dede de dede yani. Etem\u2019e sorarsan \u201cT\u00fcrk\u00e7e\u2019ye kafay\u0131 takm\u0131\u015f.\u201d Sen de ne konu\u015ftu\u011funa dikkat et ki dedenin h\u0131\u015fm\u0131na<span class=\"excerpt-hellip\"> [\u2026]<\/span><\/p>\n","protected":false},"featured_media":0,"template":"","meta":{"_monsterinsights_skip_tracking":false,"_monsterinsights_sitenote_active":false,"_monsterinsights_sitenote_note":"","_monsterinsights_sitenote_category":0},"product_brand":[],"product_cat":[12274,12284],"product_tag":[],"class_list":{"0":"post-703536","1":"product","2":"type-product","3":"status-publish","5":"product_cat-cocuk-ve-genclik-kitaplari","6":"product_cat-hikayeler","7":"pa_tur-kitap","8":"pa_yayinevi-nesil-cocuk-yayinlari","9":"pa_yazar-suleyman-ezber","11":"first","12":"instock","13":"sale","14":"shipping-taxable","15":"purchasable","16":"product-type-simple"},"_links":{"self":[{"href":"https:\/\/roveyayinevi.com.tr\/index.php\/wp-json\/wp\/v2\/product\/703536","targetHints":{"allow":["GET"]}}],"collection":[{"href":"https:\/\/roveyayinevi.com.tr\/index.php\/wp-json\/wp\/v2\/product"}],"about":[{"href":"https:\/\/roveyayinevi.com.tr\/index.php\/wp-json\/wp\/v2\/types\/product"}],"wp:attachment":[{"href":"https:\/\/roveyayinevi.com.tr\/index.php\/wp-json\/wp\/v2\/media?parent=703536"}],"wp:term":[{"taxonomy":"product_brand","embeddable":true,"href":"https:\/\/roveyayinevi.com.tr\/index.php\/wp-json\/wp\/v2\/product_brand?post=703536"},{"taxonomy":"product_cat","embeddable":true,"href":"https:\/\/roveyayinevi.com.tr\/index.php\/wp-json\/wp\/v2\/product_cat?post=703536"},{"taxonomy":"product_tag","embeddable":true,"href":"https:\/\/roveyayinevi.com.tr\/index.php\/wp-json\/wp\/v2\/product_tag?post=703536"}],"curies":[{"name":"wp","href":"https:\/\/api.w.org\/{rel}","templated":true}]}}