{"id":703534,"date":"2025-08-27T15:26:42","date_gmt":"2025-08-27T12:26:42","guid":{"rendered":"https:\/\/roveyayinevi.com.tr\/index.php\/urun\/barbarin-kahkahasi\/"},"modified":"2026-04-16T02:12:39","modified_gmt":"2026-04-15T23:12:39","slug":"barbarin-kahkahasi","status":"publish","type":"product","link":"https:\/\/roveyayinevi.com.tr\/index.php\/urun\/barbarin-kahkahasi\/","title":{"rendered":"Barbar\u0131n Kahkahas\u0131"},"content":{"rendered":"<p>Hi\u00e7bir trajedi ki\u015fisel de\u011fildir: sirayet eder, bula\u015f\u0131r ve sonunda her\u015feyin rengini, kokusunu de\u011fi\u015ftirebilir. Sema Kaygusuz yeni roman\u0131 Barbar\u0131n Kahkahas\u0131&#8217;yla bir motelde olup bitenlerle bir \u00fclkeyi anlat\u0131yor.Tatil, dinlenme, tembellik zaman\u0131n\u0131n beklenmedik ve pek naho\u015f bir \u015fekilde kesintiye u\u011framas\u0131 motel ahalisi aras\u0131nda gerginliklere, bast\u0131r\u0131lm\u0131\u015f ki\u015fisel hesapla\u015fmalar\u0131n g\u00fcn y\u00fcz\u00fcne \u00e7\u0131kmas\u0131na, dillendirilememi\u015f ac\u0131lar\u0131n ortal\u0131\u011fa sa\u00e7\u0131lmas\u0131na sebep olur. T\u00fcm bu olan bitene bir ergenin sert, zalim ve el yordam\u0131yla giden &#8220;erkek olma&#8221; u\u011fra\u015flar\u0131 da e\u015flik eder.Kaygusuz okurlar\u0131n\u0131n iyi tan\u0131yaca\u011f\u0131 kendine has \u00fcslubuyla ilerleyen roman, alttan alta s\u00fcrd\u00fcrd\u00fc\u011f\u00fc polisiye roman gerilimini de final sahnesine kadar ta\u015f\u0131may\u0131 ba\u015far\u0131yor. <\/p>\n","protected":false},"excerpt":{"rendered":"<p>Hi\u00e7bir trajedi ki\u015fisel de\u011fildir: sirayet eder, bula\u015f\u0131r ve sonunda her\u015feyin rengini, kokusunu de\u011fi\u015ftirebilir. Sema Kaygusuz yeni roman\u0131 Barbar\u0131n Kahkahas\u0131&#8217;yla bir motelde olup bitenlerle bir \u00fclkeyi anlat\u0131yor.Tatil,<span class=\"excerpt-hellip\"> [\u2026]<\/span><\/p>\n","protected":false},"featured_media":0,"template":"","meta":{"_monsterinsights_skip_tracking":false,"_monsterinsights_sitenote_active":false,"_monsterinsights_sitenote_note":"","_monsterinsights_sitenote_category":0},"product_brand":[],"product_cat":[12291,12711],"product_tag":[],"class_list":{"0":"post-703534","1":"product","2":"type-product","3":"status-publish","5":"product_cat-edebiyat","6":"product_cat-roman-oyku","7":"pa_cilt-ciltsiz","8":"pa_tur-kitap","9":"pa_yayinevi-metis-yayinlari","10":"pa_yazar-sema-kaygusuz","12":"first","13":"instock","14":"sale","15":"shipping-taxable","16":"purchasable","17":"product-type-simple"},"_links":{"self":[{"href":"https:\/\/roveyayinevi.com.tr\/index.php\/wp-json\/wp\/v2\/product\/703534","targetHints":{"allow":["GET"]}}],"collection":[{"href":"https:\/\/roveyayinevi.com.tr\/index.php\/wp-json\/wp\/v2\/product"}],"about":[{"href":"https:\/\/roveyayinevi.com.tr\/index.php\/wp-json\/wp\/v2\/types\/product"}],"wp:attachment":[{"href":"https:\/\/roveyayinevi.com.tr\/index.php\/wp-json\/wp\/v2\/media?parent=703534"}],"wp:term":[{"taxonomy":"product_brand","embeddable":true,"href":"https:\/\/roveyayinevi.com.tr\/index.php\/wp-json\/wp\/v2\/product_brand?post=703534"},{"taxonomy":"product_cat","embeddable":true,"href":"https:\/\/roveyayinevi.com.tr\/index.php\/wp-json\/wp\/v2\/product_cat?post=703534"},{"taxonomy":"product_tag","embeddable":true,"href":"https:\/\/roveyayinevi.com.tr\/index.php\/wp-json\/wp\/v2\/product_tag?post=703534"}],"curies":[{"name":"wp","href":"https:\/\/api.w.org\/{rel}","templated":true}]}}