{"id":703532,"date":"2025-08-27T15:26:41","date_gmt":"2025-08-27T12:26:41","guid":{"rendered":"https:\/\/roveyayinevi.com.tr\/index.php\/urun\/dnin-mektuplari\/"},"modified":"2026-04-16T02:12:39","modified_gmt":"2026-04-15T23:12:39","slug":"dnin-mektuplari","status":"publish","type":"product","link":"https:\/\/roveyayinevi.com.tr\/index.php\/urun\/dnin-mektuplari\/","title":{"rendered":"D&#8217;nin Mektuplar\u0131"},"content":{"rendered":"<p>Zeze \u00e7ok mutsuz. O kadar mutsuz ki, can\u0131 yataktan \u00e7\u0131kmak, en sevdi\u011fi re\u00e7elden yemek ve hatta hangi tokay\u0131 takaca\u011f\u0131n\u0131 d\u00fc\u015f\u00fcnmek bile istemiyor. Neden mi? \u00c7\u00fcnk\u00fc en yak\u0131n arkada\u015f\u0131 olan anneannesi bir yolculu\u011fa \u00e7\u0131kt\u0131. \u0130\u015fte Zeze bu y\u00fczden kendini \u00e7ok ama \u00e7ok yaln\u0131z hissediyor. Sonra birden \u201cD\u201d ad\u0131nda birinden gizemli mektuplar almaya ba\u015fl\u0131yor ve her g\u00fcn ayn\u0131 \u015feyi d\u00fc\u015f\u00fcn\u00fcp duruyor:<\/p>\n","protected":false},"excerpt":{"rendered":"<p>Zeze \u00e7ok mutsuz. O kadar mutsuz ki, can\u0131 yataktan \u00e7\u0131kmak, en sevdi\u011fi re\u00e7elden yemek ve hatta hangi tokay\u0131 takaca\u011f\u0131n\u0131 d\u00fc\u015f\u00fcnmek bile istemiyor. Neden mi? \u00c7\u00fcnk\u00fc en<span class=\"excerpt-hellip\"> [\u2026]<\/span><\/p>\n","protected":false},"featured_media":0,"template":"","meta":{"_monsterinsights_skip_tracking":false,"_monsterinsights_sitenote_active":false,"_monsterinsights_sitenote_note":"","_monsterinsights_sitenote_category":0},"product_brand":[],"product_cat":[12274,12284],"product_tag":[],"class_list":{"0":"post-703532","1":"product","2":"type-product","3":"status-publish","5":"product_cat-cocuk-ve-genclik-kitaplari","6":"product_cat-hikayeler","7":"pa_cilt-ciltsiz","8":"pa_tur-kitap","9":"pa_yayinevi-kirmizi-kedi-yayinevi","10":"pa_yazar-nazli-deniz-guler","12":"first","13":"instock","14":"sale","15":"shipping-taxable","16":"purchasable","17":"product-type-simple"},"_links":{"self":[{"href":"https:\/\/roveyayinevi.com.tr\/index.php\/wp-json\/wp\/v2\/product\/703532","targetHints":{"allow":["GET"]}}],"collection":[{"href":"https:\/\/roveyayinevi.com.tr\/index.php\/wp-json\/wp\/v2\/product"}],"about":[{"href":"https:\/\/roveyayinevi.com.tr\/index.php\/wp-json\/wp\/v2\/types\/product"}],"wp:attachment":[{"href":"https:\/\/roveyayinevi.com.tr\/index.php\/wp-json\/wp\/v2\/media?parent=703532"}],"wp:term":[{"taxonomy":"product_brand","embeddable":true,"href":"https:\/\/roveyayinevi.com.tr\/index.php\/wp-json\/wp\/v2\/product_brand?post=703532"},{"taxonomy":"product_cat","embeddable":true,"href":"https:\/\/roveyayinevi.com.tr\/index.php\/wp-json\/wp\/v2\/product_cat?post=703532"},{"taxonomy":"product_tag","embeddable":true,"href":"https:\/\/roveyayinevi.com.tr\/index.php\/wp-json\/wp\/v2\/product_tag?post=703532"}],"curies":[{"name":"wp","href":"https:\/\/api.w.org\/{rel}","templated":true}]}}