{"id":703529,"date":"2025-08-27T15:26:40","date_gmt":"2025-08-27T12:26:40","guid":{"rendered":"https:\/\/roveyayinevi.com.tr\/index.php\/urun\/ibn-arabi-donusu-olmayan-yolculuk\/"},"modified":"2026-04-16T02:12:39","modified_gmt":"2026-04-15T23:12:39","slug":"ibn-arabi-donusu-olmayan-yolculuk","status":"publish","type":"product","link":"https:\/\/roveyayinevi.com.tr\/index.php\/urun\/ibn-arabi-donusu-olmayan-yolculuk\/","title":{"rendered":"\u0130bn Arabi : D\u00f6n\u00fc\u015f\u00fc Olmayan Yolculuk"},"content":{"rendered":"<p>D\u00f6neminde ya\u015fayan ve kendisinden sonra gelen \u0130slam d\u00fc\u015f\u00fcn\u00fcrlerini etkilemi\u015f bir m\u00fctefekkir\u2026 <\/p>\n","protected":false},"excerpt":{"rendered":"<p>D\u00f6neminde ya\u015fayan ve kendisinden sonra gelen \u0130slam d\u00fc\u015f\u00fcn\u00fcrlerini etkilemi\u015f bir m\u00fctefekkir\u2026<\/p>\n","protected":false},"featured_media":0,"template":"","meta":{"_monsterinsights_skip_tracking":false,"_monsterinsights_sitenote_active":false,"_monsterinsights_sitenote_note":"","_monsterinsights_sitenote_category":0},"product_brand":[],"product_cat":[18094,12718,12719],"product_tag":[],"class_list":{"0":"post-703529","1":"product","2":"type-product","3":"status-publish","5":"product_cat-biyografi-otobiyografi-islam","6":"product_cat-din","7":"product_cat-islam","8":"pa_tur-kitap","9":"pa_yayinevi-nefes-yayincilik","10":"pa_yazar-claude-addas","12":"first","13":"instock","14":"sale","15":"shipping-taxable","16":"purchasable","17":"product-type-simple"},"_links":{"self":[{"href":"https:\/\/roveyayinevi.com.tr\/index.php\/wp-json\/wp\/v2\/product\/703529","targetHints":{"allow":["GET"]}}],"collection":[{"href":"https:\/\/roveyayinevi.com.tr\/index.php\/wp-json\/wp\/v2\/product"}],"about":[{"href":"https:\/\/roveyayinevi.com.tr\/index.php\/wp-json\/wp\/v2\/types\/product"}],"wp:attachment":[{"href":"https:\/\/roveyayinevi.com.tr\/index.php\/wp-json\/wp\/v2\/media?parent=703529"}],"wp:term":[{"taxonomy":"product_brand","embeddable":true,"href":"https:\/\/roveyayinevi.com.tr\/index.php\/wp-json\/wp\/v2\/product_brand?post=703529"},{"taxonomy":"product_cat","embeddable":true,"href":"https:\/\/roveyayinevi.com.tr\/index.php\/wp-json\/wp\/v2\/product_cat?post=703529"},{"taxonomy":"product_tag","embeddable":true,"href":"https:\/\/roveyayinevi.com.tr\/index.php\/wp-json\/wp\/v2\/product_tag?post=703529"}],"curies":[{"name":"wp","href":"https:\/\/api.w.org\/{rel}","templated":true}]}}