{"id":703527,"date":"2025-08-27T15:26:40","date_gmt":"2025-08-27T12:26:40","guid":{"rendered":"https:\/\/roveyayinevi.com.tr\/index.php\/urun\/dogu-bati-divani\/"},"modified":"2026-04-16T02:12:39","modified_gmt":"2026-04-15T23:12:39","slug":"dogu-bati-divani","status":"publish","type":"product","link":"https:\/\/roveyayinevi.com.tr\/index.php\/urun\/dogu-bati-divani\/","title":{"rendered":"Do\u011fu-Bat\u0131 Divan\u0131"},"content":{"rendered":"<p>Ad\u0131m Enis &#8211; biri k\u0131sa biri uzuniki hece, ben se\u00e7medim o harfleri,\u00f6zel isim cins isim derin s\u0131fat herneyse s\u0131ralar\u0131n\u0131 kendim kurmad\u0131m.Divan\u2019\u0131m g\u00fcn gelsin \u00f6yle an\u0131ls\u0131n,s\u00f6z\u00fcm t\u0131pk\u0131 onun gibi kaybolmu\u015ff\u0131s\u0131lt\u0131 dola\u015fs\u0131n, bir anlam\u0131nyak\u0131n\u0131na sokulmu\u015fsam, bo\u015fluktadilsiz ama m\u00fcrekkepsiz an\u0131ls\u0131n,yank\u0131s\u0131n. B\u0131rakal\u0131m ge\u00e7ip gitsinZaman, i\u00e7inde ba\u015fka zamanlarba\u015fka \u00f6l\u00e7\u00fclerle durma kar\u015f\u0131la\u015fs\u0131n. <\/p>\n","protected":false},"excerpt":{"rendered":"<p>Ad\u0131m Enis &#8211; biri k\u0131sa biri uzuniki hece, ben se\u00e7medim o harfleri,\u00f6zel isim cins isim derin s\u0131fat herneyse s\u0131ralar\u0131n\u0131 kendim kurmad\u0131m.Divan\u2019\u0131m g\u00fcn gelsin \u00f6yle an\u0131ls\u0131n,s\u00f6z\u00fcm t\u0131pk\u0131<span class=\"excerpt-hellip\"> [\u2026]<\/span><\/p>\n","protected":false},"featured_media":0,"template":"","meta":{"_monsterinsights_skip_tracking":false,"_monsterinsights_sitenote_active":false,"_monsterinsights_sitenote_note":"","_monsterinsights_sitenote_category":0},"product_brand":[],"product_cat":[12291,12509],"product_tag":[],"class_list":{"0":"post-703527","1":"product","2":"type-product","3":"status-publish","5":"product_cat-edebiyat","6":"product_cat-siir","7":"pa_cilt-ciltsiz","8":"pa_tur-kitap","9":"pa_yayinevi-kirmizi-kedi-yayinevi","10":"pa_yazar-enis-batur","12":"first","13":"instock","14":"sale","15":"shipping-taxable","16":"purchasable","17":"product-type-simple"},"_links":{"self":[{"href":"https:\/\/roveyayinevi.com.tr\/index.php\/wp-json\/wp\/v2\/product\/703527","targetHints":{"allow":["GET"]}}],"collection":[{"href":"https:\/\/roveyayinevi.com.tr\/index.php\/wp-json\/wp\/v2\/product"}],"about":[{"href":"https:\/\/roveyayinevi.com.tr\/index.php\/wp-json\/wp\/v2\/types\/product"}],"wp:attachment":[{"href":"https:\/\/roveyayinevi.com.tr\/index.php\/wp-json\/wp\/v2\/media?parent=703527"}],"wp:term":[{"taxonomy":"product_brand","embeddable":true,"href":"https:\/\/roveyayinevi.com.tr\/index.php\/wp-json\/wp\/v2\/product_brand?post=703527"},{"taxonomy":"product_cat","embeddable":true,"href":"https:\/\/roveyayinevi.com.tr\/index.php\/wp-json\/wp\/v2\/product_cat?post=703527"},{"taxonomy":"product_tag","embeddable":true,"href":"https:\/\/roveyayinevi.com.tr\/index.php\/wp-json\/wp\/v2\/product_tag?post=703527"}],"curies":[{"name":"wp","href":"https:\/\/api.w.org\/{rel}","templated":true}]}}