{"id":703524,"date":"2025-08-27T15:26:38","date_gmt":"2025-08-27T12:26:38","guid":{"rendered":"https:\/\/roveyayinevi.com.tr\/index.php\/urun\/yahya-kemalden-bugune-istanbul\/"},"modified":"2026-04-16T02:12:39","modified_gmt":"2026-04-15T23:12:39","slug":"yahya-kemalden-bugune-istanbul","status":"publish","type":"product","link":"https:\/\/roveyayinevi.com.tr\/index.php\/urun\/yahya-kemalden-bugune-istanbul\/","title":{"rendered":"Yahya Kemal&#8217;den Bug\u00fcne \u0130stanbul"},"content":{"rendered":"<p>Her insan\u0131n bir hayat felsefesi veya d\u00fcnya g\u00f6r\u00fc\u015f\u00fc oldu\u011fu gibi her mek\u00e2n\u0131 in\u015fa eden medeniyet telakkisinin de bir d\u00fcnya g\u00f6r\u00fc\u015f\u00fc ve hayat felsefesi vard\u0131r. Bir \u015fehir fiziksel d\u00fczenlemesi ve mek\u00e2nlar\u0131ndan ziyade i\u00e7inde ya\u015fayanlarla yani hem\u015fehrileri ile \u00f6ne \u00e7\u0131kar. \u015eehir denildi\u011fi zaman mutlaka ve mutlaka \u015fehirliyi, \u015fehir mek\u00e2n\u0131ndan \u00f6ncelikli olarak d\u00fc\u015f\u00fcnmek gerekir. \u00c7\u00fcnk\u00fc tutarl\u0131 bir medeniyet ortam\u0131nda \u015fehri \u015fehirli in\u015fa eder, imar eder, bakar ve korur. B\u00f6ylece insan ile mek\u00e2n ya da \u00f6zelde \u015fehirli ve \u015fehir birlikteli\u011fi m\u00fckemmeliyet kazan\u0131r. Bir \u015fehre o \u015fehirde ya\u015fayan \u015fehirlinin medeniyet telakkisi ve tarihsel ser\u00fcvenine tamamen yabanc\u0131 binalar in\u015fa edildi\u011fi ve d\u00fczenlemeler yap\u0131ld\u0131\u011f\u0131 zaman, yukar\u0131da s\u00f6z\u00fcn\u00fc etti\u011fimiz b\u00fct\u00fcnl\u00fck ve m\u00fckemmeliyet kaybolur. Tam da bu noktada, Prof. Dr. Sadettin \u00d6kten dikkatlerimizi, kendi g\u00f6kkubemizin mimarlar\u0131ndan Yahya Kemal\u2019in \u0130stanbul\u2019una \u00e7ekerek, bize, i\u00e7inde bulundu\u011fumuz h\u00e2li daha d\u00fcn denilebilecek bir mazi ile kar\u015f\u0131la\u015ft\u0131rma imk\u00e2n\u0131 sunuyor. Yahya Kemal\u2019in \u0130stanbul\u2019u ve \u0130stanbul tasavvuru ile bug\u00fcn ya\u015fad\u0131\u011f\u0131m\u0131z \u0130stanbul ve \u0130stanbul tasavvurumuz aras\u0131nda yap\u0131lan kar\u015f\u0131la\u015ft\u0131rmalar, medeniyetimizi \u201cyeniden ihya etme\u201d s\u00f6ylemlerindeki samimiyetin derecesini g\u00f6zler \u00f6n\u00fcne seriyor. \ufffc<\/p>\n","protected":false},"excerpt":{"rendered":"<p>Her insan\u0131n bir hayat felsefesi veya d\u00fcnya g\u00f6r\u00fc\u015f\u00fc oldu\u011fu gibi her mek\u00e2n\u0131 in\u015fa eden medeniyet telakkisinin de bir d\u00fcnya g\u00f6r\u00fc\u015f\u00fc ve hayat felsefesi vard\u0131r. Bir \u015fehir<span class=\"excerpt-hellip\"> [\u2026]<\/span><\/p>\n","protected":false},"featured_media":0,"template":"","meta":{"_monsterinsights_skip_tracking":false,"_monsterinsights_sitenote_active":false,"_monsterinsights_sitenote_note":"","_monsterinsights_sitenote_category":0},"product_brand":[],"product_cat":[12777,12291],"product_tag":[],"class_list":{"0":"post-703524","1":"product","2":"type-product","3":"status-publish","5":"product_cat-deneme","6":"product_cat-edebiyat","7":"pa_cilt-ciltsiz","8":"pa_tur-kitap","9":"pa_yayinevi-otuken-nesriyat","10":"pa_yazar-saadettin-okten","12":"first","13":"instock","14":"sale","15":"shipping-taxable","16":"purchasable","17":"product-type-simple"},"_links":{"self":[{"href":"https:\/\/roveyayinevi.com.tr\/index.php\/wp-json\/wp\/v2\/product\/703524","targetHints":{"allow":["GET"]}}],"collection":[{"href":"https:\/\/roveyayinevi.com.tr\/index.php\/wp-json\/wp\/v2\/product"}],"about":[{"href":"https:\/\/roveyayinevi.com.tr\/index.php\/wp-json\/wp\/v2\/types\/product"}],"wp:attachment":[{"href":"https:\/\/roveyayinevi.com.tr\/index.php\/wp-json\/wp\/v2\/media?parent=703524"}],"wp:term":[{"taxonomy":"product_brand","embeddable":true,"href":"https:\/\/roveyayinevi.com.tr\/index.php\/wp-json\/wp\/v2\/product_brand?post=703524"},{"taxonomy":"product_cat","embeddable":true,"href":"https:\/\/roveyayinevi.com.tr\/index.php\/wp-json\/wp\/v2\/product_cat?post=703524"},{"taxonomy":"product_tag","embeddable":true,"href":"https:\/\/roveyayinevi.com.tr\/index.php\/wp-json\/wp\/v2\/product_tag?post=703524"}],"curies":[{"name":"wp","href":"https:\/\/api.w.org\/{rel}","templated":true}]}}