{"id":703521,"date":"2025-08-27T15:26:37","date_gmt":"2025-08-27T12:26:37","guid":{"rendered":"https:\/\/roveyayinevi.com.tr\/index.php\/urun\/kahirenin-yanan-melekleri\/"},"modified":"2026-04-16T02:12:38","modified_gmt":"2026-04-15T23:12:38","slug":"kahirenin-yanan-melekleri","status":"publish","type":"product","link":"https:\/\/roveyayinevi.com.tr\/index.php\/urun\/kahirenin-yanan-melekleri\/","title":{"rendered":"Kahire\u2019nin Yanan Melekleri"},"content":{"rendered":"<p>2001 yaz\u0131, 9\/11 arifesi. M\u0131s\u0131r\u2019da din istismar\u0131 giderek b\u00fcy\u00fcmektedir. \u00dclkesi Sudan\u2019da iktidar\u0131n polisi olamad\u0131\u011f\u0131 i\u00e7in s\u00fcrg\u00fcn edilmi\u015f Makana, M\u0131s\u0131r\u2019\u0131n da Sudan\u2019a d\u00f6nece\u011finden endi\u015felidir. Dini liderlerin bir s\u00f6z\u00fc bile toplumdaki fanatizme varacak ayr\u0131mc\u0131l\u0131k fitilini ate\u015fleyebilir. G\u00f6ky\u00fcz\u00fcnde yanan bir mele\u011fin tezah\u00fcr\u00fc, \u00f6ld\u00fcr\u00fclen bir dizi sokak \u00e7ocu\u011funun yaratt\u0131\u011f\u0131 infialle ayn\u0131 zamana denk gelir. Bu gerilimli g\u00fcnlerin arka plan\u0131nda, kara paralar\u0131n akland\u0131\u011f\u0131 paravan \u015firketler, kirli polisler ve su\u00e7 \u00e7eteleriyle M\u0131s\u0131r\u2019\u0131n g\u00f6r\u00fcnmeyen y\u00fcz\u00fc bulunmaktad\u0131r. <\/p>\n","protected":false},"excerpt":{"rendered":"<p>2001 yaz\u0131, 9\/11 arifesi. M\u0131s\u0131r\u2019da din istismar\u0131 giderek b\u00fcy\u00fcmektedir. \u00dclkesi Sudan\u2019da iktidar\u0131n polisi olamad\u0131\u011f\u0131 i\u00e7in s\u00fcrg\u00fcn edilmi\u015f Makana, M\u0131s\u0131r\u2019\u0131n da Sudan\u2019a d\u00f6nece\u011finden endi\u015felidir. Dini liderlerin bir<span class=\"excerpt-hellip\"> [\u2026]<\/span><\/p>\n","protected":false},"featured_media":0,"template":"","meta":{"_monsterinsights_skip_tracking":false,"_monsterinsights_sitenote_active":false,"_monsterinsights_sitenote_note":"","_monsterinsights_sitenote_category":0},"product_brand":[],"product_cat":[12291,12711],"product_tag":[],"class_list":{"0":"post-703521","1":"product","2":"type-product","3":"status-publish","5":"product_cat-edebiyat","6":"product_cat-roman-oyku","7":"pa_tur-kitap","8":"pa_yayinevi-kirmizi-kedi-yayinevi","9":"pa_yazar-parker-bilal","11":"first","12":"instock","13":"sale","14":"shipping-taxable","15":"purchasable","16":"product-type-simple"},"_links":{"self":[{"href":"https:\/\/roveyayinevi.com.tr\/index.php\/wp-json\/wp\/v2\/product\/703521","targetHints":{"allow":["GET"]}}],"collection":[{"href":"https:\/\/roveyayinevi.com.tr\/index.php\/wp-json\/wp\/v2\/product"}],"about":[{"href":"https:\/\/roveyayinevi.com.tr\/index.php\/wp-json\/wp\/v2\/types\/product"}],"wp:attachment":[{"href":"https:\/\/roveyayinevi.com.tr\/index.php\/wp-json\/wp\/v2\/media?parent=703521"}],"wp:term":[{"taxonomy":"product_brand","embeddable":true,"href":"https:\/\/roveyayinevi.com.tr\/index.php\/wp-json\/wp\/v2\/product_brand?post=703521"},{"taxonomy":"product_cat","embeddable":true,"href":"https:\/\/roveyayinevi.com.tr\/index.php\/wp-json\/wp\/v2\/product_cat?post=703521"},{"taxonomy":"product_tag","embeddable":true,"href":"https:\/\/roveyayinevi.com.tr\/index.php\/wp-json\/wp\/v2\/product_tag?post=703521"}],"curies":[{"name":"wp","href":"https:\/\/api.w.org\/{rel}","templated":true}]}}