{"id":703520,"date":"2025-08-27T15:26:36","date_gmt":"2025-08-27T12:26:36","guid":{"rendered":"https:\/\/roveyayinevi.com.tr\/index.php\/urun\/beyaz-dis-8\/"},"modified":"2026-04-16T02:12:38","modified_gmt":"2026-04-15T23:12:38","slug":"beyaz-dis-8","status":"publish","type":"product","link":"https:\/\/roveyayinevi.com.tr\/index.php\/urun\/beyaz-dis-8\/","title":{"rendered":"Beyaz Di\u015f"},"content":{"rendered":"<p>Aylar ge\u00e7ti. Beyaz Di\u015f g\u00fc\u00e7lenip, a\u011f\u0131rl\u0131\u011f\u0131 art\u0131p, kaslar\u0131 s\u0131k\u0131la\u015ft\u0131k\u00e7a, karakteri de ona miras kalan ve \u00e7evresi taraf\u0131ndan \u00e7izilen yolda geli\u015fiyordu. Kal\u0131t\u0131m\u0131 kile benzeyen bir hayat \u00f6z\u00fc ta\u015f\u0131yordu. Bu kilin sundu\u011fu pek \u00e7ok olanak vard\u0131, her t\u00fcr farkl\u0131 bi\u00e7ime sokulabilirdi. \u00c7evre bunu yo\u011furup ona belirli bir \u015fekil vererek hizmet ediyordu. E\u011fer Beyaz Di\u015f insanlar\u0131n yakt\u0131\u011f\u0131 ate\u015fin ba\u015f\u0131na gelmi\u015f olmasayd\u0131, Vah\u015fi Do\u011fa ondan ger\u00e7ek bir kurt yaratacakt\u0131. Ama tanr\u0131lar ona farkl\u0131 bir \u00e7evre sunmu\u015flard\u0131, ondan bir kurdu and\u0131ran k\u00f6pek yaratm\u0131\u015flard\u0131, yarat\u0131lan bir kurt de\u011fil bir k\u00f6pekti. <\/p>\n","protected":false},"excerpt":{"rendered":"<p>Aylar ge\u00e7ti. Beyaz Di\u015f g\u00fc\u00e7lenip, a\u011f\u0131rl\u0131\u011f\u0131 art\u0131p, kaslar\u0131 s\u0131k\u0131la\u015ft\u0131k\u00e7a, karakteri de ona miras kalan ve \u00e7evresi taraf\u0131ndan \u00e7izilen yolda geli\u015fiyordu. Kal\u0131t\u0131m\u0131 kile benzeyen bir hayat \u00f6z\u00fc<span class=\"excerpt-hellip\"> [\u2026]<\/span><\/p>\n","protected":false},"featured_media":0,"template":"","meta":{"_monsterinsights_skip_tracking":false,"_monsterinsights_sitenote_active":false,"_monsterinsights_sitenote_note":"","_monsterinsights_sitenote_category":0},"product_brand":[],"product_cat":[12891,12291],"product_tag":[],"class_list":{"0":"post-703520","1":"product","2":"type-product","3":"status-publish","5":"product_cat-amerikan-edebiyati","6":"product_cat-edebiyat","7":"pa_cilt-ciltsiz","8":"pa_tur-kitap","9":"pa_yayinevi-akil-celen-kitaplar","10":"pa_yazar-jack-london","12":"first","13":"instock","14":"sale","15":"shipping-taxable","16":"purchasable","17":"product-type-simple"},"_links":{"self":[{"href":"https:\/\/roveyayinevi.com.tr\/index.php\/wp-json\/wp\/v2\/product\/703520","targetHints":{"allow":["GET"]}}],"collection":[{"href":"https:\/\/roveyayinevi.com.tr\/index.php\/wp-json\/wp\/v2\/product"}],"about":[{"href":"https:\/\/roveyayinevi.com.tr\/index.php\/wp-json\/wp\/v2\/types\/product"}],"wp:attachment":[{"href":"https:\/\/roveyayinevi.com.tr\/index.php\/wp-json\/wp\/v2\/media?parent=703520"}],"wp:term":[{"taxonomy":"product_brand","embeddable":true,"href":"https:\/\/roveyayinevi.com.tr\/index.php\/wp-json\/wp\/v2\/product_brand?post=703520"},{"taxonomy":"product_cat","embeddable":true,"href":"https:\/\/roveyayinevi.com.tr\/index.php\/wp-json\/wp\/v2\/product_cat?post=703520"},{"taxonomy":"product_tag","embeddable":true,"href":"https:\/\/roveyayinevi.com.tr\/index.php\/wp-json\/wp\/v2\/product_tag?post=703520"}],"curies":[{"name":"wp","href":"https:\/\/api.w.org\/{rel}","templated":true}]}}