{"id":703518,"date":"2025-08-27T15:26:35","date_gmt":"2025-08-27T12:26:35","guid":{"rendered":"https:\/\/roveyayinevi.com.tr\/index.php\/urun\/destina\/"},"modified":"2026-04-08T02:16:19","modified_gmt":"2026-04-07T23:16:19","slug":"destina","status":"publish","type":"product","link":"https:\/\/roveyayinevi.com.tr\/index.php\/urun\/destina\/","title":{"rendered":"Destina"},"content":{"rendered":"<p>Hen\u00fcz ya\u015fanmam\u0131\u015f yak\u0131n bir gelece\u011fi anlatt\u0131\u011f\u0131 Destina\u2019da \u201cBu romanda yaz\u0131l\u0131 her \u015fey do\u011fru, hi\u00e7bir \u015fey ger\u00e7ek de\u011fildir\u201d diyor Mine G. K\u0131r\u0131kkanat. Bu yak\u0131n gelecekte, \u0130stanbul K\u00fcresel Y\u00f6neti\u015fim\u2019in idaresine ge\u00e7mi\u015f, T\u00fcrkler de g\u00f6\u00e7 ettikleri farkl\u0131 \u00fclkelerde asimilasyona u\u011fram\u0131\u015ft\u0131r. Ha\u00e7 ile Hilal\u2019in sava\u015f\u0131 sona ermi\u015f, yerini H\u0131ristiyanl\u0131\u011f\u0131n mezhep \u00e7at\u0131\u015fmas\u0131 alm\u0131\u015ft\u0131r. Bu sava\u015f\u0131n galibini, Roma\u2019n\u0131n ilk H\u0131ristiyan imparatoru olan ve Konstantinopolis\u2019i ba\u015fkent yaparak H\u0131ristiyanl\u0131\u011fa arma\u011fan eden B\u00fcy\u00fck Konstantin\u2019in soyundan gelen bir varisin bulunmas\u0131 ya da tam tersi ortadan kald\u0131r\u0131lmas\u0131 belirleyecektir. Konuya ve b\u00f6lgeye hakim olmalar\u0131 nedeniyle se\u00e7ilen \u00fc\u00e7 T\u00fcrk ajan, r\u00fcyalar\u0131n izinden giderek \u00e7\u0131kt\u0131klar\u0131 zaman yolculu\u011funda k\u0131yas\u0131ya bir m\u00fccadelenin tam ortas\u0131nda bulacaklard\u0131r kendilerini. <\/p>\n","protected":false},"excerpt":{"rendered":"<p>Hen\u00fcz ya\u015fanmam\u0131\u015f yak\u0131n bir gelece\u011fi anlatt\u0131\u011f\u0131 Destina\u2019da \u201cBu romanda yaz\u0131l\u0131 her \u015fey do\u011fru, hi\u00e7bir \u015fey ger\u00e7ek de\u011fildir\u201d diyor Mine G. K\u0131r\u0131kkanat. Bu yak\u0131n gelecekte, \u0130stanbul K\u00fcresel<span class=\"excerpt-hellip\"> [\u2026]<\/span><\/p>\n","protected":false},"featured_media":0,"template":"","meta":{"_monsterinsights_skip_tracking":false,"_monsterinsights_sitenote_active":false,"_monsterinsights_sitenote_note":"","_monsterinsights_sitenote_category":0},"product_brand":[],"product_cat":[12291,12711],"product_tag":[],"class_list":{"0":"post-703518","1":"product","2":"type-product","3":"status-publish","5":"product_cat-edebiyat","6":"product_cat-roman-oyku","7":"pa_cilt-ciltsiz","8":"pa_tur-kitap","9":"pa_yayinevi-kirmizi-kedi-yayinevi","10":"pa_yazar-mine-g-kirikkanat","12":"first","13":"instock","14":"sale","15":"shipping-taxable","16":"purchasable","17":"product-type-simple"},"_links":{"self":[{"href":"https:\/\/roveyayinevi.com.tr\/index.php\/wp-json\/wp\/v2\/product\/703518","targetHints":{"allow":["GET"]}}],"collection":[{"href":"https:\/\/roveyayinevi.com.tr\/index.php\/wp-json\/wp\/v2\/product"}],"about":[{"href":"https:\/\/roveyayinevi.com.tr\/index.php\/wp-json\/wp\/v2\/types\/product"}],"wp:attachment":[{"href":"https:\/\/roveyayinevi.com.tr\/index.php\/wp-json\/wp\/v2\/media?parent=703518"}],"wp:term":[{"taxonomy":"product_brand","embeddable":true,"href":"https:\/\/roveyayinevi.com.tr\/index.php\/wp-json\/wp\/v2\/product_brand?post=703518"},{"taxonomy":"product_cat","embeddable":true,"href":"https:\/\/roveyayinevi.com.tr\/index.php\/wp-json\/wp\/v2\/product_cat?post=703518"},{"taxonomy":"product_tag","embeddable":true,"href":"https:\/\/roveyayinevi.com.tr\/index.php\/wp-json\/wp\/v2\/product_tag?post=703518"}],"curies":[{"name":"wp","href":"https:\/\/api.w.org\/{rel}","templated":true}]}}