{"id":703516,"date":"2025-08-27T15:26:34","date_gmt":"2025-08-27T12:26:34","guid":{"rendered":"https:\/\/roveyayinevi.com.tr\/index.php\/urun\/baskanlik-sistemi\/"},"modified":"2026-04-16T02:12:38","modified_gmt":"2026-04-15T23:12:38","slug":"baskanlik-sistemi","status":"publish","type":"product","link":"https:\/\/roveyayinevi.com.tr\/index.php\/urun\/baskanlik-sistemi\/","title":{"rendered":"Ba\u015fkanl\u0131k Sistemi"},"content":{"rendered":"<p>Demokrasi, \u00e7o\u011fullu\u011fu y\u00f6netmek; ondan teklik de\u011fil farkl\u0131l\u0131klar\u0131 ba\u011fda\u015ft\u0131rarak (orkestra gibi) siyasi birlik yaratmakt\u0131r. Bu \u00e7aba, uzla\u015fma k\u00fclt\u00fcr\u00fcn\u00fc geli\u015ftirir. Makulde anla\u015fmak prati\u011fini ve rejimin orta\u011f\u0131 olmak duygusunu geli\u015ftirir. Bu olgular ger\u00e7ekle\u015fmeden ulus (millet) olmak bilinci geli\u015femez. Kendisini y\u00f6netmeye ehil ve yetkili g\u00f6ren bir az\u0131nl\u0131k (se\u00e7kinler) \u2018ulus ad\u0131na\u2019 toplumu y\u00f6netir ve bunun da do\u011fru oldu\u011funu t\u00fcm siyasi, hukuki ve e\u011fitsel ara\u00e7lar\u0131 kullanarak me\u015frula\u015ft\u0131rmaya \u00e7al\u0131\u015f\u0131r. S\u00f6ylenenler, bizim cumhuriyet tarihimizin k\u0131sa \u00f6yk\u00fcs\u00fcd\u00fcr. Biriken bir\u00e7ok sorunu gidermek i\u00e7in otoriter merkeziyet\u00e7ili\u011fin ve tek\u00e7i siyasal k\u00fclt\u00fcr\u00fcn de\u011fi\u015fmesinin aciliyet kazand\u0131\u011f\u0131 g\u00fcn\u00fcm\u00fczde demokrasiyi, kat\u0131l\u0131mc\u0131 ve \u00e7o\u011fulcu esaslar do\u011frultusunda geli\u015ftirece\u011fimize neden tek elde toplanacak bir g\u00fc\u00e7 aray\u0131\u015f\u0131n\u0131 ye\u011fliyoruz?- Prof. Dr. Do\u011fu ERG\u0130LLider sultas\u0131 politik liderlikte her zaman kronik bir mesele olarak kar\u015f\u0131m\u0131za \u00e7\u0131kar. \u00dclkemizde liderli\u011fi \u015fekillendirmede hukuk\u00ee yap\u0131n\u0131n k\u00fc\u00e7\u00fcmsenmeyecek bir etkisi vard\u0131r. Esasen Siyasi Partiler Kanunumuz ve ona paralel kaleme al\u0131nan parti i\u00e7t\u00fcz\u00fckleri, merkeziyet\u00e7ili\u011fi ve genel ba\u015fkan otoritesini g\u00fcvenceye al\u0131r. Dileyen lider, bu mevzuattan istifade ederek son derece dar bir kadronun yard\u0131m\u0131yla partisinin merkez ve ta\u015fra te\u015fkilatlar\u0131nda h\u00e2kimiyet kurabilir. Liderler yasama organ\u0131n\u0131 tamamen \u015fekillendirebilirlerken parlamenter h\u00fck\u00fcmet sistemimiz b\u00fcy\u00fck halk deste\u011fi alan veya bu destek yan\u0131 s\u0131ra se\u00e7im sisteminin avantajlar\u0131yla tek parti h\u00fck\u00fcmeti kurabilen liderin de y\u00fcr\u00fctme cihaz\u0131n\u0131 \u00f6nemli \u00f6l\u00e7\u00fcde kontrol etmesini sa\u011flar.- Do\u00e7. Dr. Aliyar DemirciKendimizi kar\u015f\u0131la\u015ft\u0131rd\u0131\u011f\u0131m\u0131z \u00fclkeler aras\u0131nda T\u00fcrkiye boyutlar\u0131nda olup bu denli merkezi bir y\u00f6netim anlay\u0131\u015f\u0131yla y\u00f6netilen ba\u015fka bir \u00fclke yoktur. Merkeziyet\u00e7ili\u011fin idar\u00ee oldu\u011fu kadar siyasi ve iktisadi pek \u00e7ok tahribat\u0131 olmas\u0131na ra\u011fmen konu T\u00fcrkiye\u2019nin g\u00f6r\u00fcnmeyen ve tart\u0131\u015f\u0131lmayan sorunlar\u0131ndan birisidir. (\u2026) AB\u2019nin B\u00f6lgesel Politika uygulamalar\u0131 vas\u0131tas\u0131yla ger\u00e7ekle\u015fecek b\u00f6lgeselle\u015fme, bir AB taahh\u00fcd\u00fc oldu\u011fu \u00f6l\u00e7\u00fcde T\u00fcrkiye\u2019nin \u00f6n\u00fcnde hukuki, idari, iktisad\u00ee, be\u015feri ve siyas\u00ee anlamda bulunmaz bir f\u0131rsat olarak duruyor. Maharet, eldeki mali ve be\u015feri kaynaklar\u0131 iyi kullanarak bu f\u0131rsattan faydalanmaktad\u0131r.- Do\u00e7. Dr. Cengiz AktarG\u00fcn\u00fcm\u00fczde demokratik \u00fclkelerde uygulanmakta olan parlamenter sistem, ba\u015fkanl\u0131k ve yar\u0131-ba\u015fkanl\u0131k sistemlerinin her \u00fc\u00e7\u00fcn\u00fcn de hem ba\u015far\u0131l\u0131 hem de ba\u015far\u0131s\u0131z uygulamalar\u0131 bulunmaktad\u0131r. T\u00fcrkiye\u2019de ya\u015fanan istikrars\u0131zl\u0131klar\u0131n temel sebebini h\u00fck\u00fcmet sisteminde arayanlar\u0131n yan\u0131s\u0131ra se\u00e7im sistemi, siyasi partiler yasas\u0131, y\u00fczde onluk se\u00e7im baraj\u0131 ve devletin a\u015f\u0131r\u0131 merkeziyete dayal\u0131 \u00f6rg\u00fctlenme modelinde arayanlar da bulunmaktad\u0131r. T\u00fcrkiye\u2019nin temel sorunlar\u0131ndan biri de h\u00fck\u00fcmet sisteminden ziyade demokrasi k\u00fclt\u00fcr\u00fc yoksunlu\u011fu sorunudur. Dolay\u0131s\u0131yla h\u00fck\u00fcmet sistemi ile ilgili yasal d\u00fczenlemelerin yap\u0131lmas\u0131 sorunu \u00e7\u00f6zmekte yetersiz kalabilir. Esasen demokrasi e\u011fitimi ve k\u00fclt\u00fcr\u00fcn\u00fcn geli\u015ftirilmesi b\u00fcy\u00fck \u00f6nem ta\u015f\u0131maktad\u0131r.- Do\u00e7. Dr. Murat Akta\u015f <\/p>\n","protected":false},"excerpt":{"rendered":"<p>Demokrasi, \u00e7o\u011fullu\u011fu y\u00f6netmek; ondan teklik de\u011fil farkl\u0131l\u0131klar\u0131 ba\u011fda\u015ft\u0131rarak (orkestra gibi) siyasi birlik yaratmakt\u0131r. Bu \u00e7aba, uzla\u015fma k\u00fclt\u00fcr\u00fcn\u00fc geli\u015ftirir. Makulde anla\u015fmak prati\u011fini ve rejimin orta\u011f\u0131 olmak duygusunu<span class=\"excerpt-hellip\"> [\u2026]<\/span><\/p>\n","protected":false},"featured_media":0,"template":"","meta":{"_monsterinsights_skip_tracking":false,"_monsterinsights_sitenote_active":false,"_monsterinsights_sitenote_note":"","_monsterinsights_sitenote_category":0},"product_brand":[],"product_cat":[12337,14543],"product_tag":[],"class_list":{"0":"post-703516","1":"product","2":"type-product","3":"status-publish","5":"product_cat-politika-siyaset","6":"product_cat-turkiye-siyaseti-ve-politikasi","7":"pa_cilt-ciltsiz","8":"pa_tur-kitap","9":"pa_yayinevi-liberte-yayinlari","10":"pa_yazar-kolektif","12":"first","13":"instock","14":"sale","15":"shipping-taxable","16":"purchasable","17":"product-type-simple"},"_links":{"self":[{"href":"https:\/\/roveyayinevi.com.tr\/index.php\/wp-json\/wp\/v2\/product\/703516","targetHints":{"allow":["GET"]}}],"collection":[{"href":"https:\/\/roveyayinevi.com.tr\/index.php\/wp-json\/wp\/v2\/product"}],"about":[{"href":"https:\/\/roveyayinevi.com.tr\/index.php\/wp-json\/wp\/v2\/types\/product"}],"wp:attachment":[{"href":"https:\/\/roveyayinevi.com.tr\/index.php\/wp-json\/wp\/v2\/media?parent=703516"}],"wp:term":[{"taxonomy":"product_brand","embeddable":true,"href":"https:\/\/roveyayinevi.com.tr\/index.php\/wp-json\/wp\/v2\/product_brand?post=703516"},{"taxonomy":"product_cat","embeddable":true,"href":"https:\/\/roveyayinevi.com.tr\/index.php\/wp-json\/wp\/v2\/product_cat?post=703516"},{"taxonomy":"product_tag","embeddable":true,"href":"https:\/\/roveyayinevi.com.tr\/index.php\/wp-json\/wp\/v2\/product_tag?post=703516"}],"curies":[{"name":"wp","href":"https:\/\/api.w.org\/{rel}","templated":true}]}}