{"id":703513,"date":"2025-08-27T15:26:33","date_gmt":"2025-08-27T12:26:33","guid":{"rendered":"https:\/\/roveyayinevi.com.tr\/index.php\/urun\/karanlik\/"},"modified":"2025-10-21T03:31:26","modified_gmt":"2025-10-21T00:31:26","slug":"karanlik","status":"publish","type":"product","link":"https:\/\/roveyayinevi.com.tr\/index.php\/urun\/karanlik\/","title":{"rendered":"Karanl\u0131k"},"content":{"rendered":"<p>G\u00f6zlerim doluyor\u2026 Hatta i\u00e7ime a\u011fl\u0131yorum. Ne \u00e7ok \u015fey kaybettik ve daha ne kadar kaybedece\u011fiz acaba? Hi\u00e7 gitmeyecek sand\u0131klar\u0131m\u0131z, art\u0131k geri d\u00f6nmeyecekler. <\/p>\n","protected":false},"excerpt":{"rendered":"<p>G\u00f6zlerim doluyor\u2026 Hatta i\u00e7ime a\u011fl\u0131yorum. Ne \u00e7ok \u015fey kaybettik ve daha ne kadar kaybedece\u011fiz acaba? Hi\u00e7 gitmeyecek sand\u0131klar\u0131m\u0131z, art\u0131k geri d\u00f6nmeyecekler.<\/p>\n","protected":false},"featured_media":0,"template":"","meta":{"_monsterinsights_skip_tracking":false,"_monsterinsights_sitenote_active":false,"_monsterinsights_sitenote_note":"","_monsterinsights_sitenote_category":0},"product_brand":[],"product_cat":[12291,12711],"product_tag":[],"class_list":{"0":"post-703513","1":"product","2":"type-product","3":"status-publish","5":"product_cat-edebiyat","6":"product_cat-roman-oyku","7":"pa_tur-kitap","8":"pa_yayinevi-beyaz-baykus-yayinlari","9":"pa_yazar-m-h-kan","11":"first","12":"instock","13":"sale","14":"shipping-taxable","15":"purchasable","16":"product-type-simple"},"_links":{"self":[{"href":"https:\/\/roveyayinevi.com.tr\/index.php\/wp-json\/wp\/v2\/product\/703513","targetHints":{"allow":["GET"]}}],"collection":[{"href":"https:\/\/roveyayinevi.com.tr\/index.php\/wp-json\/wp\/v2\/product"}],"about":[{"href":"https:\/\/roveyayinevi.com.tr\/index.php\/wp-json\/wp\/v2\/types\/product"}],"wp:attachment":[{"href":"https:\/\/roveyayinevi.com.tr\/index.php\/wp-json\/wp\/v2\/media?parent=703513"}],"wp:term":[{"taxonomy":"product_brand","embeddable":true,"href":"https:\/\/roveyayinevi.com.tr\/index.php\/wp-json\/wp\/v2\/product_brand?post=703513"},{"taxonomy":"product_cat","embeddable":true,"href":"https:\/\/roveyayinevi.com.tr\/index.php\/wp-json\/wp\/v2\/product_cat?post=703513"},{"taxonomy":"product_tag","embeddable":true,"href":"https:\/\/roveyayinevi.com.tr\/index.php\/wp-json\/wp\/v2\/product_tag?post=703513"}],"curies":[{"name":"wp","href":"https:\/\/api.w.org\/{rel}","templated":true}]}}