{"id":703511,"date":"2025-08-27T15:26:33","date_gmt":"2025-08-27T12:26:33","guid":{"rendered":"https:\/\/roveyayinevi.com.tr\/index.php\/urun\/vatan-icin\/"},"modified":"2026-04-16T02:12:38","modified_gmt":"2026-04-15T23:12:38","slug":"vatan-icin","status":"publish","type":"product","link":"https:\/\/roveyayinevi.com.tr\/index.php\/urun\/vatan-icin\/","title":{"rendered":"Vatan \u0130\u00e7in"},"content":{"rendered":"<p>Zavall\u0131 Bursa! Orhan Gazi\u2019nin bize hediyesi olan bu g\u00fczel \u015fehir, d\u00fc\u015fman zulm\u00fc alt\u0131nda inim ini inliyordu. Yunan kuvvetleri kumandan\u0131, Osman Gazi\u2019nin t\u00fcrbesini tekmeliyor, \u015f\u00f6yle ba\u011f\u0131r\u0131yordu: \u201cKalk bakal\u0131m Osman! Senin kurdu\u011fun devleti ben y\u0131k\u0131yorum. Kalk da milletini kurtar ben de g\u00f6reyim!\u201d \u0130\u00e7imiz kan a\u011fl\u0131yordu. Memleketimizi kurtarmak i\u00e7in yan\u0131p tutu\u015fuyorduk. \u201cAnne!\u201d dedim. \u201cVatan kurtar\u0131lmaya muhta\u00e7. D\u00fc\u015fman \u00e7izmesi alt\u0131nda ezilen bir memleketin evlad\u0131 rahat\u00e7a oturmamal\u0131. Karar\u0131m\u0131 verdim anne, izin verirsen arkada\u015flar\u0131m gibi da\u011fa \u00e7\u0131kaca\u011f\u0131m. Vatan\u0131m i\u00e7in, dinim i\u00e7in, milletim i\u00e7in vuru\u015faca\u011f\u0131m. Belki \u00f6lece\u011fim ama hi\u00e7bir zaman esir olmayaca\u011f\u0131m.\u201d *** Bu kitapta Kurtulu\u015f Sava\u015f\u0131\u2019na kat\u0131lmaya karar veren on sekiz ya\u015f\u0131ndaki bir gencin hik\u00e2yesi anlat\u0131l\u0131yor. Bu gen\u00e7 ve y\u00fczlercesi\u2026 Can\u0131n\u0131 ortaya koyan kahraman askerler\u2026 V\u00fccutlar\u0131n\u0131n bir k\u0131sm\u0131n\u0131 vatan i\u00e7in feda eden gaziler\u2026 Evlatlar\u0131n\u0131 k\u00fc\u00e7\u00fck ya\u015fta \u00f6ks\u00fcz b\u0131rak\u0131p \u00f6l\u00fcme korkusuzca y\u00fcr\u00fcyen \u015fehitler\u2026<\/p>\n","protected":false},"excerpt":{"rendered":"<p>Zavall\u0131 Bursa! Orhan Gazi\u2019nin bize hediyesi olan bu g\u00fczel \u015fehir, d\u00fc\u015fman zulm\u00fc alt\u0131nda inim ini inliyordu. Yunan kuvvetleri kumandan\u0131, Osman Gazi\u2019nin t\u00fcrbesini tekmeliyor, \u015f\u00f6yle ba\u011f\u0131r\u0131yordu: \u201cKalk<span class=\"excerpt-hellip\"> [\u2026]<\/span><\/p>\n","protected":false},"featured_media":0,"template":"","meta":{"_monsterinsights_skip_tracking":false,"_monsterinsights_sitenote_active":false,"_monsterinsights_sitenote_note":"","_monsterinsights_sitenote_category":0},"product_brand":[],"product_cat":[12274,18802],"product_tag":[],"class_list":{"0":"post-703511","1":"product","2":"type-product","3":"status-publish","5":"product_cat-cocuk-ve-genclik-kitaplari","6":"product_cat-din-egitimi","7":"pa_cilt-ciltsiz","8":"pa_tur-kitap","9":"pa_yayinevi-nesil-cocuk-yayinlari","10":"pa_yazar-yavuz-bahadiroglu","12":"first","13":"instock","14":"sale","15":"shipping-taxable","16":"purchasable","17":"product-type-simple"},"_links":{"self":[{"href":"https:\/\/roveyayinevi.com.tr\/index.php\/wp-json\/wp\/v2\/product\/703511","targetHints":{"allow":["GET"]}}],"collection":[{"href":"https:\/\/roveyayinevi.com.tr\/index.php\/wp-json\/wp\/v2\/product"}],"about":[{"href":"https:\/\/roveyayinevi.com.tr\/index.php\/wp-json\/wp\/v2\/types\/product"}],"wp:attachment":[{"href":"https:\/\/roveyayinevi.com.tr\/index.php\/wp-json\/wp\/v2\/media?parent=703511"}],"wp:term":[{"taxonomy":"product_brand","embeddable":true,"href":"https:\/\/roveyayinevi.com.tr\/index.php\/wp-json\/wp\/v2\/product_brand?post=703511"},{"taxonomy":"product_cat","embeddable":true,"href":"https:\/\/roveyayinevi.com.tr\/index.php\/wp-json\/wp\/v2\/product_cat?post=703511"},{"taxonomy":"product_tag","embeddable":true,"href":"https:\/\/roveyayinevi.com.tr\/index.php\/wp-json\/wp\/v2\/product_tag?post=703511"}],"curies":[{"name":"wp","href":"https:\/\/api.w.org\/{rel}","templated":true}]}}