{"id":703510,"date":"2025-08-27T15:26:32","date_gmt":"2025-08-27T12:26:32","guid":{"rendered":"https:\/\/roveyayinevi.com.tr\/index.php\/urun\/varliklarin-dilinden-efendimiz\/"},"modified":"2026-04-16T02:12:38","modified_gmt":"2026-04-15T23:12:38","slug":"varliklarin-dilinden-efendimiz","status":"publish","type":"product","link":"https:\/\/roveyayinevi.com.tr\/index.php\/urun\/varliklarin-dilinden-efendimiz\/","title":{"rendered":"Varl\u0131klar\u0131n Dilinden Efendimiz"},"content":{"rendered":"<p>\u00c7ocuklar! Siz hi\u00e7 konu\u015fan ku\u015f, kedi, kurt, \u00e7i\u00e7ek yada a\u011fa\u00e7 g\u00f6rd\u00fcn\u00fcz m\u00fc? Bunlar\u0131 belki sadece \u00e7izgi filmlerde izlediniz. Ama b\u00fct\u00fcn varl\u0131klar\u0131n birbirleriyle konu\u015ftuklar\u0131 bir dilleri var. Her varl\u0131k kendi diliyle y\u00fcce Rabbimize te\u015f\u015fek\u00fcr ediyor. Herkes bu konu\u015fulanlar\u0131 duymayabilir, duysa bile anlamayabilir. \u0130nsan\u0131n bir dili anlayabilmesi i\u00e7in \u00f6ncelikle o dili \u00f6\u011frenmesi gerek. B\u00fct\u00fcn varl\u0131klar\u0131n dilini \u00f6\u011frenmek ise her \u015feyi yoktan var eden Rabbimizi sevmekle olabilir. Bunu biz mi nereden mi biliyoruz? Tabii ki Sevgili Peygamberimiz Hz. Muhammed\u2019den. Yery\u00fcz\u00fcnde Allah\u2019\u0131 en fazla seven ve Allah taraf\u0131ndan da en fazla sevilen Peygamber Efendimizdir. Hi\u00e7 \u00f6yle olmasayd\u0131 koca eline ald\u0131\u011f\u0131 ta\u015flar O\u2019nun ismini anarak peygamberli\u011fe \u015fahitlik eder miydi? Hi\u00e7 \u00f6yle olmasayd\u0131 y\u0131lan onu g\u00f6rmek i\u00e7in \u00e7aba harcar m\u0131yd\u0131? Hi\u00e7 \u00f6yle olmasayd\u0131 koca aslan Sevgili Peygamberimizin s\u00f6z\u00fcn\u00fc yerine getirmek i\u00e7in yola \u00e7\u0131kar m\u0131yd\u0131? Hi\u00e7 \u00f6yle olmasayd\u0131 kurt O\u2019nun peygamber oldu\u011funu \u00e7obana \u00f6\u011fretmeye kalkar m\u0131yd\u0131? B\u00fct\u00fcn bu sorular\u0131n tek cevab\u0131 var:  Hay\u0131r, \u00f6yle olmasayd\u0131 bunlar\u0131n hi\u00e7birisi olmazd\u0131.  Evet \u015fimdi s\u0131ra bizde. \u015eimdi gelin hep birlikte O\u2019nu anlatan varl\u0131klara kulak verelim. Bakal\u0131m varl\u0131klar bize Efendimizi nas\u0131l anlat\u0131yor. <\/p>\n","protected":false},"excerpt":{"rendered":"<p>\u00c7ocuklar! Siz hi\u00e7 konu\u015fan ku\u015f, kedi, kurt, \u00e7i\u00e7ek yada a\u011fa\u00e7 g\u00f6rd\u00fcn\u00fcz m\u00fc? Bunlar\u0131 belki sadece \u00e7izgi filmlerde izlediniz. Ama b\u00fct\u00fcn varl\u0131klar\u0131n birbirleriyle konu\u015ftuklar\u0131 bir dilleri var.<span class=\"excerpt-hellip\"> [\u2026]<\/span><\/p>\n","protected":false},"featured_media":0,"template":"","meta":{"_monsterinsights_skip_tracking":false,"_monsterinsights_sitenote_active":false,"_monsterinsights_sitenote_note":"","_monsterinsights_sitenote_category":0},"product_brand":[],"product_cat":[16789,12718,12719],"product_tag":[],"class_list":{"0":"post-703510","1":"product","2":"type-product","3":"status-publish","5":"product_cat-diger-islam","6":"product_cat-din","7":"product_cat-islam","8":"pa_tur-kitap","9":"pa_yayinevi-nesil-cocuk-yayinlari","10":"pa_yazar-abdulkadir-suphandagi","12":"first","13":"instock","14":"sale","15":"shipping-taxable","16":"purchasable","17":"product-type-simple"},"_links":{"self":[{"href":"https:\/\/roveyayinevi.com.tr\/index.php\/wp-json\/wp\/v2\/product\/703510","targetHints":{"allow":["GET"]}}],"collection":[{"href":"https:\/\/roveyayinevi.com.tr\/index.php\/wp-json\/wp\/v2\/product"}],"about":[{"href":"https:\/\/roveyayinevi.com.tr\/index.php\/wp-json\/wp\/v2\/types\/product"}],"wp:attachment":[{"href":"https:\/\/roveyayinevi.com.tr\/index.php\/wp-json\/wp\/v2\/media?parent=703510"}],"wp:term":[{"taxonomy":"product_brand","embeddable":true,"href":"https:\/\/roveyayinevi.com.tr\/index.php\/wp-json\/wp\/v2\/product_brand?post=703510"},{"taxonomy":"product_cat","embeddable":true,"href":"https:\/\/roveyayinevi.com.tr\/index.php\/wp-json\/wp\/v2\/product_cat?post=703510"},{"taxonomy":"product_tag","embeddable":true,"href":"https:\/\/roveyayinevi.com.tr\/index.php\/wp-json\/wp\/v2\/product_tag?post=703510"}],"curies":[{"name":"wp","href":"https:\/\/api.w.org\/{rel}","templated":true}]}}