{"id":703509,"date":"2025-08-27T15:26:32","date_gmt":"2025-08-27T12:26:32","guid":{"rendered":"https:\/\/roveyayinevi.com.tr\/index.php\/urun\/kirec-ocagi\/"},"modified":"2026-04-16T02:12:38","modified_gmt":"2026-04-15T23:12:38","slug":"kirec-ocagi","status":"publish","type":"product","link":"https:\/\/roveyayinevi.com.tr\/index.php\/urun\/kirec-ocagi\/","title":{"rendered":"Kire\u00e7 Oca\u011f\u0131"},"content":{"rendered":"<p>Konrad, be\u015f y\u0131l boyunca kendini ve tekerlekli sandalyeye mahk\u00fbm e\u015fini hapsetti\u011fi, metruk kire\u00e7 oca\u011f\u0131nda tuhaf i\u015fitme deneyleri y\u00fcr\u00fct\u00fcrken \u0130\u015fitme ba\u015fl\u0131kl\u0131 sanatsal-bilimsel-yaz\u0131nsal ba\u015fyap\u0131t\u0131n\u0131 yazmaya haz\u0131rlan\u0131r. Sonunda, ka\u00e7 kur\u015funla oldu\u011fu bilinmemekle birlikte, kar\u0131s\u0131n\u0131 \u00f6ld\u00fcr\u00fcr. G\u00fcn ge\u00e7tik\u00e7e karanl\u0131\u011fa g\u00f6m\u00fclen bir ses labirentini and\u0131ran, d\u0131\u015f d\u00fcnyadan yal\u0131t\u0131lm\u0131\u015f kire\u00e7 oca\u011f\u0131n\u0131n \u00f6yk\u00fcs\u00fc bu \u201cbilinmez son\u201dla ba\u015flar.   Bernhard, en vurucu roman\u0131 Kire\u00e7 Oca\u011f\u0131\u2019nda, kusursuz ba\u015fyap\u0131t tasar\u0131s\u0131yla ya\u015fama eylemi aras\u0131ndaki \u00e7atla\u011f\u0131; saplant\u0131, \u00f6fke, delilik e\u015fiklerinde gidip gelen insan\u0131n karanl\u0131k, sakatlanm\u0131\u015f, tekinsiz karakterini a\u00e7\u0131\u011fa \u00e7\u0131karan \u201cvuru\u015f\u201dlarla ara\u015ft\u0131rmaya giri\u015fiyor.     Bernhard belki de en can al\u0131c\u0131 i\u015fitme deneyini okurla yaparken en deh\u015fet verici c\u00fcmle yine okurun kula\u011f\u0131nda \u00e7\u0131nl\u0131yor: \u0130nsan insanlarla sadece kirlenir.       Benim rol modelim Thomas Bernhard; bir yazar olarak onu \u00e7ok \u00f6zl\u00fcyorum. Y\u00f6ntemini, anlat\u0131n\u0131n bir, iki k\u00f6\u015feyi d\u00f6nd\u00fc\u011f\u00fc, periskopik yaz\u0131 diye tan\u0131mlayabilirim \u2013 zaman\u0131m\u0131z\u0131n epik yaz\u0131n\u0131 ad\u0131na \u00e7ok \u00f6nemli bir bulu\u015f. W. G. Sebald     So\u011fukluk olmadan netlik olur mu? Thomas Bernhard\u2019\u0131n Kire\u00e7 Oca\u011f\u0131 bu soruyu cevaplam\u0131yor. Ancak bu soru, Kire\u00e7 Oca\u011f\u0131 olmadan cevaplanamaz.   Ernst-Wilhelm H\u00e4ndler, Frankfurter Allgemeine Zeitung <\/p>\n","protected":false},"excerpt":{"rendered":"<p>Konrad, be\u015f y\u0131l boyunca kendini ve tekerlekli sandalyeye mahk\u00fbm e\u015fini hapsetti\u011fi, metruk kire\u00e7 oca\u011f\u0131nda tuhaf i\u015fitme deneyleri y\u00fcr\u00fct\u00fcrken \u0130\u015fitme ba\u015fl\u0131kl\u0131 sanatsal-bilimsel-yaz\u0131nsal ba\u015fyap\u0131t\u0131n\u0131 yazmaya haz\u0131rlan\u0131r. Sonunda, ka\u00e7<span class=\"excerpt-hellip\"> [\u2026]<\/span><\/p>\n","protected":false},"featured_media":0,"template":"","meta":{"_monsterinsights_skip_tracking":false,"_monsterinsights_sitenote_active":false,"_monsterinsights_sitenote_note":"","_monsterinsights_sitenote_category":0},"product_brand":[],"product_cat":[12291,12711],"product_tag":[],"class_list":{"0":"post-703509","1":"product","2":"type-product","3":"status-publish","5":"product_cat-edebiyat","6":"product_cat-roman-oyku","7":"pa_cilt-ciltsiz","8":"pa_tur-kitap","9":"pa_yayinevi-yapi-kredi-yayinlari","10":"pa_yazar-thomas-bernhard","12":"first","13":"instock","14":"sale","15":"shipping-taxable","16":"purchasable","17":"product-type-simple"},"_links":{"self":[{"href":"https:\/\/roveyayinevi.com.tr\/index.php\/wp-json\/wp\/v2\/product\/703509","targetHints":{"allow":["GET"]}}],"collection":[{"href":"https:\/\/roveyayinevi.com.tr\/index.php\/wp-json\/wp\/v2\/product"}],"about":[{"href":"https:\/\/roveyayinevi.com.tr\/index.php\/wp-json\/wp\/v2\/types\/product"}],"wp:attachment":[{"href":"https:\/\/roveyayinevi.com.tr\/index.php\/wp-json\/wp\/v2\/media?parent=703509"}],"wp:term":[{"taxonomy":"product_brand","embeddable":true,"href":"https:\/\/roveyayinevi.com.tr\/index.php\/wp-json\/wp\/v2\/product_brand?post=703509"},{"taxonomy":"product_cat","embeddable":true,"href":"https:\/\/roveyayinevi.com.tr\/index.php\/wp-json\/wp\/v2\/product_cat?post=703509"},{"taxonomy":"product_tag","embeddable":true,"href":"https:\/\/roveyayinevi.com.tr\/index.php\/wp-json\/wp\/v2\/product_tag?post=703509"}],"curies":[{"name":"wp","href":"https:\/\/api.w.org\/{rel}","templated":true}]}}