{"id":703506,"date":"2025-08-27T15:26:30","date_gmt":"2025-08-27T12:26:30","guid":{"rendered":"https:\/\/roveyayinevi.com.tr\/index.php\/urun\/rus-ve-ermeni-kaynaklari-isiginda-ermeni-sorunu-ortaya-cikis-sureci-1678-1914\/"},"modified":"2026-04-16T02:12:38","modified_gmt":"2026-04-15T23:12:38","slug":"rus-ve-ermeni-kaynaklari-isiginda-ermeni-sorunu-ortaya-cikis-sureci-1678-1914","status":"publish","type":"product","link":"https:\/\/roveyayinevi.com.tr\/index.php\/urun\/rus-ve-ermeni-kaynaklari-isiginda-ermeni-sorunu-ortaya-cikis-sureci-1678-1914\/","title":{"rendered":"Rus ve Ermeni Kaynaklar\u0131 I\u015f\u0131\u011f\u0131nda Ermeni Sorunu Ortaya \u00c7\u0131k\u0131\u015f S\u00fcreci 1678-1914"},"content":{"rendered":"<p>Ermeni Sorunu setinin ilk kitab\u0131 olan bu inceleme, g\u00fcn y\u00fcz\u00fcne \u00e7\u0131kmam\u0131\u015f Rus ar\u015fiv belgeleri ve Ermeni kaynaklar\u0131yla konunun bilinmeyen y\u00f6nlerini ortaya koymaktad\u0131r. 1915 y\u0131l\u0131ndaki Ermeni olaylar\u0131n\u0131n do\u011fru bir \u015fekilde analiz edilebilmesi, ancak konun tarih\u00ee arka plan\u0131n\u0131n anla\u015f\u0131lmas\u0131 ile m\u00fcmk\u00fcn olabilir. Bu \u00e7al\u0131\u015fmada, 1678-1914 tarihleri aras\u0131nda Ermeni Sorununun de\u011fi\u015fken y\u00f6nleri ilk elden kaynaklarla incelenmi\u015ftir. <\/p>\n","protected":false},"excerpt":{"rendered":"<p>Ermeni Sorunu setinin ilk kitab\u0131 olan bu inceleme, g\u00fcn y\u00fcz\u00fcne \u00e7\u0131kmam\u0131\u015f Rus ar\u015fiv belgeleri ve Ermeni kaynaklar\u0131yla konunun bilinmeyen y\u00f6nlerini ortaya koymaktad\u0131r. 1915 y\u0131l\u0131ndaki Ermeni olaylar\u0131n\u0131n<span class=\"excerpt-hellip\"> [\u2026]<\/span><\/p>\n","protected":false},"featured_media":0,"template":"","meta":{"_monsterinsights_skip_tracking":false,"_monsterinsights_sitenote_active":false,"_monsterinsights_sitenote_note":"","_monsterinsights_sitenote_category":0},"product_brand":[],"product_cat":[12337,14543],"product_tag":[],"class_list":{"0":"post-703506","1":"product","2":"type-product","3":"status-publish","5":"product_cat-politika-siyaset","6":"product_cat-turkiye-siyaseti-ve-politikasi","7":"pa_cilt-ciltsiz","8":"pa_tur-kitap","9":"pa_yayinevi-srt-yayinlari","10":"pa_yazar-seyit-sertcelik","12":"first","13":"instock","14":"sale","15":"shipping-taxable","16":"purchasable","17":"product-type-simple"},"_links":{"self":[{"href":"https:\/\/roveyayinevi.com.tr\/index.php\/wp-json\/wp\/v2\/product\/703506","targetHints":{"allow":["GET"]}}],"collection":[{"href":"https:\/\/roveyayinevi.com.tr\/index.php\/wp-json\/wp\/v2\/product"}],"about":[{"href":"https:\/\/roveyayinevi.com.tr\/index.php\/wp-json\/wp\/v2\/types\/product"}],"wp:attachment":[{"href":"https:\/\/roveyayinevi.com.tr\/index.php\/wp-json\/wp\/v2\/media?parent=703506"}],"wp:term":[{"taxonomy":"product_brand","embeddable":true,"href":"https:\/\/roveyayinevi.com.tr\/index.php\/wp-json\/wp\/v2\/product_brand?post=703506"},{"taxonomy":"product_cat","embeddable":true,"href":"https:\/\/roveyayinevi.com.tr\/index.php\/wp-json\/wp\/v2\/product_cat?post=703506"},{"taxonomy":"product_tag","embeddable":true,"href":"https:\/\/roveyayinevi.com.tr\/index.php\/wp-json\/wp\/v2\/product_tag?post=703506"}],"curies":[{"name":"wp","href":"https:\/\/api.w.org\/{rel}","templated":true}]}}