{"id":703502,"date":"2025-08-27T15:26:29","date_gmt":"2025-08-27T12:26:29","guid":{"rendered":"https:\/\/roveyayinevi.com.tr\/index.php\/urun\/cici-boya-turuncu\/"},"modified":"2026-04-16T02:12:38","modified_gmt":"2026-04-15T23:12:38","slug":"cici-boya-turuncu","status":"publish","type":"product","link":"https:\/\/roveyayinevi.com.tr\/index.php\/urun\/cici-boya-turuncu\/","title":{"rendered":"Cici Boya (Turuncu)"},"content":{"rendered":"<p>Cici Boyama ve Sevimli Boyama 3-5 ya\u015f \u00e7ocuklar\u0131 i\u00e7in haz\u0131rlanm\u0131\u015f \u00f6zenli bir \u00e7al\u0131\u015fmad\u0131r. Okul \u00f6ncesi \u00e7ocuklar\u0131n\u0131n zihinsel ve bedensel geli\u015fimi dikkate al\u0131narak haz\u0131rlanan iki seri de onlar\u0131n el becerilerini geli\u015ftirirken, miniklerimizi renklerin \u00e7\u0131lg\u0131n d\u00fcnyas\u0131na davet ederek keyifli saatler ge\u00e7irmelerini sa\u011flayacakt\u0131r. \ufffcTan\u0131t\u0131m Metni<\/p>\n","protected":false},"excerpt":{"rendered":"<p>Cici Boyama ve Sevimli Boyama 3-5 ya\u015f \u00e7ocuklar\u0131 i\u00e7in haz\u0131rlanm\u0131\u015f \u00f6zenli bir \u00e7al\u0131\u015fmad\u0131r. Okul \u00f6ncesi \u00e7ocuklar\u0131n\u0131n zihinsel ve bedensel geli\u015fimi dikkate al\u0131narak haz\u0131rlanan iki seri de<span class=\"excerpt-hellip\"> [\u2026]<\/span><\/p>\n","protected":false},"featured_media":0,"template":"","meta":{"_monsterinsights_skip_tracking":false,"_monsterinsights_sitenote_active":false,"_monsterinsights_sitenote_note":"","_monsterinsights_sitenote_category":0},"product_brand":[],"product_cat":[12644,12274],"product_tag":[],"class_list":{"0":"post-703502","1":"product","2":"type-product","3":"status-publish","5":"product_cat-boyama-kitaplari","6":"product_cat-cocuk-ve-genclik-kitaplari","7":"pa_cilt-ciltsiz","8":"pa_tur-kitap","9":"pa_yayinevi-altin-kitaplar-boyama-ve-cocuk-kitaplari","10":"pa_yazar-kollektif","12":"first","13":"instock","14":"sale","15":"shipping-taxable","16":"purchasable","17":"product-type-simple"},"_links":{"self":[{"href":"https:\/\/roveyayinevi.com.tr\/index.php\/wp-json\/wp\/v2\/product\/703502","targetHints":{"allow":["GET"]}}],"collection":[{"href":"https:\/\/roveyayinevi.com.tr\/index.php\/wp-json\/wp\/v2\/product"}],"about":[{"href":"https:\/\/roveyayinevi.com.tr\/index.php\/wp-json\/wp\/v2\/types\/product"}],"wp:attachment":[{"href":"https:\/\/roveyayinevi.com.tr\/index.php\/wp-json\/wp\/v2\/media?parent=703502"}],"wp:term":[{"taxonomy":"product_brand","embeddable":true,"href":"https:\/\/roveyayinevi.com.tr\/index.php\/wp-json\/wp\/v2\/product_brand?post=703502"},{"taxonomy":"product_cat","embeddable":true,"href":"https:\/\/roveyayinevi.com.tr\/index.php\/wp-json\/wp\/v2\/product_cat?post=703502"},{"taxonomy":"product_tag","embeddable":true,"href":"https:\/\/roveyayinevi.com.tr\/index.php\/wp-json\/wp\/v2\/product_tag?post=703502"}],"curies":[{"name":"wp","href":"https:\/\/api.w.org\/{rel}","templated":true}]}}