{"id":703495,"date":"2025-08-27T15:26:26","date_gmt":"2025-08-27T12:26:26","guid":{"rendered":"https:\/\/roveyayinevi.com.tr\/index.php\/urun\/su-acayip-karincalar\/"},"modified":"2026-04-16T02:12:38","modified_gmt":"2026-04-15T23:12:38","slug":"su-acayip-karincalar","status":"publish","type":"product","link":"https:\/\/roveyayinevi.com.tr\/index.php\/urun\/su-acayip-karincalar\/","title":{"rendered":"\u015eu Acayip Kar\u0131ncalar"},"content":{"rendered":"<p>T\u00fcrkiye\u2019nin en \u00e7ok sevilen pop\u00fcler bilim dizisi Acayip \u015eeyler\u2019in heyecanl\u0131 okurlar\u0131nca yaz ba\u015f\u0131ndan beri beklenen 14. kitab\u0131 \u015eu Acayip Kar\u0131ncalar nihayet \u00e7\u0131kt\u0131! Tar\u0131k Uslu\u2019nun kar\u0131ncalar aleminde yapt\u0131\u011f\u0131 seyahat, yine ola\u011fan\u00fcst\u00fc acayip ama bu sefer ger\u00e7ekten \u00e7ok acayip maceralarla dolu. Her zamanki gibi e\u011flenceli, komik ve \u015fa\u015f\u0131rt\u0131c\u0131\u2026Tar\u0131k Uslu, kitab\u0131n\u0131n \u00f6n s\u00f6z\u00fcnde okurlar\u0131n\u0131 bak\u0131n nas\u0131l selaml\u0131yor:&#8221;\u00c7arp Yoksa Ben \u00c7arpar\u0131m&#8221; ad\u0131ndaki Matematik kitab\u0131, daha do\u011frusu Matematikle ilgili kitap ve \u00d6zkan \u00d6ze\u2019nin(!) uzun zamand\u0131r pl\u00e2nlad\u0131\u011f\u0131 ama bir t\u00fcrl\u00fc yapamad\u0131\u011f\u0131 bir ka\u00e7 i\u015fin ard\u0131ndan, nihayet yeni bir Acayip \u015eeyler kitab\u0131 ile birlikteyiz sevgili arkada\u015flar.Biliyorum \u00e7ok ara verdim ve Acayip \u015eeyler\u2019in heyecanl\u0131 okuyucular\u0131n\u0131n sabr\u0131n\u0131 zorlad\u0131m. Ama bak\u0131n i\u015fte kar\u0131ncalar \u00e2leminde yapt\u0131\u011f\u0131m k\u0131sa, fakat \u00e7ok e\u011flenceli bir seyahat ile geri d\u00f6nd\u00fcm!\u015eu Acayip Ar\u0131lar\u2019dan sonra kar\u0131ncalar hakk\u0131nda bir kitap yazmam gerekti\u011fini d\u00fc\u015f\u00fcn\u00fcyordum. Ve i\u015fte bu kitab\u0131n son sat\u0131rlar\u0131n\u0131 yazd\u0131\u011f\u0131mda, ne kadar hakl\u0131 oldu\u011fumu da g\u00f6rd\u00fcm.\u0130nan\u0131n bana \u201ckar\u0131nca karar\u0131nca\u201d hi\u00e7 de \u00f6yle ufak tefek bir \u015fey de\u011filmi\u015f. Yery\u00fcz\u00fc kitab\u0131n\u0131n bu kara kuru siyah harfleri, ger\u00e7ekten \u00e7ok ama \u00e7ok acayipmi\u015f!Elbette yine pek \u00e7ok konuyu atlamam gerekti. \u00c7\u00fcnk\u00fc buna ne zaman, ne de bana ayr\u0131lan sayfalar yeterdi. Buna ra\u011fmen \u015eu Acayip Kar\u0131ncalar\u2019\u0131 \u00e7ok be\u011fenece\u011finizi d\u00fc\u015f\u00fcn\u00fcyorum.Sizlere s\u00f6z\u00fcn\u00fc verdi\u011fim ama bir t\u00fcrl\u00fc ba\u015flayamad\u0131\u011f\u0131m \u015eu Acayip Be\u015f Duyu i\u00e7in de biraz daha sab\u0131r g\u00f6stermenizi istiyorum. \u00c7\u00fcnk\u00fc Ar\u0131lar, kar\u0131ncalar derken, o g\u00fczel kelebeklerin bir k\u00f6\u015fede mahzun mahzun durup, \u201cAcaba bize hi\u00e7 s\u0131ra gelmeyecek mi?\u201d diye tela\u015flanmalar\u0131na g\u00f6nl\u00fcm raz\u0131 gelmedi. O y\u00fczden s\u0131rada kelebekler var&#8230;Eminim kelebekler vadisinden d\u00f6nd\u00fc\u011f\u00fcmde, sizlere anlataca\u011f\u0131m \u00e7ok \u015fey olacak..<\/p>\n","protected":false},"excerpt":{"rendered":"<p>T\u00fcrkiye\u2019nin en \u00e7ok sevilen pop\u00fcler bilim dizisi Acayip \u015eeyler\u2019in heyecanl\u0131 okurlar\u0131nca yaz ba\u015f\u0131ndan beri beklenen 14. kitab\u0131 \u015eu Acayip Kar\u0131ncalar nihayet \u00e7\u0131kt\u0131! Tar\u0131k Uslu\u2019nun kar\u0131ncalar aleminde<span class=\"excerpt-hellip\"> [\u2026]<\/span><\/p>\n","protected":false},"featured_media":0,"template":"","meta":{"_monsterinsights_skip_tracking":false,"_monsterinsights_sitenote_active":false,"_monsterinsights_sitenote_note":"","_monsterinsights_sitenote_category":0},"product_brand":[],"product_cat":[13829,12274],"product_tag":[],"class_list":{"0":"post-703495","1":"product","2":"type-product","3":"status-publish","5":"product_cat-bilimsel-kitaplar","6":"product_cat-cocuk-ve-genclik-kitaplari","7":"pa_cilt-ciltsiz","8":"pa_tur-kitap","9":"pa_yayinevi-ugurbocegi-yayinlari","10":"pa_yazar-tarik-uslu","12":"first","13":"instock","14":"sale","15":"shipping-taxable","16":"purchasable","17":"product-type-simple"},"_links":{"self":[{"href":"https:\/\/roveyayinevi.com.tr\/index.php\/wp-json\/wp\/v2\/product\/703495","targetHints":{"allow":["GET"]}}],"collection":[{"href":"https:\/\/roveyayinevi.com.tr\/index.php\/wp-json\/wp\/v2\/product"}],"about":[{"href":"https:\/\/roveyayinevi.com.tr\/index.php\/wp-json\/wp\/v2\/types\/product"}],"wp:attachment":[{"href":"https:\/\/roveyayinevi.com.tr\/index.php\/wp-json\/wp\/v2\/media?parent=703495"}],"wp:term":[{"taxonomy":"product_brand","embeddable":true,"href":"https:\/\/roveyayinevi.com.tr\/index.php\/wp-json\/wp\/v2\/product_brand?post=703495"},{"taxonomy":"product_cat","embeddable":true,"href":"https:\/\/roveyayinevi.com.tr\/index.php\/wp-json\/wp\/v2\/product_cat?post=703495"},{"taxonomy":"product_tag","embeddable":true,"href":"https:\/\/roveyayinevi.com.tr\/index.php\/wp-json\/wp\/v2\/product_tag?post=703495"}],"curies":[{"name":"wp","href":"https:\/\/api.w.org\/{rel}","templated":true}]}}