{"id":703494,"date":"2025-08-27T15:26:25","date_gmt":"2025-08-27T12:26:25","guid":{"rendered":"https:\/\/roveyayinevi.com.tr\/index.php\/urun\/mevhibe\/"},"modified":"2026-04-16T02:12:38","modified_gmt":"2026-04-15T23:12:38","slug":"mevhibe","status":"publish","type":"product","link":"https:\/\/roveyayinevi.com.tr\/index.php\/urun\/mevhibe\/","title":{"rendered":"Mevhibe"},"content":{"rendered":"<p>K\u00fcllerinden do\u011farak Kurtulu\u015f destan\u0131n\u0131 yazan T\u00fcrk milleti, Cumhuriyet&#8217;le, devrimlerle ve demokrasiyle tan\u0131\u015f\u0131yor\u2026 <\/p>\n","protected":false},"excerpt":{"rendered":"<p>K\u00fcllerinden do\u011farak Kurtulu\u015f destan\u0131n\u0131 yazan T\u00fcrk milleti, Cumhuriyet&#8217;le, devrimlerle ve demokrasiyle tan\u0131\u015f\u0131yor\u2026<\/p>\n","protected":false},"featured_media":0,"template":"","meta":{"_monsterinsights_skip_tracking":false,"_monsterinsights_sitenote_active":false,"_monsterinsights_sitenote_note":"","_monsterinsights_sitenote_category":0},"product_brand":[],"product_cat":[12782,12291],"product_tag":[],"class_list":{"0":"post-703494","1":"product","2":"type-product","3":"status-publish","5":"product_cat-alman-edebiyati","6":"product_cat-edebiyat","7":"pa_tur-kitap","8":"pa_yayinevi-bilgi-yayinevi","9":"pa_yazar-gulsun-bilgehan","11":"first","12":"instock","13":"sale","14":"shipping-taxable","15":"purchasable","16":"product-type-simple"},"_links":{"self":[{"href":"https:\/\/roveyayinevi.com.tr\/index.php\/wp-json\/wp\/v2\/product\/703494","targetHints":{"allow":["GET"]}}],"collection":[{"href":"https:\/\/roveyayinevi.com.tr\/index.php\/wp-json\/wp\/v2\/product"}],"about":[{"href":"https:\/\/roveyayinevi.com.tr\/index.php\/wp-json\/wp\/v2\/types\/product"}],"wp:attachment":[{"href":"https:\/\/roveyayinevi.com.tr\/index.php\/wp-json\/wp\/v2\/media?parent=703494"}],"wp:term":[{"taxonomy":"product_brand","embeddable":true,"href":"https:\/\/roveyayinevi.com.tr\/index.php\/wp-json\/wp\/v2\/product_brand?post=703494"},{"taxonomy":"product_cat","embeddable":true,"href":"https:\/\/roveyayinevi.com.tr\/index.php\/wp-json\/wp\/v2\/product_cat?post=703494"},{"taxonomy":"product_tag","embeddable":true,"href":"https:\/\/roveyayinevi.com.tr\/index.php\/wp-json\/wp\/v2\/product_tag?post=703494"}],"curies":[{"name":"wp","href":"https:\/\/api.w.org\/{rel}","templated":true}]}}