{"id":703491,"date":"2025-08-27T15:26:24","date_gmt":"2025-08-27T12:26:24","guid":{"rendered":"https:\/\/roveyayinevi.com.tr\/index.php\/urun\/frederick\/"},"modified":"2026-04-16T02:12:38","modified_gmt":"2026-04-15T23:12:38","slug":"frederick","status":"publish","type":"product","link":"https:\/\/roveyayinevi.com.tr\/index.php\/urun\/frederick\/","title":{"rendered":"Frederick"},"content":{"rendered":"<p>Minik okurlara y\u00f6nelik \u015fahane \u00f6yk\u00fcleriyle akl\u0131m\u0131z\u0131n k\u00f6\u015fesinde reng\u00e2renk izler b\u0131rakan Lionni, yeni bir ba\u015fyap\u0131tla nam\u0131n\u0131 s\u00fcrd\u00fcr\u00fcyor. Caldecott Onur \u00d6d\u00fcl\u00fc sahibi, \u00f6d\u00fcllerden \u00f6d\u00fcl be\u011fendiren Frederick, \u00e7al\u0131\u015fman\u0131n do\u011fas\u0131 ve sanat\u00e7\u0131n\u0131n toplumdaki yeri \u00fczerine nefis bir g\u00fczelleme. Sanat\u0131n\u0131 konu\u015fturan a\u011fustos b\u00f6cekleri a\u015fk\u0131na, bu kitab\u0131n tad\u0131na bak\u0131n. Kitapl\u0131\u011f\u0131n\u0131z\u0131n en misafirperver, en manzaral\u0131 k\u00f6\u015fesine koyun ve bekleyin. Frederick&#8217;in s\u00f6zleri sizin de i\u00e7inizi \u0131s\u0131tacak. K\u0131\u015fa haz\u0131rl\u0131k yapan tarla fareleri har\u0131l har\u0131l \u00e7al\u0131\u015f\u0131yordu. Biri hari\u00e7: Frederick. Herkes yiyecek toplarken o \u00f6ylece oturuyor, etraf\u0131 izliyordu. Durun, hemen parma\u011f\u0131n\u0131z\u0131 sallamay\u0131n. O da \u00e7al\u0131\u015f\u0131yordu elbette. Kelimeleri, g\u00fcne\u015fin par\u0131lt\u0131lar\u0131n\u0131 ve renkleri topluyordu. Peki, gri k\u0131\u015f kap\u0131ya dayand\u0131\u011f\u0131nda bunlar kar\u0131n doyurur muydu? Frederick&#8217;in hepimiz i\u00e7in \u015fairane bir s\u00fcrprizi var\u2026 <\/p>\n","protected":false},"excerpt":{"rendered":"<p>Minik okurlara y\u00f6nelik \u015fahane \u00f6yk\u00fcleriyle akl\u0131m\u0131z\u0131n k\u00f6\u015fesinde reng\u00e2renk izler b\u0131rakan Lionni, yeni bir ba\u015fyap\u0131tla nam\u0131n\u0131 s\u00fcrd\u00fcr\u00fcyor. Caldecott Onur \u00d6d\u00fcl\u00fc sahibi, \u00f6d\u00fcllerden \u00f6d\u00fcl be\u011fendiren Frederick, \u00e7al\u0131\u015fman\u0131n do\u011fas\u0131<span class=\"excerpt-hellip\"> [\u2026]<\/span><\/p>\n","protected":false},"featured_media":0,"template":"","meta":{"_monsterinsights_skip_tracking":false,"_monsterinsights_sitenote_active":false,"_monsterinsights_sitenote_note":"","_monsterinsights_sitenote_category":0},"product_brand":[],"product_cat":[12275,12274],"product_tag":[],"class_list":{"0":"post-703491","1":"product","2":"type-product","3":"status-publish","5":"product_cat-6-12-yas-kitaplari","6":"product_cat-cocuk-ve-genclik-kitaplari","7":"pa_cilt-ciltsiz","8":"pa_tur-kitap","9":"pa_yayinevi-elma-cocuk","10":"pa_yazar-leo-lionni","12":"first","13":"instock","14":"sale","15":"shipping-taxable","16":"purchasable","17":"product-type-simple"},"_links":{"self":[{"href":"https:\/\/roveyayinevi.com.tr\/index.php\/wp-json\/wp\/v2\/product\/703491","targetHints":{"allow":["GET"]}}],"collection":[{"href":"https:\/\/roveyayinevi.com.tr\/index.php\/wp-json\/wp\/v2\/product"}],"about":[{"href":"https:\/\/roveyayinevi.com.tr\/index.php\/wp-json\/wp\/v2\/types\/product"}],"wp:attachment":[{"href":"https:\/\/roveyayinevi.com.tr\/index.php\/wp-json\/wp\/v2\/media?parent=703491"}],"wp:term":[{"taxonomy":"product_brand","embeddable":true,"href":"https:\/\/roveyayinevi.com.tr\/index.php\/wp-json\/wp\/v2\/product_brand?post=703491"},{"taxonomy":"product_cat","embeddable":true,"href":"https:\/\/roveyayinevi.com.tr\/index.php\/wp-json\/wp\/v2\/product_cat?post=703491"},{"taxonomy":"product_tag","embeddable":true,"href":"https:\/\/roveyayinevi.com.tr\/index.php\/wp-json\/wp\/v2\/product_tag?post=703491"}],"curies":[{"name":"wp","href":"https:\/\/api.w.org\/{rel}","templated":true}]}}