{"id":703490,"date":"2025-08-27T15:26:24","date_gmt":"2025-08-27T12:26:24","guid":{"rendered":"https:\/\/roveyayinevi.com.tr\/index.php\/urun\/acemi-egitimi\/"},"modified":"2026-04-16T02:12:38","modified_gmt":"2026-04-15T23:12:38","slug":"acemi-egitimi","status":"publish","type":"product","link":"https:\/\/roveyayinevi.com.tr\/index.php\/urun\/acemi-egitimi\/","title":{"rendered":"Acemi E\u011fitimi"},"content":{"rendered":"<p>Adana\u2019da karpuzla ba\u015flayan evlilik \u0130stanbul\u2019da kavunla bitti; babam\u0131 manavda vurdular. Annem, 11 ya\u015f\u0131ndaki ekonomi gurusu K. K. y\u00fcz\u00fcnden avukatl\u0131\u011f\u0131 b\u0131rakt\u0131. Hamdi abim, hukuk profes\u00f6r\u00fc olarak yakalayamad\u0131\u011f\u0131 \u015f\u00f6hreti a\u015fk yazar\u0131 olarak yakalad\u0131. Di\u011fer abim Levent, \u00fcniversiteden ayr\u0131l\u0131p B\u00fckre\u015f\u2019te f\u0131r\u0131n a\u00e7t\u0131. \u015eeref day\u0131m\u0131n hazin sonu, g\u00fcnlerce ana haber b\u00fcltenlerinde tart\u0131\u015f\u0131ld\u0131. Kuzenimiz K\u0131van\u00e7\u2019\u0131n ucuz seks roman\u0131, resmi tarihe bir ba\u015fkald\u0131r\u0131 olarak alg\u0131land\u0131. Muammer eni\u015ftem, narkozdan \u00e7\u0131karken bile, \u201cBeyaz bir tav\u015fan alm\u0131\u015ft\u0131m,\u201d diye say\u0131klad\u0131. S\u0131k\u0131 antikom\u00fcnistlerden Ya\u015far eni\u015ftem, 80\u2019li y\u0131llar\u0131n \u00fcnl\u00fc zenginleri aras\u0131na girdi. Eski bir sirk y\u0131ld\u0131z\u0131 olan bak\u0131c\u0131m Emine\u2019nin ak\u0131betini \u00f6\u011frenemedik. \u00dcmit Besen hayran\u0131 Amerikal\u0131 dostum Glenn en b\u00fcy\u00fck s\u0131rr\u0131n\u0131 bana a\u00e7t\u0131. Ben Elaz\u0131\u011f\u2019da, babam\u0131n k\u0131yamet \u00f6ncesini ya\u015fam\u0131\u015f oldu\u011fu yeri arad\u0131m. Ve o \u00f6zel kad\u0131nlar, duyarl\u0131 yazarlara binip gittiler\u2026 1963\u2019te do\u011fmu\u015f bir insan\u0131n 2005\u2019te yazd\u0131\u011f\u0131 an\u0131lar ba\u015fka t\u00fcrl\u00fc olabilir mi? Sanm\u0131yorum. <\/p>\n","protected":false},"excerpt":{"rendered":"<p>Adana\u2019da karpuzla ba\u015flayan evlilik \u0130stanbul\u2019da kavunla bitti; babam\u0131 manavda vurdular. Annem, 11 ya\u015f\u0131ndaki ekonomi gurusu K. K. y\u00fcz\u00fcnden avukatl\u0131\u011f\u0131 b\u0131rakt\u0131. Hamdi abim, hukuk profes\u00f6r\u00fc olarak yakalayamad\u0131\u011f\u0131<span class=\"excerpt-hellip\"> [\u2026]<\/span><\/p>\n","protected":false},"featured_media":0,"template":"","meta":{"_monsterinsights_skip_tracking":false,"_monsterinsights_sitenote_active":false,"_monsterinsights_sitenote_note":"","_monsterinsights_sitenote_category":0},"product_brand":[],"product_cat":[13701,12291],"product_tag":[],"class_list":{"0":"post-703490","1":"product","2":"type-product","3":"status-publish","5":"product_cat-ani-mektup-gunluk","6":"product_cat-edebiyat","7":"pa_cilt-ciltsiz","8":"pa_tur-kitap","9":"pa_yayinevi-can-yayinlari","10":"pa_yazar-can-kozanoglu","12":"first","13":"instock","14":"sale","15":"shipping-taxable","16":"purchasable","17":"product-type-simple"},"_links":{"self":[{"href":"https:\/\/roveyayinevi.com.tr\/index.php\/wp-json\/wp\/v2\/product\/703490","targetHints":{"allow":["GET"]}}],"collection":[{"href":"https:\/\/roveyayinevi.com.tr\/index.php\/wp-json\/wp\/v2\/product"}],"about":[{"href":"https:\/\/roveyayinevi.com.tr\/index.php\/wp-json\/wp\/v2\/types\/product"}],"wp:attachment":[{"href":"https:\/\/roveyayinevi.com.tr\/index.php\/wp-json\/wp\/v2\/media?parent=703490"}],"wp:term":[{"taxonomy":"product_brand","embeddable":true,"href":"https:\/\/roveyayinevi.com.tr\/index.php\/wp-json\/wp\/v2\/product_brand?post=703490"},{"taxonomy":"product_cat","embeddable":true,"href":"https:\/\/roveyayinevi.com.tr\/index.php\/wp-json\/wp\/v2\/product_cat?post=703490"},{"taxonomy":"product_tag","embeddable":true,"href":"https:\/\/roveyayinevi.com.tr\/index.php\/wp-json\/wp\/v2\/product_tag?post=703490"}],"curies":[{"name":"wp","href":"https:\/\/api.w.org\/{rel}","templated":true}]}}