{"id":703489,"date":"2025-08-27T15:26:23","date_gmt":"2025-08-27T12:26:23","guid":{"rendered":"https:\/\/roveyayinevi.com.tr\/index.php\/urun\/dus-deposu\/"},"modified":"2026-04-16T02:12:38","modified_gmt":"2026-04-15T23:12:38","slug":"dus-deposu","status":"publish","type":"product","link":"https:\/\/roveyayinevi.com.tr\/index.php\/urun\/dus-deposu\/","title":{"rendered":"D\u00fc\u015f Deposu"},"content":{"rendered":"<p>D\u00fc\u015flerin pe\u015finde&#8230;Herkesin d\u00fc\u015fleri vard\u0131r. Peki, herkes d\u00fc\u015fleri i\u00e7in m\u00fccadele eder mi? Kahramanlar\u0131m\u0131z en b\u00fcy\u00fck tutkular\u0131n\u0131n pe\u015fine d\u00fc\u015ferken hi\u00e7 beklemedikleri bir maceraya da ortak oluyor. Bakal\u0131m d\u00fc\u015flerini ger\u00e7ekle\u015ftirebilecekler mi?<\/p>\n","protected":false},"excerpt":{"rendered":"<p>D\u00fc\u015flerin pe\u015finde&#8230;Herkesin d\u00fc\u015fleri vard\u0131r. Peki, herkes d\u00fc\u015fleri i\u00e7in m\u00fccadele eder mi? Kahramanlar\u0131m\u0131z en b\u00fcy\u00fck tutkular\u0131n\u0131n pe\u015fine d\u00fc\u015ferken hi\u00e7 beklemedikleri bir maceraya da ortak oluyor. Bakal\u0131m d\u00fc\u015flerini<span class=\"excerpt-hellip\"> [\u2026]<\/span><\/p>\n","protected":false},"featured_media":0,"template":"","meta":{"_monsterinsights_skip_tracking":false,"_monsterinsights_sitenote_active":false,"_monsterinsights_sitenote_note":"","_monsterinsights_sitenote_category":0},"product_brand":[],"product_cat":[12274,12284],"product_tag":[],"class_list":{"0":"post-703489","1":"product","2":"type-product","3":"status-publish","5":"product_cat-cocuk-ve-genclik-kitaplari","6":"product_cat-hikayeler","7":"pa_cilt-ciltsiz","8":"pa_tur-kitap","9":"pa_yayinevi-can-cocuk-yayinlari","10":"pa_yazar-tufan-ascioglu","12":"first","13":"instock","14":"sale","15":"shipping-taxable","16":"purchasable","17":"product-type-simple"},"_links":{"self":[{"href":"https:\/\/roveyayinevi.com.tr\/index.php\/wp-json\/wp\/v2\/product\/703489","targetHints":{"allow":["GET"]}}],"collection":[{"href":"https:\/\/roveyayinevi.com.tr\/index.php\/wp-json\/wp\/v2\/product"}],"about":[{"href":"https:\/\/roveyayinevi.com.tr\/index.php\/wp-json\/wp\/v2\/types\/product"}],"wp:attachment":[{"href":"https:\/\/roveyayinevi.com.tr\/index.php\/wp-json\/wp\/v2\/media?parent=703489"}],"wp:term":[{"taxonomy":"product_brand","embeddable":true,"href":"https:\/\/roveyayinevi.com.tr\/index.php\/wp-json\/wp\/v2\/product_brand?post=703489"},{"taxonomy":"product_cat","embeddable":true,"href":"https:\/\/roveyayinevi.com.tr\/index.php\/wp-json\/wp\/v2\/product_cat?post=703489"},{"taxonomy":"product_tag","embeddable":true,"href":"https:\/\/roveyayinevi.com.tr\/index.php\/wp-json\/wp\/v2\/product_tag?post=703489"}],"curies":[{"name":"wp","href":"https:\/\/api.w.org\/{rel}","templated":true}]}}