{"id":703485,"date":"2025-08-27T15:26:22","date_gmt":"2025-08-27T12:26:22","guid":{"rendered":"https:\/\/roveyayinevi.com.tr\/index.php\/urun\/en-karanlik-arzu\/"},"modified":"2026-04-16T02:12:38","modified_gmt":"2026-04-15T23:12:38","slug":"en-karanlik-arzu","status":"publish","type":"product","link":"https:\/\/roveyayinevi.com.tr\/index.php\/urun\/en-karanlik-arzu\/","title":{"rendered":"En Karanl\u0131k Arzu"},"content":{"rendered":"<p>Karanl\u0131\u011f\u0131n Efendileri serisi 5. kitap&#8230;\u00d6l\u00fcml\u00fclere ait zevkleri tadabilmek i\u00e7in cennetten vazge\u00e7en bir melek ve arzular\u0131n\u0131 onunla ke\u015ffeden \u00f6l\u00fcms\u00fcz bir sava\u015f\u00e7\u0131\u2026Haftalarca etraf\u0131nda g\u00f6r\u00fcnmez bir di\u015finin varl\u0131\u011f\u0131n\u0131 hisseden \u00f6l\u00fcms\u00fcz sava\u015f\u00e7\u0131 Aeron, bu yarat\u0131\u011f\u0131n, kendisini \u00f6ld\u00fcrmekle g\u00f6revlendirilmi\u015f melek-iblis cellad\u0131 Olivia oldu\u011funu ke\u015ffeder. Gen\u00e7 kad\u0131n, g\u00f6revini yerine getiremedi\u011fi i\u00e7in cennetten kovulmu\u015f ve \u00f6l\u00fcms\u00fczl\u00fc\u011f\u00fcn\u00fc kaybetmi\u015ftir. Aeron, Olivia&#8217;n\u0131n hikayesine inan\u0131p ona kalbini kapt\u0131rd\u0131\u011f\u0131 takdirde herkesi tehlikeye ataca\u011f\u0131n\u0131 bilse de, bu ola\u011fan\u00fcst\u00fc mavi g\u00f6zl\u00fc \u00f6l\u00fcml\u00fc, onun en karanl\u0131k arzusunu \u00e7oktan ortaya \u00e7\u0131karm\u0131\u015ft\u0131r. Aeron, sorumluluklar\u0131 ve onu i\u00e7ten i\u00e7e t\u00fcketen arzusu aras\u0131nda kal\u0131r ancak yenmesi gereken bir d\u00fc\u015fman\u0131 vard\u0131r ve sad\u0131k iblisi, Olivia\u2019y\u0131 sava\u015f\u00e7\u0131n\u0131n hayat\u0131ndan uzakla\u015ft\u0131rmakta kararl\u0131d\u0131r. \u00dcstelik gen\u00e7 kad\u0131n\u0131n yerine getiremedi\u011fi g\u00f6revi tamamlamak i\u00e7in g\u00f6nderilmi\u015f ba\u015fka bir cellat da pe\u015findedir\u2026Sonsuza dek lanetlenmi\u015f, kar\u015f\u0131 konulamayacak kadar ba\u015ftan \u00e7\u0131kar\u0131c\u0131 ve kesinlikle \u00e7ok ate\u015fli sava\u015f\u00e7\u0131lar\u2026 Karanl\u0131\u011f\u0131n Efendileri. \ufffc<\/p>\n","protected":false},"excerpt":{"rendered":"<p>Karanl\u0131\u011f\u0131n Efendileri serisi 5. kitap&#8230;\u00d6l\u00fcml\u00fclere ait zevkleri tadabilmek i\u00e7in cennetten vazge\u00e7en bir melek ve arzular\u0131n\u0131 onunla ke\u015ffeden \u00f6l\u00fcms\u00fcz bir sava\u015f\u00e7\u0131\u2026Haftalarca etraf\u0131nda g\u00f6r\u00fcnmez bir di\u015finin varl\u0131\u011f\u0131n\u0131 hisseden<span class=\"excerpt-hellip\"> [\u2026]<\/span><\/p>\n","protected":false},"featured_media":0,"template":"","meta":{"_monsterinsights_skip_tracking":false,"_monsterinsights_sitenote_active":false,"_monsterinsights_sitenote_note":"","_monsterinsights_sitenote_category":0},"product_brand":[],"product_cat":[12291,12711],"product_tag":[],"class_list":{"0":"post-703485","1":"product","2":"type-product","3":"status-publish","5":"product_cat-edebiyat","6":"product_cat-roman-oyku","7":"pa_cilt-ciltsiz","8":"pa_tur-kitap","9":"pa_yayinevi-pegasus-yayinlari","10":"pa_yazar-gena-showalter","12":"first","13":"instock","14":"sale","15":"shipping-taxable","16":"purchasable","17":"product-type-simple"},"_links":{"self":[{"href":"https:\/\/roveyayinevi.com.tr\/index.php\/wp-json\/wp\/v2\/product\/703485","targetHints":{"allow":["GET"]}}],"collection":[{"href":"https:\/\/roveyayinevi.com.tr\/index.php\/wp-json\/wp\/v2\/product"}],"about":[{"href":"https:\/\/roveyayinevi.com.tr\/index.php\/wp-json\/wp\/v2\/types\/product"}],"wp:attachment":[{"href":"https:\/\/roveyayinevi.com.tr\/index.php\/wp-json\/wp\/v2\/media?parent=703485"}],"wp:term":[{"taxonomy":"product_brand","embeddable":true,"href":"https:\/\/roveyayinevi.com.tr\/index.php\/wp-json\/wp\/v2\/product_brand?post=703485"},{"taxonomy":"product_cat","embeddable":true,"href":"https:\/\/roveyayinevi.com.tr\/index.php\/wp-json\/wp\/v2\/product_cat?post=703485"},{"taxonomy":"product_tag","embeddable":true,"href":"https:\/\/roveyayinevi.com.tr\/index.php\/wp-json\/wp\/v2\/product_tag?post=703485"}],"curies":[{"name":"wp","href":"https:\/\/api.w.org\/{rel}","templated":true}]}}