{"id":703479,"date":"2025-08-27T15:26:19","date_gmt":"2025-08-27T12:26:19","guid":{"rendered":"https:\/\/roveyayinevi.com.tr\/index.php\/urun\/ilk-acim-degilsin\/"},"modified":"2026-04-16T02:12:37","modified_gmt":"2026-04-15T23:12:37","slug":"ilk-acim-degilsin","status":"publish","type":"product","link":"https:\/\/roveyayinevi.com.tr\/index.php\/urun\/ilk-acim-degilsin\/","title":{"rendered":"\u0130lk Ac\u0131m De\u011filsin"},"content":{"rendered":"<p>Sen bana ge\u00e7 kald\u0131n.\u00c7\u00fcnk\u00fc;ilk ba\u015fkas\u0131 i\u00e7in a\u011flad\u0131m ben.\u0130lk ba\u015fkas\u0131 vurdu s\u0131rt\u0131mdan.\u0130lk ba\u015fkas\u0131 yalan s\u00f6yledi bana \u0130lk ba\u015fkas\u0131 gitti benden \u0130lk ba\u015fkas\u0131 hayallerimle oynad\u0131\u0130lk ba\u015fkas\u0131 \u00f6ld\u00fcrd\u00fc beni\u0130lk ba\u015fkas\u0131 sevdi\u011fini s\u00f6ylediSonrada sevmedi\u011finiHatta daha sonra neden sevemedi\u011fini\u00c7ok ge\u00e7 kald\u0131n bana \u0130il Ac\u0131m De\u011filsin Yani <\/p>\n","protected":false},"excerpt":{"rendered":"<p>Sen bana ge\u00e7 kald\u0131n.\u00c7\u00fcnk\u00fc;ilk ba\u015fkas\u0131 i\u00e7in a\u011flad\u0131m ben.\u0130lk ba\u015fkas\u0131 vurdu s\u0131rt\u0131mdan.\u0130lk ba\u015fkas\u0131 yalan s\u00f6yledi bana \u0130lk ba\u015fkas\u0131 gitti benden \u0130lk ba\u015fkas\u0131 hayallerimle oynad\u0131\u0130lk ba\u015fkas\u0131 \u00f6ld\u00fcrd\u00fc beni\u0130lk<span class=\"excerpt-hellip\"> [\u2026]<\/span><\/p>\n","protected":false},"featured_media":0,"template":"","meta":{"_monsterinsights_skip_tracking":false,"_monsterinsights_sitenote_active":false,"_monsterinsights_sitenote_note":"","_monsterinsights_sitenote_category":0},"product_brand":[],"product_cat":[12291,12711],"product_tag":[],"class_list":{"0":"post-703479","1":"product","2":"type-product","3":"status-publish","5":"product_cat-edebiyat","6":"product_cat-roman-oyku","7":"pa_cilt-ciltsiz","8":"pa_tur-kitap","9":"pa_yayinevi-dokuz-yayinlari","10":"pa_yazar-erkan-akagunduz","12":"first","13":"instock","14":"sale","15":"shipping-taxable","16":"purchasable","17":"product-type-simple"},"_links":{"self":[{"href":"https:\/\/roveyayinevi.com.tr\/index.php\/wp-json\/wp\/v2\/product\/703479","targetHints":{"allow":["GET"]}}],"collection":[{"href":"https:\/\/roveyayinevi.com.tr\/index.php\/wp-json\/wp\/v2\/product"}],"about":[{"href":"https:\/\/roveyayinevi.com.tr\/index.php\/wp-json\/wp\/v2\/types\/product"}],"wp:attachment":[{"href":"https:\/\/roveyayinevi.com.tr\/index.php\/wp-json\/wp\/v2\/media?parent=703479"}],"wp:term":[{"taxonomy":"product_brand","embeddable":true,"href":"https:\/\/roveyayinevi.com.tr\/index.php\/wp-json\/wp\/v2\/product_brand?post=703479"},{"taxonomy":"product_cat","embeddable":true,"href":"https:\/\/roveyayinevi.com.tr\/index.php\/wp-json\/wp\/v2\/product_cat?post=703479"},{"taxonomy":"product_tag","embeddable":true,"href":"https:\/\/roveyayinevi.com.tr\/index.php\/wp-json\/wp\/v2\/product_tag?post=703479"}],"curies":[{"name":"wp","href":"https:\/\/api.w.org\/{rel}","templated":true}]}}