{"id":703478,"date":"2025-08-27T15:26:19","date_gmt":"2025-08-27T12:26:19","guid":{"rendered":"https:\/\/roveyayinevi.com.tr\/index.php\/urun\/uc-tarz-i-siyaset-ve-tartismalar\/"},"modified":"2026-04-16T02:12:37","modified_gmt":"2026-04-15T23:12:37","slug":"uc-tarz-i-siyaset-ve-tartismalar","status":"publish","type":"product","link":"https:\/\/roveyayinevi.com.tr\/index.php\/urun\/uc-tarz-i-siyaset-ve-tartismalar\/","title":{"rendered":"\u00dc\u00e7 Tarz-\u0131 Siyaset ve Tart\u0131\u015fmalar"},"content":{"rendered":"<p>Osmanl\u0131c\u0131l\u0131k, \u0130slamc\u0131l\u0131k ve T\u00fcrk\u00e7\u00fcl\u00fck tart\u0131\u015fmalar\u0131n\u0131 Yusuf Ak\u00e7ura \u201c\u00dc\u00e7 Tarz-\u0131 Siyaset\u201d ba\u015fl\u0131\u011f\u0131 alt\u0131nda form\u00fcle etmi\u015f ve her bir yolu ayr\u0131nt\u0131l\u0131 irdelemi\u015ftir.  Ak\u00e7ura\u2019n\u0131n makalesi, 1904\u2019te, Kahire\u2019de \u00e7\u0131kan T\u00fcrk gazetesinde \u00fc\u00e7 say\u0131 imzas\u0131z yay\u0131mlanm\u0131\u015ft\u0131r. <\/p>\n","protected":false},"excerpt":{"rendered":"<p>Osmanl\u0131c\u0131l\u0131k, \u0130slamc\u0131l\u0131k ve T\u00fcrk\u00e7\u00fcl\u00fck tart\u0131\u015fmalar\u0131n\u0131 Yusuf Ak\u00e7ura \u201c\u00dc\u00e7 Tarz-\u0131 Siyaset\u201d ba\u015fl\u0131\u011f\u0131 alt\u0131nda form\u00fcle etmi\u015f ve her bir yolu ayr\u0131nt\u0131l\u0131 irdelemi\u015ftir. Ak\u00e7ura\u2019n\u0131n makalesi, 1904\u2019te, Kahire\u2019de \u00e7\u0131kan T\u00fcrk<span class=\"excerpt-hellip\"> [\u2026]<\/span><\/p>\n","protected":false},"featured_media":0,"template":"","meta":{"_monsterinsights_skip_tracking":false,"_monsterinsights_sitenote_active":false,"_monsterinsights_sitenote_note":"","_monsterinsights_sitenote_category":0},"product_brand":[],"product_cat":[12351,12324],"product_tag":[],"class_list":{"0":"post-703478","1":"product","2":"type-product","3":"status-publish","5":"product_cat-siyaset-sosyolojisi","6":"product_cat-sosyoloji","7":"pa_tur-kitap","8":"pa_yayinevi-bilge-kultur-sanat","9":"pa_yazar-akcuraoglu-yusuf","11":"first","12":"instock","13":"sale","14":"shipping-taxable","15":"purchasable","16":"product-type-simple"},"_links":{"self":[{"href":"https:\/\/roveyayinevi.com.tr\/index.php\/wp-json\/wp\/v2\/product\/703478","targetHints":{"allow":["GET"]}}],"collection":[{"href":"https:\/\/roveyayinevi.com.tr\/index.php\/wp-json\/wp\/v2\/product"}],"about":[{"href":"https:\/\/roveyayinevi.com.tr\/index.php\/wp-json\/wp\/v2\/types\/product"}],"wp:attachment":[{"href":"https:\/\/roveyayinevi.com.tr\/index.php\/wp-json\/wp\/v2\/media?parent=703478"}],"wp:term":[{"taxonomy":"product_brand","embeddable":true,"href":"https:\/\/roveyayinevi.com.tr\/index.php\/wp-json\/wp\/v2\/product_brand?post=703478"},{"taxonomy":"product_cat","embeddable":true,"href":"https:\/\/roveyayinevi.com.tr\/index.php\/wp-json\/wp\/v2\/product_cat?post=703478"},{"taxonomy":"product_tag","embeddable":true,"href":"https:\/\/roveyayinevi.com.tr\/index.php\/wp-json\/wp\/v2\/product_tag?post=703478"}],"curies":[{"name":"wp","href":"https:\/\/api.w.org\/{rel}","templated":true}]}}