{"id":703476,"date":"2025-08-27T15:26:18","date_gmt":"2025-08-27T12:26:18","guid":{"rendered":"https:\/\/roveyayinevi.com.tr\/index.php\/urun\/olu-ozanlar-dernegi\/"},"modified":"2026-04-16T02:12:37","modified_gmt":"2026-04-15T23:12:37","slug":"olu-ozanlar-dernegi","status":"publish","type":"product","link":"https:\/\/roveyayinevi.com.tr\/index.php\/urun\/olu-ozanlar-dernegi\/","title":{"rendered":"\u00d6l\u00fc Ozanlar Derne\u011fi"},"content":{"rendered":"<p>Geleneklere olan ba\u011fl\u0131l\u0131\u011f\u0131 ve kat\u0131 disiplin kurallar\u0131yla \u00fcnl\u00fc Welton Akademisi\u2019nin \u00f6\u011frencilerinin okul ve yatakhane aras\u0131nda ge\u00e7en tekd\u00fcze hayatlar\u0131 yeni \u0130ngilizce \u00f6\u011fretmenleri John Keating\u2019in okullar\u0131na gelmesiyle bir anda de\u011fi\u015fir. \u0130yi birer \u00fcniversiteye girmeleri i\u00e7in onlar\u0131 \u00e7ok yo\u011fun bir tempoda \u00e7al\u0131\u015fmaya zorlayan \u00f6\u011fretmenleri ve ebeveynlerinin aksine, bu ele avuca s\u0131\u011fmaz adam\u0131n onlardan tek bir iste\u011fi vard\u0131r: An\u0131 ya\u015famalar\u0131 ve hayatlar\u0131n\u0131 ola\u011fan\u00fcst\u00fc k\u0131lmalar\u0131. Byron, Shelly, Keats ve Shakespeare ile edebiyat\u0131n b\u00fcy\u00fcl\u00fc d\u00fcnyas\u0131na dalan gen\u00e7ler Keating\u2019in \u00f6\u011frencilik y\u0131llar\u0131nda \u00fcye oldu\u011fu gizli bir kul\u00fcp olan \u00d6l\u00fc Ozanlar Derne\u011fi\u2019ni de yeniden canland\u0131r\u0131rlar. Ne var ki daha yeni kavu\u015ftuklar\u0131 \u00f6zg\u00fcrl\u00fcklerinin trajik sonu\u00e7lar\u0131 olabilece\u011fini \u00e7ok ge\u00e7meden fark\u0131na varacaklard\u0131r. Acaba \u00d6l\u00fc Ozanlar Derne\u011fi\u2019nin bu yeni nesil \u00fcyeleri hayallerini y\u0131kmaya kararl\u0131 otoritelerin bask\u0131s\u0131ndan kurtulmay\u0131 ba\u015farabilecekler midir? \ufffc<\/p>\n","protected":false},"excerpt":{"rendered":"<p>Geleneklere olan ba\u011fl\u0131l\u0131\u011f\u0131 ve kat\u0131 disiplin kurallar\u0131yla \u00fcnl\u00fc Welton Akademisi\u2019nin \u00f6\u011frencilerinin okul ve yatakhane aras\u0131nda ge\u00e7en tekd\u00fcze hayatlar\u0131 yeni \u0130ngilizce \u00f6\u011fretmenleri John Keating\u2019in okullar\u0131na gelmesiyle bir<span class=\"excerpt-hellip\"> [\u2026]<\/span><\/p>\n","protected":false},"featured_media":0,"template":"","meta":{"_monsterinsights_skip_tracking":false,"_monsterinsights_sitenote_active":false,"_monsterinsights_sitenote_note":"","_monsterinsights_sitenote_category":0},"product_brand":[],"product_cat":[13835],"product_tag":[],"class_list":{"0":"post-703476","1":"product","2":"type-product","3":"status-publish","5":"product_cat-cok-satanlar","6":"pa_cilt-ciltsiz","7":"pa_tur-kitap","8":"pa_yayinevi-bilge-kultur-sanat","9":"pa_yazar-n-h-kleinbaum","11":"first","12":"instock","13":"sale","14":"shipping-taxable","15":"purchasable","16":"product-type-simple"},"_links":{"self":[{"href":"https:\/\/roveyayinevi.com.tr\/index.php\/wp-json\/wp\/v2\/product\/703476","targetHints":{"allow":["GET"]}}],"collection":[{"href":"https:\/\/roveyayinevi.com.tr\/index.php\/wp-json\/wp\/v2\/product"}],"about":[{"href":"https:\/\/roveyayinevi.com.tr\/index.php\/wp-json\/wp\/v2\/types\/product"}],"wp:attachment":[{"href":"https:\/\/roveyayinevi.com.tr\/index.php\/wp-json\/wp\/v2\/media?parent=703476"}],"wp:term":[{"taxonomy":"product_brand","embeddable":true,"href":"https:\/\/roveyayinevi.com.tr\/index.php\/wp-json\/wp\/v2\/product_brand?post=703476"},{"taxonomy":"product_cat","embeddable":true,"href":"https:\/\/roveyayinevi.com.tr\/index.php\/wp-json\/wp\/v2\/product_cat?post=703476"},{"taxonomy":"product_tag","embeddable":true,"href":"https:\/\/roveyayinevi.com.tr\/index.php\/wp-json\/wp\/v2\/product_tag?post=703476"}],"curies":[{"name":"wp","href":"https:\/\/api.w.org\/{rel}","templated":true}]}}