{"id":703475,"date":"2025-08-27T15:26:18","date_gmt":"2025-08-27T12:26:18","guid":{"rendered":"https:\/\/roveyayinevi.com.tr\/index.php\/urun\/anna-karenina-2\/"},"modified":"2026-04-16T02:12:37","modified_gmt":"2026-04-15T23:12:37","slug":"anna-karenina-2","status":"publish","type":"product","link":"https:\/\/roveyayinevi.com.tr\/index.php\/urun\/anna-karenina-2\/","title":{"rendered":"Anna Karenina"},"content":{"rendered":"<p>Anna Karenina, 19. y\u00fczy\u0131l Rus toplumunun ruhsal dalgalanmalar\u0131na \u00e7arp\u0131c\u0131 bir a\u015fk ve ihanet anlat\u0131s\u0131yla \u0131\u015f\u0131k tutan bir ba\u015fyap\u0131t. G\u00fczelli\u011fi ve nezaketiyle \u00e7evresinde hayranl\u0131k uyand\u0131ran Anna Karenina\u2019n\u0131n mutsuz ve monoton bir evlili\u011fi vard\u0131r. \u00dcst d\u00fczey bir devlet memuru olan Aleksey Aleksandrovi\u00e7 ile evlili\u011finde tek tesellisi o\u011fludur. A\u011fabeyi ile yengesinin aralar\u0131n\u0131 d\u00fczeltmek i\u00e7in gitti\u011fi Moskova\u2019da yak\u0131\u015f\u0131kl\u0131 ve gen\u00e7 kont Vronski ile tan\u0131\u015fmas\u0131, Anna\u2019n\u0131n hayat\u0131nda d\u00f6n\u00fcm noktas\u0131 olur. Tolstoy, Anna Karenina\u2019da s\u0131rad\u0131\u015f\u0131 bir g\u00f6zlem g\u00fcc\u00fc ile a\u015fk, evlilik, ihanet gibi temalar\u0131n izini s\u00fcrerken roman sanat\u0131na yepyeni ve uzun soluklu bir boyut katar. Modern d\u00fcnya edebiyat\u0131n\u0131n otoritelerince gelmi\u015f ge\u00e7mi\u015f en iyi romanlardan biri olarak kabul edilen Anna Karenina, g\u00fcncelli\u011fini daima koruyacak bir eser. \u201cAnna Karenina d\u00fcnya edebiyat\u0131ndaki en b\u00fcy\u00fck a\u015fk hik\u00e2yelerinden biri. Tolstoy\u2019un kusursuz \u00fcsl\u00fbbunun b\u00fcy\u00fcs\u00fc her sayfada hissediliyor.\u201d VLADIMIR NABOKOV<\/p>\n","protected":false},"excerpt":{"rendered":"<p>Anna Karenina, 19. y\u00fczy\u0131l Rus toplumunun ruhsal dalgalanmalar\u0131na \u00e7arp\u0131c\u0131 bir a\u015fk ve ihanet anlat\u0131s\u0131yla \u0131\u015f\u0131k tutan bir ba\u015fyap\u0131t. G\u00fczelli\u011fi ve nezaketiyle \u00e7evresinde hayranl\u0131k uyand\u0131ran Anna Karenina\u2019n\u0131n<span class=\"excerpt-hellip\"> [\u2026]<\/span><\/p>\n","protected":false},"featured_media":0,"template":"","meta":{"_monsterinsights_skip_tracking":false,"_monsterinsights_sitenote_active":false,"_monsterinsights_sitenote_note":"","_monsterinsights_sitenote_category":0},"product_brand":[],"product_cat":[12291,13570],"product_tag":[],"class_list":{"0":"post-703475","1":"product","2":"type-product","3":"status-publish","5":"product_cat-edebiyat","6":"product_cat-rus-edebiyati","7":"pa_cilt-ciltsiz","8":"pa_tur-kitap","9":"pa_yayinevi-iletisim-yayinlari","10":"pa_yazar-lev-nikolayevic-tolstoy","12":"first","13":"instock","14":"sale","15":"shipping-taxable","16":"purchasable","17":"product-type-simple"},"_links":{"self":[{"href":"https:\/\/roveyayinevi.com.tr\/index.php\/wp-json\/wp\/v2\/product\/703475","targetHints":{"allow":["GET"]}}],"collection":[{"href":"https:\/\/roveyayinevi.com.tr\/index.php\/wp-json\/wp\/v2\/product"}],"about":[{"href":"https:\/\/roveyayinevi.com.tr\/index.php\/wp-json\/wp\/v2\/types\/product"}],"wp:attachment":[{"href":"https:\/\/roveyayinevi.com.tr\/index.php\/wp-json\/wp\/v2\/media?parent=703475"}],"wp:term":[{"taxonomy":"product_brand","embeddable":true,"href":"https:\/\/roveyayinevi.com.tr\/index.php\/wp-json\/wp\/v2\/product_brand?post=703475"},{"taxonomy":"product_cat","embeddable":true,"href":"https:\/\/roveyayinevi.com.tr\/index.php\/wp-json\/wp\/v2\/product_cat?post=703475"},{"taxonomy":"product_tag","embeddable":true,"href":"https:\/\/roveyayinevi.com.tr\/index.php\/wp-json\/wp\/v2\/product_tag?post=703475"}],"curies":[{"name":"wp","href":"https:\/\/api.w.org\/{rel}","templated":true}]}}