{"id":703473,"date":"2025-08-27T15:26:17","date_gmt":"2025-08-27T12:26:17","guid":{"rendered":"https:\/\/roveyayinevi.com.tr\/index.php\/urun\/adam-var-alemden-ote\/"},"modified":"2026-04-16T02:12:37","modified_gmt":"2026-04-15T23:12:37","slug":"adam-var-alemden-ote","status":"publish","type":"product","link":"https:\/\/roveyayinevi.com.tr\/index.php\/urun\/adam-var-alemden-ote\/","title":{"rendered":"Adam Var Alemden \u00d6te"},"content":{"rendered":"<p>Her \u015feyin g\u00fcnl\u00fck ya\u015fand\u0131\u011f\u0131, g\u00fcndemin s\u00fcrekli de\u011fi\u015fti\u011fi, teknolojinin belli aral\u0131klarla her \u015feyi yeniledi\u011fi, modan\u0131n her alanda h\u00fck\u00fcmranl\u0131\u011f\u0131n\u0131 ilan etti\u011fi, g\u0131da ve ihtiya\u00e7 maddelerinin daha raftayken eskimeye ba\u015flad\u0131\u011f\u0131 g\u00fcn\u00fcm\u00fczde hayat\u0131 yakalamak ve kal\u0131c\u0131 de\u011ferlerden s\u00f6z etmek ger\u00e7ekten zor. <\/p>\n","protected":false},"excerpt":{"rendered":"<p>Her \u015feyin g\u00fcnl\u00fck ya\u015fand\u0131\u011f\u0131, g\u00fcndemin s\u00fcrekli de\u011fi\u015fti\u011fi, teknolojinin belli aral\u0131klarla her \u015feyi yeniledi\u011fi, modan\u0131n her alanda h\u00fck\u00fcmranl\u0131\u011f\u0131n\u0131 ilan etti\u011fi, g\u0131da ve ihtiya\u00e7 maddelerinin daha raftayken eskimeye<span class=\"excerpt-hellip\"> [\u2026]<\/span><\/p>\n","protected":false},"featured_media":0,"template":"","meta":{"_monsterinsights_skip_tracking":false,"_monsterinsights_sitenote_active":false,"_monsterinsights_sitenote_note":"","_monsterinsights_sitenote_category":0},"product_brand":[],"product_cat":[12777,12291],"product_tag":[],"class_list":{"0":"post-703473","1":"product","2":"type-product","3":"status-publish","5":"product_cat-deneme","6":"product_cat-edebiyat","7":"pa_tur-kitap","8":"pa_yayinevi-bilge-kultur-sanat","9":"pa_yazar-nevzat-ozkan","11":"first","12":"instock","13":"sale","14":"shipping-taxable","15":"purchasable","16":"product-type-simple"},"_links":{"self":[{"href":"https:\/\/roveyayinevi.com.tr\/index.php\/wp-json\/wp\/v2\/product\/703473","targetHints":{"allow":["GET"]}}],"collection":[{"href":"https:\/\/roveyayinevi.com.tr\/index.php\/wp-json\/wp\/v2\/product"}],"about":[{"href":"https:\/\/roveyayinevi.com.tr\/index.php\/wp-json\/wp\/v2\/types\/product"}],"wp:attachment":[{"href":"https:\/\/roveyayinevi.com.tr\/index.php\/wp-json\/wp\/v2\/media?parent=703473"}],"wp:term":[{"taxonomy":"product_brand","embeddable":true,"href":"https:\/\/roveyayinevi.com.tr\/index.php\/wp-json\/wp\/v2\/product_brand?post=703473"},{"taxonomy":"product_cat","embeddable":true,"href":"https:\/\/roveyayinevi.com.tr\/index.php\/wp-json\/wp\/v2\/product_cat?post=703473"},{"taxonomy":"product_tag","embeddable":true,"href":"https:\/\/roveyayinevi.com.tr\/index.php\/wp-json\/wp\/v2\/product_tag?post=703473"}],"curies":[{"name":"wp","href":"https:\/\/api.w.org\/{rel}","templated":true}]}}