{"id":703472,"date":"2025-08-27T15:26:16","date_gmt":"2025-08-27T12:26:16","guid":{"rendered":"https:\/\/roveyayinevi.com.tr\/index.php\/urun\/dedem-mehmet-akif\/"},"modified":"2026-04-16T02:12:37","modified_gmt":"2026-04-15T23:12:37","slug":"dedem-mehmet-akif","status":"publish","type":"product","link":"https:\/\/roveyayinevi.com.tr\/index.php\/urun\/dedem-mehmet-akif\/","title":{"rendered":"Dedem Mehmet Akif"},"content":{"rendered":"<p>\u201cBen \u015fimdi ailemin g\u00f6zleri neden hep h\u00fcz\u00fcnl\u00fcyd\u00fc, neden hep k\u0131y\u0131da k\u00f6\u015fede sessiz ya\u015fad\u0131lar daha iyi anlad\u0131m. Bu belgeleri g\u00f6rmediler ama babalar\u0131n\u0131n yan\u0131na giderken pe\u015flerine d\u00fc\u015fenleri hissettiler\u201d \ufffc\ufffcTan\u0131t\u0131m Metni<\/p>\n","protected":false},"excerpt":{"rendered":"<p>\u201cBen \u015fimdi ailemin g\u00f6zleri neden hep h\u00fcz\u00fcnl\u00fcyd\u00fc, neden hep k\u0131y\u0131da k\u00f6\u015fede sessiz ya\u015fad\u0131lar daha iyi anlad\u0131m. Bu belgeleri g\u00f6rmediler ama babalar\u0131n\u0131n yan\u0131na giderken pe\u015flerine d\u00fc\u015fenleri hissettiler\u201d<span class=\"excerpt-hellip\"> [\u2026]<\/span><\/p>\n","protected":false},"featured_media":0,"template":"","meta":{"_monsterinsights_skip_tracking":false,"_monsterinsights_sitenote_active":false,"_monsterinsights_sitenote_note":"","_monsterinsights_sitenote_category":0},"product_brand":[],"product_cat":[12370,12304],"product_tag":[],"class_list":{"0":"post-703472","1":"product","2":"type-product","3":"status-publish","5":"product_cat-arastirma-inceleme","6":"product_cat-tarih","7":"pa_cilt-ciltsiz","8":"pa_tur-kitap","9":"pa_yayinevi-timas-yayinlari","10":"pa_yazar-fatih-bayhan","12":"first","13":"instock","14":"sale","15":"shipping-taxable","16":"purchasable","17":"product-type-simple"},"_links":{"self":[{"href":"https:\/\/roveyayinevi.com.tr\/index.php\/wp-json\/wp\/v2\/product\/703472","targetHints":{"allow":["GET"]}}],"collection":[{"href":"https:\/\/roveyayinevi.com.tr\/index.php\/wp-json\/wp\/v2\/product"}],"about":[{"href":"https:\/\/roveyayinevi.com.tr\/index.php\/wp-json\/wp\/v2\/types\/product"}],"wp:attachment":[{"href":"https:\/\/roveyayinevi.com.tr\/index.php\/wp-json\/wp\/v2\/media?parent=703472"}],"wp:term":[{"taxonomy":"product_brand","embeddable":true,"href":"https:\/\/roveyayinevi.com.tr\/index.php\/wp-json\/wp\/v2\/product_brand?post=703472"},{"taxonomy":"product_cat","embeddable":true,"href":"https:\/\/roveyayinevi.com.tr\/index.php\/wp-json\/wp\/v2\/product_cat?post=703472"},{"taxonomy":"product_tag","embeddable":true,"href":"https:\/\/roveyayinevi.com.tr\/index.php\/wp-json\/wp\/v2\/product_tag?post=703472"}],"curies":[{"name":"wp","href":"https:\/\/api.w.org\/{rel}","templated":true}]}}