{"id":703471,"date":"2025-08-27T15:26:16","date_gmt":"2025-08-27T12:26:16","guid":{"rendered":"https:\/\/roveyayinevi.com.tr\/index.php\/urun\/isci-filmleri-oteki-sinemalar\/"},"modified":"2026-04-16T02:12:37","modified_gmt":"2026-04-15T23:12:37","slug":"isci-filmleri-oteki-sinemalar","status":"publish","type":"product","link":"https:\/\/roveyayinevi.com.tr\/index.php\/urun\/isci-filmleri-oteki-sinemalar\/","title":{"rendered":"\u0130\u015f\u00e7i Filmleri, \u00d6teki Sinemalar"},"content":{"rendered":"<p>Uluslararas\u0131 \u0130\u015f\u00e7i Filmleri Festivali, 2006 y\u0131l\u0131nda bir grup g\u00f6n\u00fcll\u00fcn\u00fcn \u00e7abas\u0131yla ba\u015flad\u0131. Her y\u0131l 1 May\u0131s tarihinde \u0130stanbul, Ankara, \u0130zmir ve Diyarbak\u0131r\u2019da e\u015f zamanl\u0131 olarak a\u00e7\u0131lan ve y\u0131l boyunca Anadolu\u2019da \u00e7ok say\u0131da kenti dola\u015fan Uluslararas\u0131 \u0130\u015f\u00e7i Filmleri Festivali, 2015\u2019te 10. y\u0131l\u0131n\u0131 tamamlad\u0131. Ama\u00e7lar\u0131n\u0131, t\u00fcm d\u00fcnyadan i\u015f\u00e7i s\u0131n\u0131f\u0131n\u0131n ya\u015fam\u0131n\u0131 ve m\u00fccadelesini anlatmak, i\u015f\u00e7i s\u0131n\u0131f\u0131 m\u00fccadelesine dair film veya belgesel yapan ki\u015fi ve gruplar\u0131n deneyimlerini payla\u015fmak ve ortakla\u015ft\u0131rmak, i\u015f\u00e7ilerin, i\u015fsizlerin, \u00f6\u011frencilerin, k\u00f6yl\u00fclerin ve kad\u0131nlar\u0131n m\u00fccadelesini ve t\u00fcm d\u00fcnyadan halklar\u0131n isyan\u0131n\u0131 g\u00f6steren \u00e7al\u0131\u015fmalar\u0131 yayg\u0131nla\u015ft\u0131rmak olarak tan\u0131mlayan Uluslararas\u0131 \u0130\u015f\u00e7i Filmleri Festivali, \u0130\u015f\u00e7i Filmleri, \u00d6teki \u201cSinemalar\u201d kitab\u0131yla kendi tercihlerini nedenselle\u015ftirmeye, y\u00fcr\u00fctt\u00fc\u011f\u00fc tart\u0131\u015fmalar\u0131 bir ad\u0131m daha \u00f6teye g\u00f6t\u00fcrmeye \u00e7al\u0131\u015f\u0131yor. D\u00fcnyada ve T\u00fcrkiye\u2019de \u201ci\u015f\u00e7i filmleri\u201d kategorisinin tarihselle\u015ftirilmesi, d\u00fcnyan\u0131n farkl\u0131 co\u011frafyalar\u0131nda ve farkl\u0131 \u00fcretim pratikleri i\u00e7erisinde \u00fcretilme dinamikleri, bi\u00e7imleri, \u00f6rnekleri, failleri ve toplumsal ili\u015fkiler i\u00e7erisinde kazand\u0131klar\u0131 anlamlar kitaptaki makalelerle a\u00e7\u0131\u011fa \u00e7\u0131kart\u0131lmaya \u00e7al\u0131\u015f\u0131l\u0131yor. Ayr\u0131ca bu filmlerin nerede, nas\u0131l ve hangi ko\u015fullarda g\u00f6sterildi\u011fi de \u00f6nemli oldu\u011fundan, film g\u00f6steriminin ticari olmayan bi\u00e7imlerinden \u00f6rnekler de kitapta yer buluyor. <\/p>\n","protected":false},"excerpt":{"rendered":"<p>Uluslararas\u0131 \u0130\u015f\u00e7i Filmleri Festivali, 2006 y\u0131l\u0131nda bir grup g\u00f6n\u00fcll\u00fcn\u00fcn \u00e7abas\u0131yla ba\u015flad\u0131. Her y\u0131l 1 May\u0131s tarihinde \u0130stanbul, Ankara, \u0130zmir ve Diyarbak\u0131r\u2019da e\u015f zamanl\u0131 olarak a\u00e7\u0131lan ve<span class=\"excerpt-hellip\"> [\u2026]<\/span><\/p>\n","protected":false},"featured_media":0,"template":"","meta":{"_monsterinsights_skip_tracking":false,"_monsterinsights_sitenote_active":false,"_monsterinsights_sitenote_note":"","_monsterinsights_sitenote_category":0},"product_brand":[],"product_cat":[12409,12408],"product_tag":[],"class_list":{"0":"post-703471","1":"product","2":"type-product","3":"status-publish","5":"product_cat-fotograf-sinema-tiyatro","6":"product_cat-sanat","7":"pa_cilt-ciltsiz","8":"pa_tur-kitap","9":"pa_yayinevi-yordam-kitap","10":"pa_yazar-funda-basaran","12":"first","13":"instock","14":"sale","15":"shipping-taxable","16":"purchasable","17":"product-type-simple"},"_links":{"self":[{"href":"https:\/\/roveyayinevi.com.tr\/index.php\/wp-json\/wp\/v2\/product\/703471","targetHints":{"allow":["GET"]}}],"collection":[{"href":"https:\/\/roveyayinevi.com.tr\/index.php\/wp-json\/wp\/v2\/product"}],"about":[{"href":"https:\/\/roveyayinevi.com.tr\/index.php\/wp-json\/wp\/v2\/types\/product"}],"wp:attachment":[{"href":"https:\/\/roveyayinevi.com.tr\/index.php\/wp-json\/wp\/v2\/media?parent=703471"}],"wp:term":[{"taxonomy":"product_brand","embeddable":true,"href":"https:\/\/roveyayinevi.com.tr\/index.php\/wp-json\/wp\/v2\/product_brand?post=703471"},{"taxonomy":"product_cat","embeddable":true,"href":"https:\/\/roveyayinevi.com.tr\/index.php\/wp-json\/wp\/v2\/product_cat?post=703471"},{"taxonomy":"product_tag","embeddable":true,"href":"https:\/\/roveyayinevi.com.tr\/index.php\/wp-json\/wp\/v2\/product_tag?post=703471"}],"curies":[{"name":"wp","href":"https:\/\/api.w.org\/{rel}","templated":true}]}}