{"id":703469,"date":"2025-08-27T15:26:15","date_gmt":"2025-08-27T12:26:15","guid":{"rendered":"https:\/\/roveyayinevi.com.tr\/index.php\/urun\/hadis-bahcesi-10-kitap-takim\/"},"modified":"2026-04-16T02:12:37","modified_gmt":"2026-04-15T23:12:37","slug":"hadis-bahcesi-10-kitap-takim","status":"publish","type":"product","link":"https:\/\/roveyayinevi.com.tr\/index.php\/urun\/hadis-bahcesi-10-kitap-takim\/","title":{"rendered":"Hadis Bah\u00e7esi (10 Kitap Tak\u0131m)"},"content":{"rendered":"<p>Masallardaki renkli d\u00fcnya, \u00e7ocuklar\u0131 olduk\u00e7a etkiler. Bu seride her biri \u00f6zenle kaleme al\u0131nm\u0131\u015f masallar\u0131n, \u00e7ocuklar\u0131n bir\u00e7ok de\u011feri tan\u0131mas\u0131na, buna ba\u011fl\u0131 olarak tav\u0131r ve davran\u0131\u015flar\u0131nda olumlu de\u011fi\u015fimler ya\u015famas\u0131na vesile olaca\u011f\u0131 kanaatindeyim. \ufffcTan\u0131t\u0131m Metni<\/p>\n","protected":false},"excerpt":{"rendered":"<p>Masallardaki renkli d\u00fcnya, \u00e7ocuklar\u0131 olduk\u00e7a etkiler. Bu seride her biri \u00f6zenle kaleme al\u0131nm\u0131\u015f masallar\u0131n, \u00e7ocuklar\u0131n bir\u00e7ok de\u011feri tan\u0131mas\u0131na, buna ba\u011fl\u0131 olarak tav\u0131r ve davran\u0131\u015flar\u0131nda olumlu de\u011fi\u015fimler<span class=\"excerpt-hellip\"> [\u2026]<\/span><\/p>\n","protected":false},"featured_media":0,"template":"","meta":{"_monsterinsights_skip_tracking":false,"_monsterinsights_sitenote_active":false,"_monsterinsights_sitenote_note":"","_monsterinsights_sitenote_category":0},"product_brand":[],"product_cat":[12274,18802],"product_tag":[],"class_list":{"0":"post-703469","1":"product","2":"type-product","3":"status-publish","5":"product_cat-cocuk-ve-genclik-kitaplari","6":"product_cat-din-egitimi","7":"pa_cilt-set","8":"pa_tur-kitap","9":"pa_yayinevi-timas-cocuk","10":"pa_yazar-nefise-atcakarlar","12":"first","13":"instock","14":"sale","15":"shipping-taxable","16":"purchasable","17":"product-type-simple"},"_links":{"self":[{"href":"https:\/\/roveyayinevi.com.tr\/index.php\/wp-json\/wp\/v2\/product\/703469","targetHints":{"allow":["GET"]}}],"collection":[{"href":"https:\/\/roveyayinevi.com.tr\/index.php\/wp-json\/wp\/v2\/product"}],"about":[{"href":"https:\/\/roveyayinevi.com.tr\/index.php\/wp-json\/wp\/v2\/types\/product"}],"wp:attachment":[{"href":"https:\/\/roveyayinevi.com.tr\/index.php\/wp-json\/wp\/v2\/media?parent=703469"}],"wp:term":[{"taxonomy":"product_brand","embeddable":true,"href":"https:\/\/roveyayinevi.com.tr\/index.php\/wp-json\/wp\/v2\/product_brand?post=703469"},{"taxonomy":"product_cat","embeddable":true,"href":"https:\/\/roveyayinevi.com.tr\/index.php\/wp-json\/wp\/v2\/product_cat?post=703469"},{"taxonomy":"product_tag","embeddable":true,"href":"https:\/\/roveyayinevi.com.tr\/index.php\/wp-json\/wp\/v2\/product_tag?post=703469"}],"curies":[{"name":"wp","href":"https:\/\/api.w.org\/{rel}","templated":true}]}}