{"id":703466,"date":"2025-08-27T15:26:14","date_gmt":"2025-08-27T12:26:14","guid":{"rendered":"https:\/\/roveyayinevi.com.tr\/index.php\/urun\/edebiyatta-ve-felsefede-varoluscular-ve-mistikler\/"},"modified":"2026-04-16T02:12:37","modified_gmt":"2026-04-15T23:12:37","slug":"edebiyatta-ve-felsefede-varoluscular-ve-mistikler","status":"publish","type":"product","link":"https:\/\/roveyayinevi.com.tr\/index.php\/urun\/edebiyatta-ve-felsefede-varoluscular-ve-mistikler\/","title":{"rendered":"Edebiyatta ve Felsefede Varolu\u015f\u00e7ular ve Mistikler"},"content":{"rendered":"<p>\u201c&#8230;D\u00fc\u015f\u00fcn\u00fcr ile \u015fair, \u2018ger\u00e7ek\u2019 ile \u2018kurgu\u2019 aras\u0131nda s\u00fcregiden, Platon\u2019un ba\u015flatarak yeni bir ufuk a\u00e7t\u0131\u011f\u0131 arketipik tart\u0131\u015fmada taraf tutmak m\u0131d\u0131r bu? Platon\u2019un, insanlar\u0131n kentinde \u0130yi\u2019nin ahlaki ve siyasal otoritesini bozmas\u0131nlar diye, \u2018yalanc\u0131lar\u2019\u0131 ve pandomimcileri s\u00fcrg\u00fcn etme karar\u0131n\u0131 ge\u00e7ersiz k\u0131lmak m\u0131d\u0131r? Iris Murdoch\u2019\u0131n yap\u0131tlar\u0131n\u0131n ve sanki onun ki\u015fili\u011finin de merkezinde, Platon\u2019un s\u00fcrg\u00fcnc\u00fcl\u00fc\u011f\u00fc ve bunun epistemolojik olarak ima etti\u011fi \u015feyler vard\u0131r hep. Bunlar onun romanlar\u0131n\u0131 ve felsefesini zindele\u015ftirir\u2026 \ufffcTan\u0131t\u0131m Metni<\/p>\n","protected":false},"excerpt":{"rendered":"<p>\u201c&#8230;D\u00fc\u015f\u00fcn\u00fcr ile \u015fair, \u2018ger\u00e7ek\u2019 ile \u2018kurgu\u2019 aras\u0131nda s\u00fcregiden, Platon\u2019un ba\u015flatarak yeni bir ufuk a\u00e7t\u0131\u011f\u0131 arketipik tart\u0131\u015fmada taraf tutmak m\u0131d\u0131r bu? Platon\u2019un, insanlar\u0131n kentinde \u0130yi\u2019nin ahlaki ve<span class=\"excerpt-hellip\"> [\u2026]<\/span><\/p>\n","protected":false},"featured_media":0,"template":"","meta":{"_monsterinsights_skip_tracking":false,"_monsterinsights_sitenote_active":false,"_monsterinsights_sitenote_note":"","_monsterinsights_sitenote_category":0},"product_brand":[],"product_cat":[13548,12408],"product_tag":[],"class_list":{"0":"post-703466","1":"product","2":"type-product","3":"status-publish","5":"product_cat-kuram","6":"product_cat-sanat","7":"pa_cilt-ciltsiz","8":"pa_tur-kitap","9":"pa_yayinevi-ayrinti-yayinlari","10":"pa_yazar-iris-murdoch","12":"first","13":"instock","14":"sale","15":"shipping-taxable","16":"purchasable","17":"product-type-simple"},"_links":{"self":[{"href":"https:\/\/roveyayinevi.com.tr\/index.php\/wp-json\/wp\/v2\/product\/703466","targetHints":{"allow":["GET"]}}],"collection":[{"href":"https:\/\/roveyayinevi.com.tr\/index.php\/wp-json\/wp\/v2\/product"}],"about":[{"href":"https:\/\/roveyayinevi.com.tr\/index.php\/wp-json\/wp\/v2\/types\/product"}],"wp:attachment":[{"href":"https:\/\/roveyayinevi.com.tr\/index.php\/wp-json\/wp\/v2\/media?parent=703466"}],"wp:term":[{"taxonomy":"product_brand","embeddable":true,"href":"https:\/\/roveyayinevi.com.tr\/index.php\/wp-json\/wp\/v2\/product_brand?post=703466"},{"taxonomy":"product_cat","embeddable":true,"href":"https:\/\/roveyayinevi.com.tr\/index.php\/wp-json\/wp\/v2\/product_cat?post=703466"},{"taxonomy":"product_tag","embeddable":true,"href":"https:\/\/roveyayinevi.com.tr\/index.php\/wp-json\/wp\/v2\/product_tag?post=703466"}],"curies":[{"name":"wp","href":"https:\/\/api.w.org\/{rel}","templated":true}]}}