{"id":703458,"date":"2025-08-27T15:26:10","date_gmt":"2025-08-27T12:26:10","guid":{"rendered":"https:\/\/roveyayinevi.com.tr\/index.php\/urun\/kirilgan\/"},"modified":"2026-04-16T02:12:37","modified_gmt":"2026-04-15T23:12:37","slug":"kirilgan","status":"publish","type":"product","link":"https:\/\/roveyayinevi.com.tr\/index.php\/urun\/kirilgan\/","title":{"rendered":"K\u0131r\u0131lgan"},"content":{"rendered":"<p>Sonsuza kadar susamazs\u0131n&#8230;K\u00fc\u00e7\u00fck bir kasaba olan Hollows\u2019da herkes birbirini \u00e7ocuklu\u011fundan beri tan\u0131r. Orada her \u015fey sakin ve g\u00fcven vericidir. Ama bir gece, asi bir gen\u00e7 k\u0131z olan Charlene evine d\u00f6nmedi\u011finde, kimse olabileceklerle y\u00fczle\u015fmeye haz\u0131r de\u011fildir. Ba\u015fkomiser olan kocas\u0131 Jones, o\u011fullar\u0131 Ricky\u2019den \u015f\u00fcphelendi\u011finde Maggie ne yapaca\u011f\u0131n\u0131 bilemez. Kocas\u0131n\u0131 avutmak i\u00e7in Ricky\u2019nin simsiyah giysileri ve d\u00f6vmesine ra\u011fmen tam anlam\u0131yla onun o\u011flu oldu\u011funu s\u00f6yledi\u011finde ise bunun Jones\u2019un en b\u00fcy\u00fck korkusu oldu\u011funu fark eder. Kocas\u0131n\u0131n ondan saklad\u0131\u011f\u0131 s\u0131r nedir? Kocas\u0131n\u0131 ger\u00e7ekten tan\u0131yor mudur? Yirmi y\u0131l \u00f6nce ayn\u0131 yerde ka\u00e7\u0131r\u0131lan k\u0131zla ilgili s\u0131r perdesi Maggie\u2019nin hayat\u0131nda g\u00fczel olan her \u015feyi tehdit etmeye ba\u015flar. Kasabadaki \u00e7o\u011fu ki\u015finin tersini dilemesine ra\u011fmen Maggie d\u00fcnyas\u0131 yalanlarla alt\u00fcst olmadan \u00f6nce ger\u00e7e\u011fi ortaya \u00e7\u0131karacakt\u0131r.\u201cSize t\u0131rnaklar\u0131n\u0131z\u0131 yedirtecek incelikli bir polisiye.\u201d- People\u201cBa\u011f\u0131ml\u0131l\u0131k yaratacak bir okuma deneyimi.\u201d- New York Daily News\u201cK\u0131r\u0131lgan okuruna insan\u0131n k\u0131r\u0131lganl\u0131\u011f\u0131na dair psikolojik bir polisiye sunuyor ve iyi bir ailenin sevgisi ve sa\u011flad\u0131\u011f\u0131 g\u00fcven i\u00e7in minnet duyman\u0131z\u0131 sa\u011fl\u0131yor.\u201d- San Francisco Book Review\u201cLisa Unger bir kez daha, son sayfay\u0131 \u00e7evirdikten uzun s\u00fcre sonra bile d\u00fc\u015f\u00fcncelerinizde yank\u0131s\u0131n\u0131 duyaca\u011f\u0131n\u0131z, ilgi \u00e7ekici bir \u00f6yk\u00fc yaratmay\u0131 ba\u015farm\u0131\u015f.\u201d- Crimespree Magazine\u201cG\u00f6n\u00fcl rahatl\u0131\u011f\u0131yla s\u00f6yleyebiliriz ki, yer yer \u015fiirsel, kalp k\u0131r\u0131c\u0131 ve tamam\u0131yla gerilim y\u00fckl\u00fc olan bu kitap bu y\u0131l\u0131n en iyi kitab\u0131.\u201d- New Mystery Reader\u201c\u00c7ok satan kitaplara imza atan Unger\u2019\u0131n insani duygular\u0131n \u00e7e\u015fitlili\u011fine ula\u015fmada nadir rastlanan bir yetene\u011fi var ve bu merak uyand\u0131r\u0131c\u0131 hikayede bu yetene\u011fini fazlas\u0131yla kullan\u0131yor.\u201d- Bookreporter.com\u201cAile hayat\u0131n\u0131 merkeze alan gerilimler Unger\u2019\u0131n uzmanl\u0131k alan\u0131. Bu sefer gerilime, insan\u0131n i\u00e7ine i\u015fleyen trajik bir \u00f6yk\u00fc de ekleniyor.\u201d- Associated Press\u201cLisa Unger k\u00fc\u00e7\u00fck kasaba hayat\u0131n\u0131n klostrofobisini, aile i\u00e7i dengelerin i\u015flevsizli\u011fini ve insanlar\u0131n ruhlar\u0131n\u0131 ele ge\u00e7iren karanl\u0131k s\u0131rlar\u0131 betimlemeyi ustal\u0131kla ba\u015far\u0131yor.\u201d- Mystery Science<\/p>\n","protected":false},"excerpt":{"rendered":"<p>Sonsuza kadar susamazs\u0131n&#8230;K\u00fc\u00e7\u00fck bir kasaba olan Hollows\u2019da herkes birbirini \u00e7ocuklu\u011fundan beri tan\u0131r. Orada her \u015fey sakin ve g\u00fcven vericidir. Ama bir gece, asi bir gen\u00e7 k\u0131z<span class=\"excerpt-hellip\"> [\u2026]<\/span><\/p>\n","protected":false},"featured_media":0,"template":"","meta":{"_monsterinsights_skip_tracking":false,"_monsterinsights_sitenote_active":false,"_monsterinsights_sitenote_note":"","_monsterinsights_sitenote_category":0},"product_brand":[],"product_cat":[12291,12711],"product_tag":[],"class_list":{"0":"post-703458","1":"product","2":"type-product","3":"status-publish","5":"product_cat-edebiyat","6":"product_cat-roman-oyku","7":"pa_cilt-ciltsiz","8":"pa_tur-kitap","9":"pa_yayinevi-pegasus-yayinlari","10":"pa_yazar-lisa-unger","12":"first","13":"instock","14":"sale","15":"shipping-taxable","16":"purchasable","17":"product-type-simple"},"_links":{"self":[{"href":"https:\/\/roveyayinevi.com.tr\/index.php\/wp-json\/wp\/v2\/product\/703458","targetHints":{"allow":["GET"]}}],"collection":[{"href":"https:\/\/roveyayinevi.com.tr\/index.php\/wp-json\/wp\/v2\/product"}],"about":[{"href":"https:\/\/roveyayinevi.com.tr\/index.php\/wp-json\/wp\/v2\/types\/product"}],"wp:attachment":[{"href":"https:\/\/roveyayinevi.com.tr\/index.php\/wp-json\/wp\/v2\/media?parent=703458"}],"wp:term":[{"taxonomy":"product_brand","embeddable":true,"href":"https:\/\/roveyayinevi.com.tr\/index.php\/wp-json\/wp\/v2\/product_brand?post=703458"},{"taxonomy":"product_cat","embeddable":true,"href":"https:\/\/roveyayinevi.com.tr\/index.php\/wp-json\/wp\/v2\/product_cat?post=703458"},{"taxonomy":"product_tag","embeddable":true,"href":"https:\/\/roveyayinevi.com.tr\/index.php\/wp-json\/wp\/v2\/product_tag?post=703458"}],"curies":[{"name":"wp","href":"https:\/\/api.w.org\/{rel}","templated":true}]}}