{"id":703457,"date":"2025-08-27T15:26:10","date_gmt":"2025-08-27T12:26:10","guid":{"rendered":"https:\/\/roveyayinevi.com.tr\/index.php\/urun\/uc-usta-balzac-dickens-dostoyevski\/"},"modified":"2026-04-16T02:12:37","modified_gmt":"2026-04-15T23:12:37","slug":"uc-usta-balzac-dickens-dostoyevski","status":"publish","type":"product","link":"https:\/\/roveyayinevi.com.tr\/index.php\/urun\/uc-usta-balzac-dickens-dostoyevski\/","title":{"rendered":"\u00dc\u00e7 Usta: Balzac, Dickens, Dostoyevski"},"content":{"rendered":"<p>B\u00fct\u00fcn Sanatlar Yaratmak \u0130\u00e7in, \u0130tiici G\u00fc\u00e7 olarak Husursuzlu\u011fa \u0130htiya\u00e7 Duyar <\/p>\n","protected":false},"excerpt":{"rendered":"<p>B\u00fct\u00fcn Sanatlar Yaratmak \u0130\u00e7in, \u0130tiici G\u00fc\u00e7 olarak Husursuzlu\u011fa \u0130htiya\u00e7 Duyar<\/p>\n","protected":false},"featured_media":0,"template":"","meta":{"_monsterinsights_skip_tracking":false,"_monsterinsights_sitenote_active":false,"_monsterinsights_sitenote_note":"","_monsterinsights_sitenote_category":0},"product_brand":[],"product_cat":[12782,12291],"product_tag":[],"class_list":{"0":"post-703457","1":"product","2":"type-product","3":"status-publish","5":"product_cat-alman-edebiyati","6":"product_cat-edebiyat","7":"pa_cilt-ciltsiz","8":"pa_tur-kitap","9":"pa_yayinevi-can-yayinlari","10":"pa_yazar-stefan-zweig","12":"first","13":"instock","14":"sale","15":"shipping-taxable","16":"purchasable","17":"product-type-simple"},"_links":{"self":[{"href":"https:\/\/roveyayinevi.com.tr\/index.php\/wp-json\/wp\/v2\/product\/703457","targetHints":{"allow":["GET"]}}],"collection":[{"href":"https:\/\/roveyayinevi.com.tr\/index.php\/wp-json\/wp\/v2\/product"}],"about":[{"href":"https:\/\/roveyayinevi.com.tr\/index.php\/wp-json\/wp\/v2\/types\/product"}],"wp:attachment":[{"href":"https:\/\/roveyayinevi.com.tr\/index.php\/wp-json\/wp\/v2\/media?parent=703457"}],"wp:term":[{"taxonomy":"product_brand","embeddable":true,"href":"https:\/\/roveyayinevi.com.tr\/index.php\/wp-json\/wp\/v2\/product_brand?post=703457"},{"taxonomy":"product_cat","embeddable":true,"href":"https:\/\/roveyayinevi.com.tr\/index.php\/wp-json\/wp\/v2\/product_cat?post=703457"},{"taxonomy":"product_tag","embeddable":true,"href":"https:\/\/roveyayinevi.com.tr\/index.php\/wp-json\/wp\/v2\/product_tag?post=703457"}],"curies":[{"name":"wp","href":"https:\/\/api.w.org\/{rel}","templated":true}]}}