{"id":703456,"date":"2025-08-27T15:26:10","date_gmt":"2025-08-27T12:26:10","guid":{"rendered":"https:\/\/roveyayinevi.com.tr\/index.php\/urun\/bedrufinin-nefesi\/"},"modified":"2026-04-16T02:12:37","modified_gmt":"2026-04-15T23:12:37","slug":"bedrufinin-nefesi","status":"publish","type":"product","link":"https:\/\/roveyayinevi.com.tr\/index.php\/urun\/bedrufinin-nefesi\/","title":{"rendered":"Bedrufi\u2019nin Nefesi"},"content":{"rendered":"<p>Hayat belki de gecikmi\u015f kar\u015f\u0131la\u015fmalar\u0131n b\u00fcy\u00fcs\u00fc \u00fczerine kuruludur. Bazen hi\u00e7 tan\u0131mad\u0131\u011f\u0131n\u0131z bir ses, bir kelime, beklentinin olmad\u0131\u011f\u0131, umutsuzluklar\u0131n derinle\u015fti\u011fi yerlerde \u00e7\u0131kar kar\u015f\u0131n\u0131za, de\u011fi\u015fik alanlara g\u00f6t\u00fcr\u00fcr sizi. Bazen y\u0131llarca sakland\u0131\u011f\u0131 bir kitab\u0131n i\u00e7inden her \u015feyini kaybetmi\u015f bir kahraman olarak ortaya \u00e7\u0131kar; bazen de bir akordeon ve keman e\u015fli\u011finde bir \u015fark\u0131 oluverir. B\u00fct\u00fcn mesele size ne diyece\u011fi ya da ne sunaca\u011f\u0131d\u0131r. Tabii sizin onu nas\u0131l kar\u015f\u0131layaca\u011f\u0131n\u0131z da \u00f6nemlidir. <\/p>\n","protected":false},"excerpt":{"rendered":"<p>Hayat belki de gecikmi\u015f kar\u015f\u0131la\u015fmalar\u0131n b\u00fcy\u00fcs\u00fc \u00fczerine kuruludur. Bazen hi\u00e7 tan\u0131mad\u0131\u011f\u0131n\u0131z bir ses, bir kelime, beklentinin olmad\u0131\u011f\u0131, umutsuzluklar\u0131n derinle\u015fti\u011fi yerlerde \u00e7\u0131kar kar\u015f\u0131n\u0131za, de\u011fi\u015fik alanlara g\u00f6t\u00fcr\u00fcr sizi.<span class=\"excerpt-hellip\"> [\u2026]<\/span><\/p>\n","protected":false},"featured_media":0,"template":"","meta":{"_monsterinsights_skip_tracking":false,"_monsterinsights_sitenote_active":false,"_monsterinsights_sitenote_note":"","_monsterinsights_sitenote_category":0},"product_brand":[],"product_cat":[12291,12292],"product_tag":[],"class_list":{"0":"post-703456","1":"product","2":"type-product","3":"status-publish","5":"product_cat-edebiyat","6":"product_cat-turk-edebiyati","7":"pa_tur-kitap","8":"pa_yayinevi-sel-yayincilik","9":"pa_yazar-mehmet-gureli","11":"first","12":"instock","13":"sale","14":"shipping-taxable","15":"purchasable","16":"product-type-simple"},"_links":{"self":[{"href":"https:\/\/roveyayinevi.com.tr\/index.php\/wp-json\/wp\/v2\/product\/703456","targetHints":{"allow":["GET"]}}],"collection":[{"href":"https:\/\/roveyayinevi.com.tr\/index.php\/wp-json\/wp\/v2\/product"}],"about":[{"href":"https:\/\/roveyayinevi.com.tr\/index.php\/wp-json\/wp\/v2\/types\/product"}],"wp:attachment":[{"href":"https:\/\/roveyayinevi.com.tr\/index.php\/wp-json\/wp\/v2\/media?parent=703456"}],"wp:term":[{"taxonomy":"product_brand","embeddable":true,"href":"https:\/\/roveyayinevi.com.tr\/index.php\/wp-json\/wp\/v2\/product_brand?post=703456"},{"taxonomy":"product_cat","embeddable":true,"href":"https:\/\/roveyayinevi.com.tr\/index.php\/wp-json\/wp\/v2\/product_cat?post=703456"},{"taxonomy":"product_tag","embeddable":true,"href":"https:\/\/roveyayinevi.com.tr\/index.php\/wp-json\/wp\/v2\/product_tag?post=703456"}],"curies":[{"name":"wp","href":"https:\/\/api.w.org\/{rel}","templated":true}]}}